{"id":1146,"date":"2020-07-02T15:48:45","date_gmt":"2020-07-02T13:48:45","guid":{"rendered":"https:\/\/csf.ensma.fr\/?page_id=1146"},"modified":"2022-09-13T10:07:21","modified_gmt":"2022-09-13T08:07:21","slug":"presentation-de-lassociation-2","status":"publish","type":"page","link":"https:\/\/csf.ensma.fr\/?page_id=1146","title":{"rendered":"Pr\u00e9sentation de l&#8217;association"},"content":{"rendered":"<p><span style=\"font-weight: 400;\"><img decoding=\"async\" loading=\"lazy\" class=\"alignnone wp-image-1162 size-full\" src=\"https:\/\/csf.ensma.fr\/wp-content\/uploads\/2020\/07\/71701486_537102833774354_6124689240304386048_n.jpg\" alt=\"\" width=\"720\" height=\"405\" srcset=\"https:\/\/csf.ensma.fr\/wp-content\/uploads\/2020\/07\/71701486_537102833774354_6124689240304386048_n.jpg 720w, https:\/\/csf.ensma.fr\/wp-content\/uploads\/2020\/07\/71701486_537102833774354_6124689240304386048_n-300x169.jpg 300w\" sizes=\"(max-width: 720px) 100vw, 720px\" \/><\/span><\/p>\n<p><span style=\"font-weight: 400;\">Nous traversons une p\u00e9riode pendant laquelle la question de notre impact sur le climat est omnipr\u00e9sente. Le r\u00e9chauffement climatique fait consensus dans les sph\u00e8res scientifiques et ses cons\u00e9quences sont aujourd\u2019hui bien connues. Les transports, l\u2019\u00e9levage, la d\u00e9forestation, la gestion des d\u00e9chets, l\u2019\u00e9nergie ; les causes anthropiques de ce changement climatique sont nombreuses et les cons\u00e9quences le sont davantage : hausse des \u00e9missions de gaz \u00e0 effet de serre, de la temp\u00e9rature terrestre, du niveau de la mer, fonte des glaces, diminution de la biodiversit\u00e9\u2026<\/span><\/p>\n<p><span style=\"font-weight: 400;\">Il est temps de r\u00e9agir \u00e0 ce probl\u00e8me si nous voulons pr\u00e9server un environnement propice aux futures g\u00e9n\u00e9rations, voire \u00e0 nous-m\u00eame.<\/span><\/p>\n<h2><strong>Qu\u2019est-ce que UrgENScliMA ?<\/strong><\/h2>\n<p>\u00a0<\/p>\n<h2><span style=\"font-weight: 400;\"><img decoding=\"async\" loading=\"lazy\" class=\"wp-image-1185 size-medium alignleft\" src=\"https:\/\/csf.ensma.fr\/wp-content\/uploads\/2020\/07\/Logo-UrgENScliMA-1-300x289.jpg\" alt=\"\" width=\"300\" height=\"289\" srcset=\"https:\/\/csf.ensma.fr\/wp-content\/uploads\/2020\/07\/Logo-UrgENScliMA-1-300x289.jpg 300w, https:\/\/csf.ensma.fr\/wp-content\/uploads\/2020\/07\/Logo-UrgENScliMA-1.jpg 598w\" sizes=\"(max-width: 300px) 100vw, 300px\" \/><\/span><\/h2>\n\n\n<p>Suite \u00e0 une forte participation de l\u2019\u00e9cole au manifeste \u00e9tudiant pour un r\u00e9veil \u00e9cologique, des professeurs du Groupe de R\u00e9flexion sur le D\u00e9veloppement Durable (GR2D) et des \u00e9l\u00e8ves des 3 promotions de l\u2019ENSMA se sont rassembl\u00e9s en 2019 pour cr\u00e9er un groupe commun d\u2019action : urgENScliMA.<\/p>\n\n\n\n<p>Il regroupe les \u00e9tudiants et professeurs se sentant concern\u00e9s par la crise climatique actuelle. Il est parfois difficile pour un futur ing\u00e9nieur de se projeter dans ce contexte et c&#8217;est pour transformer ces interrogations en actions que ce groupe a vu le jour. Nous souhaitons \u00e9changer nos connaissances sur diff\u00e9rents sujets li\u00e9s \u00e0 l&#8217;urgence climatique, d\u00e9mystifier certaines id\u00e9es pr\u00e9con\u00e7ues et partager nos sentiments face \u00e0 toutes les informations qui nous assaillent quotidiennement : l&#8217;\u00e9nergie, les technologies vertes, la d\u00e9croissance et bien d\u2019autres.<\/p>\n\n\n\n<p>Nos objectifs sont d\u2019\u00e9clairer et de sensibiliser les \u00e9tudiants aux enjeux environnementaux ainsi que de d\u00e9battre sur le r\u00f4le de l\u2019ing\u00e9nieur dans la transition \u00e9nerg\u00e9tique.<\/p>\n\n\n\n<p>Dans le cadre de cette th\u00e9matique, nous organisons des projets divers : semaine de sensibilisation au sein du campus, mise en place d\u2019un compost et d\u2019un potager \u00e0 proximit\u00e9 des r\u00e9sidences \u00e9tudiantes, action de nettoyage d\u2019un lieu pollu\u00e9 etc.<\/p>\n\n\n<h2><strong>Qui sommes-nous ?<\/strong><\/h2>\n<p><span style=\"font-weight: 400;\">\u00c9l\u00e8ves engag\u00e9s et motiv\u00e9s, voici l\u2019\u00e9quipe 2022 \/ 2023 de UrgENScliMA !<\/span><\/p>\n<div class=\"tmm tmm_urgensclima-2022-2023\"><div class=\"tmm_3_columns tmm_wrap tmm_plugin_f\"><span class=\"tmm_two_containers_tablet\"><\/span><div class=\"tmm_container\"><div class=\"tmm_member\" style=\"border-top:#333333 solid 5px;\"><div class=\"tmm_photo tmm_pic_urgensclima-2022-2023_0\" style=\"background: url(https:\/\/csf.ensma.fr\/wp-content\/uploads\/2022\/08\/299041449_605015951139821_1738692652980730109_n.jpg); margin-left: auto; margin-right:auto; background-size:cover !important;\"><\/div><div class=\"tmm_textblock\"><div class=\"tmm_names\"><span class=\"tmm_fname\">Titouan<\/span> <span class=\"tmm_lname\">Cougoulic<\/span><\/div><div class=\"tmm_job\">Pr\u00e9sident<\/div><div class=\"tmm_scblock\"><\/div><\/div><\/div><div class=\"tmm_member\" style=\"border-top:#333333 solid 5px;\"><div class=\"tmm_photo tmm_pic_urgensclima-2022-2023_1\" style=\"background: url(https:\/\/csf.ensma.fr\/wp-content\/uploads\/2022\/08\/299438064_3271953286349617_1734060861487754366_n-e1660650959705.jpg); margin-left: auto; margin-right:auto; background-size:cover !important;\"><\/div><div class=\"tmm_textblock\"><div class=\"tmm_names\"><span class=\"tmm_fname\">Bastien <\/span> <span class=\"tmm_lname\">Quessart<\/span><\/div><div class=\"tmm_job\">Pr\u00e9sident<\/div><div class=\"tmm_scblock\"><\/div><\/div><\/div><span class=\"tmm_two_containers_tablet\"><\/span><div class=\"tmm_member\" style=\"border-top:#333333 solid 5px;\"><div class=\"tmm_photo tmm_pic_urgensclima-2022-2023_2\" style=\"background: url(https:\/\/csf.ensma.fr\/wp-content\/uploads\/2022\/08\/299103475_467383798588053_8235689442621392879_n.jpg); margin-left: auto; margin-right:auto; background-size:cover !important;\"><\/div><div class=\"tmm_textblock\"><div class=\"tmm_names\"><span class=\"tmm_fname\">Fiona<\/span> <span class=\"tmm_lname\">Gu\u00e9rin<\/span><\/div><div class=\"tmm_job\">Tr\u00e9sori\u00e8re<\/div><div class=\"tmm_scblock\"><\/div><\/div><\/div><\/div><span class=\"tmm_columns_containers_desktop\"><\/span><div class=\"tmm_container\"><div class=\"tmm_member\" style=\"border-top:#333333 solid 5px;\"><div class=\"tmm_photo tmm_pic_urgensclima-2022-2023_3\" style=\"background: url(https:\/\/csf.ensma.fr\/wp-content\/uploads\/2022\/08\/298750778_476164293958738_4719892524112202640_n-e1660651055231.jpg); margin-left: auto; margin-right:auto; background-size:cover !important;\"><\/div><div class=\"tmm_textblock\"><div class=\"tmm_names\"><span class=\"tmm_fname\">Antoine<\/span> <span class=\"tmm_lname\">Polliand<\/span><\/div><div class=\"tmm_job\">Vice-Tr\u00e9sorier<\/div><div class=\"tmm_scblock\"><\/div><\/div><\/div><span class=\"tmm_two_containers_tablet\"><\/span><div class=\"tmm_member\" style=\"border-top:#333333 solid 5px;\"><div class=\"tmm_photo tmm_pic_urgensclima-2022-2023_4\" style=\"background: url(https:\/\/csf.ensma.fr\/wp-content\/uploads\/2022\/08\/299748918_475771187706524_3360879864910627576_n.jpg); margin-left: auto; margin-right:auto; background-size:cover !important;\"><\/div><div class=\"tmm_textblock\"><div class=\"tmm_names\"><span class=\"tmm_fname\">Maxime<\/span> <span class=\"tmm_lname\">Fauchez<\/span><\/div><div class=\"tmm_job\">Secr\u00e9taire<\/div><div class=\"tmm_scblock\"><\/div><\/div><\/div><div class=\"tmm_member\" style=\"border-top:#333333 solid 5px;\"><div class=\"tmm_photo tmm_pic_urgensclima-2022-2023_5\" style=\"background: url(https:\/\/csf.ensma.fr\/wp-content\/uploads\/2022\/08\/telecharger-_1_-e1660651326899.png); margin-left: auto; margin-right:auto; background-size:cover !important;\"><\/div><div class=\"tmm_textblock\"><div class=\"tmm_names\"><span class=\"tmm_fname\">Camille<\/span> <span class=\"tmm_lname\">Sudeix<\/span><\/div><div class=\"tmm_job\">Vice-Secr\u00e9taire<\/div><div class=\"tmm_scblock\"><\/div><\/div><\/div><div style=\"clear:both;\"><\/div><\/div><\/div><\/div>\n\n\n<h2 class=\"wp-block-heading\"><strong>Suivre nos actions<\/strong><\/h2>\n\n\n\n<p>Vous nous retrouverez de temps en temps sur le site du CSF, alors ne loupez pas les nouveaux articles !<\/p>\n\n\n\n<p>N\u2019h\u00e9sitez pas \u00e0 passer aussi sur <a href=\"https:\/\/www.facebook.com\/urgensclima\/?ref=br_rs\" target=\"_blank\" aria-label=\"undefined (s\u2019ouvre dans un nouvel onglet)\" rel=\"noreferrer noopener\">notre page Facebook <\/a>pour suivre nos actions !&nbsp;<\/p>\n\n\n\n<p>Pour toute demande d\u2019information, envoyez nous un mail, nous aurons plaisir \u00e0 vous r\u00e9pondre : urgensclima@gmail.com<\/p>\n\n\n\n<p><strong>Rejoignez nous !<\/strong><\/p>\n\n\n\n<ul class=\"wp-block-social-links is-layout-flex\"><li class=\"wp-social-link wp-social-link-facebook wp-block-social-link\"><a href=\"https:\/\/www.facebook.com\/urgensclima\/?ref=br_rs\" class=\"wp-block-social-link-anchor\"><svg width=\"24\" height=\"24\" viewBox=\"0 0 24 24\" version=\"1.1\" xmlns=\"http:\/\/www.w3.org\/2000\/svg\" aria-hidden=\"true\" focusable=\"false\"><path d=\"M12 2C6.5 2 2 6.5 2 12c0 5 3.7 9.1 8.4 9.9v-7H7.9V12h2.5V9.8c0-2.5 1.5-3.9 3.8-3.9 1.1 0 2.2.2 2.2.2v2.5h-1.3c-1.2 0-1.6.8-1.6 1.6V12h2.8l-.4 2.9h-2.3v7C18.3 21.1 22 17 22 12c0-5.5-4.5-10-10-10z\"><\/path><\/svg><span class=\"wp-block-social-link-label screen-reader-text\">Facebook<\/span><\/a><\/li>\n\n<li class=\"wp-social-link wp-social-link-mail wp-block-social-link\"><a href=\"mailto:urgensclima@gmail.com\" class=\"wp-block-social-link-anchor\"><svg width=\"24\" height=\"24\" viewBox=\"0 0 24 24\" version=\"1.1\" xmlns=\"http:\/\/www.w3.org\/2000\/svg\" aria-hidden=\"true\" focusable=\"false\"><path d=\"M20,4H4C2.895,4,2,4.895,2,6v12c0,1.105,0.895,2,2,2h16c1.105,0,2-0.895,2-2V6C22,4.895,21.105,4,20,4z M20,8.236l-8,4.882 L4,8.236V6h16V8.236z\"><\/path><\/svg><span class=\"wp-block-social-link-label screen-reader-text\">Mail<\/span><\/a><\/li><\/ul>\n","protected":false},"excerpt":{"rendered":"<p>Nous traversons une p\u00e9riode pendant laquelle la question de notre impact sur le climat est omnipr\u00e9sente. Le r\u00e9chauffement climatique fait consensus dans les sph\u00e8res scientifiques et ses cons\u00e9quences sont aujourd\u2019hui bien connues. Les transports, l\u2019\u00e9levage, la d\u00e9forestation, la gestion des <a class=\"more-link\" href=\"https:\/\/csf.ensma.fr\/?tmm=urgensclima-2022-2023\">En savoir plus&#8230;<\/a><\/p>\n","protected":false},"author":1,"featured_media":0,"parent":0,"menu_order":0,"comment_status":"open","ping_status":"closed","template":"","meta":{"_mi_skip_tracking":false,"_monsterinsights_sitenote_active":false,"_monsterinsights_sitenote_note":"","_monsterinsights_sitenote_category":0},"aioseo_notices":[],"_links":{"self":[{"href":"https:\/\/csf.ensma.fr\/index.php?rest_route=\/wp\/v2\/pages\/1146"}],"collection":[{"href":"https:\/\/csf.ensma.fr\/index.php?rest_route=\/wp\/v2\/pages"}],"about":[{"href":"https:\/\/csf.ensma.fr\/index.php?rest_route=\/wp\/v2\/types\/page"}],"author":[{"embeddable":true,"href":"https:\/\/csf.ensma.fr\/index.php?rest_route=\/wp\/v2\/users\/1"}],"replies":[{"embeddable":true,"href":"https:\/\/csf.ensma.fr\/index.php?rest_route=%2Fwp%2Fv2%2Fcomments&post=1146"}],"version-history":[{"count":25,"href":"https:\/\/csf.ensma.fr\/index.php?rest_route=\/wp\/v2\/pages\/1146\/revisions"}],"predecessor-version":[{"id":2028,"href":"https:\/\/csf.ensma.fr\/index.php?rest_route=\/wp\/v2\/pages\/1146\/revisions\/2028"}],"wp:attachment":[{"href":"https:\/\/csf.ensma.fr\/index.php?rest_route=%2Fwp%2Fv2%2Fmedia&parent=1146"}],"curies":[{"name":"wp","href":"https:\/\/api.w.org\/{rel}","templated":true}]}}