{"id":1461,"date":"2020-08-21T23:26:15","date_gmt":"2020-08-21T21:26:15","guid":{"rendered":"https:\/\/csf.ensma.fr\/?page_id=1461"},"modified":"2020-08-22T00:26:46","modified_gmt":"2020-08-21T22:26:46","slug":"un-hopital-pour-enfants","status":"publish","type":"page","link":"https:\/\/csf.ensma.fr\/?page_id=1461","title":{"rendered":"Un H\u00f4pital Pour les Enfants"},"content":{"rendered":"\n<div class=\"wp-block-image\"><figure class=\"alignright size-large\"><img decoding=\"async\" loading=\"lazy\" width=\"200\" height=\"262\" src=\"https:\/\/csf.ensma.fr\/wp-content\/uploads\/2020\/08\/logo_uhpe.jpg\" alt=\"\" class=\"wp-image-1462\"\/><\/figure><\/div>\n\n\n\n<p class=\"has-text-align-left\">L&#8217;association Un h\u00f4pital Pour les Enfants a \u00e9t\u00e9 cr\u00e9\u00e9e en 1993. Elle a pour vocation l\u2019am\u00e9lioration des conditions d\u2019accueil et de vie des enfants et adolescents hospitalis\u00e9s. Elle cherche \u00e9galement \u00e0 maintenir un lien social et \u00e0 rompre l\u2019isolement caus\u00e9 par la maladie ou le handicap. Cela se traduit au quotidien par leur offrir des moments de d\u00e9tente et de divertissement. L\u2019association dispose aujourd\u2019hui de locaux au coeur de l\u2019unit\u00e9 p\u00e9diatrique de l\u2019h\u00f4pital. Ceux-ci sont ainsi am\u00e9nag\u00e9s pour offrir aux enfants toutes sortes de distractions et d\u2019accompagnements : lieu de vie pour jeux de soci\u00e9t\u00e9 ou autres, atelier permettant des activit\u00e9s manuelles, zone de jeu vid\u00e9o,&#8230;<\/p>\n\n\n\n<div class=\"wp-block-group\"><div class=\"wp-block-group__inner-container is-layout-flow\">\n<figure class=\"wp-block-gallery aligncenter columns-2 is-cropped wp-block-gallery-1 is-layout-flex\"><ul class=\"blocks-gallery-grid\"><li class=\"blocks-gallery-item\"><figure><img decoding=\"async\" loading=\"lazy\" width=\"1024\" height=\"768\" src=\"https:\/\/csf.ensma.fr\/wp-content\/uploads\/2020\/08\/IMG_3291-1-1024x768.jpg\" alt=\"\" data-id=\"1473\" data-full-url=\"https:\/\/csf.ensma.fr\/wp-content\/uploads\/2020\/08\/IMG_3291-1.jpg\" data-link=\"https:\/\/csf.ensma.fr\/?attachment_id=1473#main\" class=\"wp-image-1473\" srcset=\"https:\/\/csf.ensma.fr\/wp-content\/uploads\/2020\/08\/IMG_3291-1-1024x768.jpg 1024w, https:\/\/csf.ensma.fr\/wp-content\/uploads\/2020\/08\/IMG_3291-1-300x225.jpg 300w, https:\/\/csf.ensma.fr\/wp-content\/uploads\/2020\/08\/IMG_3291-1-768x576.jpg 768w, https:\/\/csf.ensma.fr\/wp-content\/uploads\/2020\/08\/IMG_3291-1-350x263.jpg 350w, https:\/\/csf.ensma.fr\/wp-content\/uploads\/2020\/08\/IMG_3291-1-780x586.jpg 780w, https:\/\/csf.ensma.fr\/wp-content\/uploads\/2020\/08\/IMG_3291-1-250x188.jpg 250w, https:\/\/csf.ensma.fr\/wp-content\/uploads\/2020\/08\/IMG_3291-1.jpg 1125w\" sizes=\"(max-width: 1024px) 100vw, 1024px\" \/><figcaption class=\"blocks-gallery-item__caption\">Salle de jeux<\/figcaption><\/figure><\/li><li class=\"blocks-gallery-item\"><figure><img decoding=\"async\" loading=\"lazy\" width=\"1024\" height=\"768\" src=\"https:\/\/csf.ensma.fr\/wp-content\/uploads\/2020\/08\/IMG_3292-1-1024x768.jpg\" alt=\"\" data-id=\"1474\" data-full-url=\"https:\/\/csf.ensma.fr\/wp-content\/uploads\/2020\/08\/IMG_3292-1.jpg\" data-link=\"https:\/\/csf.ensma.fr\/?attachment_id=1474#main\" class=\"wp-image-1474\" srcset=\"https:\/\/csf.ensma.fr\/wp-content\/uploads\/2020\/08\/IMG_3292-1-1024x768.jpg 1024w, https:\/\/csf.ensma.fr\/wp-content\/uploads\/2020\/08\/IMG_3292-1-300x225.jpg 300w, https:\/\/csf.ensma.fr\/wp-content\/uploads\/2020\/08\/IMG_3292-1-768x576.jpg 768w, https:\/\/csf.ensma.fr\/wp-content\/uploads\/2020\/08\/IMG_3292-1-350x263.jpg 350w, https:\/\/csf.ensma.fr\/wp-content\/uploads\/2020\/08\/IMG_3292-1-780x586.jpg 780w, https:\/\/csf.ensma.fr\/wp-content\/uploads\/2020\/08\/IMG_3292-1-250x188.jpg 250w, https:\/\/csf.ensma.fr\/wp-content\/uploads\/2020\/08\/IMG_3292-1.jpg 1125w\" sizes=\"(max-width: 1024px) 100vw, 1024px\" \/><figcaption class=\"blocks-gallery-item__caption\">Salle d&#8217;activit\u00e9s manuelles<\/figcaption><\/figure><\/li><\/ul><\/figure>\n<\/div><\/div>\n\n\n\n<p>De plus, l\u2019association a d\u00e9velopp\u00e9 de nombreuses mani\u00e8res d\u2019accompagner au mieux les enfants afin d\u2019offrir \u00e0 chacun une possibilit\u00e9 de s\u2019\u00e9vader de son quotidien. En effet, l\u2019association propose des visites et activit\u00e9s en chambre ( pour les enfants ne pouvant sortir ), diff\u00e9rentes animations de type lecture ou musique, ou encore un service de jeux aux urgences p\u00e9diatriques permettant de soulager l\u2019anxi\u00e9t\u00e9 souvent pr\u00e9sente dans ces moments. Depuis peu s\u2019est d\u00e9velopp\u00e9e une \u00e9quipe accompagnant les enfants dans la transition entre la fin de journ\u00e9e et l\u2019heure de coucher. C\u2019est une p\u00e9riode souvent compliqu\u00e9e o\u00f9 l\u2019enfant se retrouve seul avec ses appr\u00e9hensions.<\/p>\n\n\n\n<p>L\u2019association fonctionne gr\u00e2ce \u00e0 8 salari\u00e9s permanents et plus de 70 adh\u00e9rents. Elle s\u2019appuie sur le soutien financier et mat\u00e9riel d\u2019entreprises. Elle travaille enfin en \u00e9troite collaboration avec m\u00e9decins et aide-soignants pour garantir au mieux le bien-\u00eatre des enfants.<\/p>\n\n\n\n<p>C\u2019est une exp\u00e9rience riche \u00e0 laquelle nous avons la chance de participer. Bien que nous leur donnons de notre temps, nous apprenons \u00e9galement \u00e9norm\u00e9ment \u00e0 leur c\u00f4t\u00e9.<\/p>\n\n\n\n<p>Humainement, tout ceci n\u2019a sans doute que peu d\u2019\u00e9quivalent et ne peut \u00eatre d\u00e9crit mais simplement v\u00e9cu. Rien n\u2019est plus gratifiant que de procurer le sourire \u00e0 un enfant qui en a besoin.<\/p>\n","protected":false},"excerpt":{"rendered":"<p>L&#8217;association Un h\u00f4pital Pour les Enfants a \u00e9t\u00e9 cr\u00e9\u00e9e en 1993. Elle a pour vocation l\u2019am\u00e9lioration des conditions d\u2019accueil et de vie des enfants et adolescents hospitalis\u00e9s. Elle cherche \u00e9galement \u00e0 maintenir un lien social et \u00e0 rompre l\u2019isolement caus\u00e9 <a class=\"more-link\" href=\"https:\/\/csf.ensma.fr\/?page_id=1461\">En savoir plus&#8230;<\/a><\/p>\n","protected":false},"author":2,"featured_media":0,"parent":0,"menu_order":0,"comment_status":"closed","ping_status":"closed","template":"","meta":{"_mi_skip_tracking":false,"_monsterinsights_sitenote_active":false,"_monsterinsights_sitenote_note":"","_monsterinsights_sitenote_category":0},"aioseo_notices":[],"_links":{"self":[{"href":"https:\/\/csf.ensma.fr\/index.php?rest_route=\/wp\/v2\/pages\/1461"}],"collection":[{"href":"https:\/\/csf.ensma.fr\/index.php?rest_route=\/wp\/v2\/pages"}],"about":[{"href":"https:\/\/csf.ensma.fr\/index.php?rest_route=\/wp\/v2\/types\/page"}],"author":[{"embeddable":true,"href":"https:\/\/csf.ensma.fr\/index.php?rest_route=\/wp\/v2\/users\/2"}],"replies":[{"embeddable":true,"href":"https:\/\/csf.ensma.fr\/index.php?rest_route=%2Fwp%2Fv2%2Fcomments&post=1461"}],"version-history":[{"count":8,"href":"https:\/\/csf.ensma.fr\/index.php?rest_route=\/wp\/v2\/pages\/1461\/revisions"}],"predecessor-version":[{"id":1477,"href":"https:\/\/csf.ensma.fr\/index.php?rest_route=\/wp\/v2\/pages\/1461\/revisions\/1477"}],"wp:attachment":[{"href":"https:\/\/csf.ensma.fr\/index.php?rest_route=%2Fwp%2Fv2%2Fmedia&parent=1461"}],"curies":[{"name":"wp","href":"https:\/\/api.w.org\/{rel}","templated":true}]}}