{"id":1580,"date":"2020-10-20T23:55:33","date_gmt":"2020-10-20T21:55:33","guid":{"rendered":"https:\/\/csf.ensma.fr\/?page_id=1580"},"modified":"2020-11-12T15:51:22","modified_gmt":"2020-11-12T14:51:22","slug":"recettes","status":"publish","type":"page","link":"https:\/\/csf.ensma.fr\/?page_id=1580","title":{"rendered":"Recettes"},"content":{"rendered":"\n<p>Acheter <a href=\"https:\/\/csf.ensma.fr\/?page_id=78\" data-type=\"URL\" data-id=\"https:\/\/csf.ensma.fr\/?page_id=78\" target=\"_blank\" rel=\"noreferrer noopener\">nos paniers de l\u00e9gumes<\/a> pour soutenir les producteurs locaux, c&#8217;est bien ! Mais savoir les cuisiner, c&#8217;est mieux ! C&#8217;est pourquoi le CSF s&#8217;est associ\u00e9 avec l&#8217;Ensmaterchef, club de cuisine de l&#8217;\u00e9cole pour vous donner des id\u00e9es de repas bons et faciles \u00e0 pr\u00e9parer ! De plus, <a href=\"https:\/\/csf.ensma.fr\/?page_id=1146\" data-type=\"URL\" data-id=\"https:\/\/csf.ensma.fr\/?page_id=1146\" target=\"_blank\" rel=\"noreferrer noopener\">UrgENScliMA<\/a> vous proposera \u00e9galement des repas v\u00e9g\u00e9tariens pour vous aider \u00e0 r\u00e9duire votre consommation de viande. La mention &#8220;repas v\u00e9g\u00e9&#8221; sera alors inscrite dans le titre.<\/p>\n\n\n\n<div class=\"wp-block-group\"><div class=\"wp-block-group__inner-container is-layout-flow\">\n<div class=\"wp-block-image\"><figure class=\"alignleft size-large is-resized\"><img decoding=\"async\" loading=\"lazy\" src=\"https:\/\/csf.ensma.fr\/wp-content\/uploads\/2020\/11\/logo_urgensclima-1.png\" alt=\"\" class=\"wp-image-1736\" width=\"304\" height=\"250\"\/><figcaption>UrgENScliMA<\/figcaption><\/figure><\/div>\n\n\n\n<figure class=\"wp-block-image size-large is-resized\"><img decoding=\"async\" loading=\"lazy\" src=\"https:\/\/csf.ensma.fr\/wp-content\/uploads\/2020\/11\/logo_ensmasterchef-2.jpg\" alt=\"\" class=\"wp-image-1737\" width=\"249\" height=\"249\" srcset=\"https:\/\/csf.ensma.fr\/wp-content\/uploads\/2020\/11\/logo_ensmasterchef-2.jpg 154w, https:\/\/csf.ensma.fr\/wp-content\/uploads\/2020\/11\/logo_ensmasterchef-2-150x150.jpg 150w\" sizes=\"(max-width: 249px) 100vw, 249px\" \/><figcaption>ENSMAster Chef<\/figcaption><\/figure>\n<\/div><\/div>\n\n\n\n<div style=\"height:30px\" aria-hidden=\"true\" class=\"wp-block-spacer\"><\/div>\n\n\n<div\n\t\t\t\n\t\t\tclass=\"so-widget-sow-post-carousel so-widget-sow-post-carousel-base-6a6d2a03392a\"\n\t\t\t\n\t\t>\t<div\n\t\tclass=\"sow-post-carousel-wrapper sow-post-carousel-theme-base\"\n\t\tstyle=\"overflow: hidden; max-width: 100%; min-height: 182px\"\n\t>\n\t\t<div class=\"sow-carousel-title\">\n\t\t\t<div class=\"sow-carousel-navigation \">\n\t\t\t\t\t\t<a href=\"#\" class=\"sow-carousel-next\" title=\"Suivant\" aria-label=\"Next Posts\" role=\"button\"><\/a>\n\t\t\t\t\t\t<a href=\"#\" class=\"sow-carousel-previous\" title=\"Pr\u00e9c\u00e9dent\" aria-label=\"Previous Posts\" role=\"button\"><\/a>\n\t\t\t\t\t<\/div>\n\t<\/div>\n\n<div class=\"sow-carousel-container \">\n\t\t<div class=\"sow-carousel-wrapper\"\n\t\tdata-dir=\"ltr\"\n\t\tstyle=\"opacity: 0;\"\n\t\tdata-widget=\"post\" data-fetching=\"false\" data-page=\"1\" data-ajax-url=\"https:\/\/csf.ensma.fr\/wp-admin\/admin-ajax.php?_widgets_nonce=0f29a17c68\" data-item_count=\"7\" data-carousel_settings=\"{&quot;loop&quot;:true,&quot;animation&quot;:&quot;ease&quot;,&quot;animation_speed&quot;:800,&quot;autoplay&quot;:&quot;&quot;,&quot;pauseOnHover&quot;:&quot;&quot;,&quot;autoplaySpeed&quot;:8000,&quot;item_overflow&quot;:true,&quot;autoplay_continuous_scroll&quot;:false}\" data-responsive=\"{&quot;desktop_slides_to_scroll&quot;:1,&quot;tablet_landscape_breakpoint&quot;:1366,&quot;tablet_landscape_slides_to_scroll&quot;:2,&quot;tablet_portrait_breakpoint&quot;:1025,&quot;tablet_portrait_slides_to_scroll&quot;:2,&quot;mobile_breakpoint&quot;:480,&quot;mobile_slides_to_scroll&quot;:1}\" data-variable_width=\"true\" \t>\n\t\t<div\n\t\t\tclass=\"sow-carousel-items\"\n\t\t\t\t\t>\n\t\t\t\t<div class=\"sow-carousel-item\" tabindex=\"-1\" style=\"float: left;\">\n\t\t<div class=\"sow-carousel-thumbnail\">\n\t\t\t\t\t\t\t<a\n\t\t\t\t\thref=\"https:\/\/csf.ensma.fr\/?p=1785\"\n\t\t\t\t\t\t\t\t\t\tstyle=\"background-image: url( https:\/\/csf.ensma.fr\/wp-content\/uploads\/2020\/11\/logo_ensmasterchef-2.jpg )\"\n\t\t\t\t\taria-labelledby=\"sow-carousel-id-1785\"\n\t\t\t\t\ttabindex=\"-1\"\n\t\t\t\t>\n\t\t\t\t\t<span class=\"overlay\"><\/span>\n\t\t\t\t<\/a>\n\t\t\t\t\t<\/div>\n\t\t<h3 class=\"sow-carousel-item-title\">\n\t\t\t<a\n\t\t\t\thref=\"https:\/\/csf.ensma.fr\/?p=1785\"\n\t\t\t\tid=\"sow-carousel-id-1785\"\n\t\t\t\t\t\t\t\ttabindex=\"-1\"\n\t\t\t>\n\n\t\t\t\tCake au butternut\t\t\t<\/a>\n\t\t<\/h3>\n\t<\/div>\n\t<div class=\"sow-carousel-item\" tabindex=\"-1\" style=\"float: left;\">\n\t\t<div class=\"sow-carousel-thumbnail\">\n\t\t\t\t\t\t\t<a\n\t\t\t\t\thref=\"https:\/\/csf.ensma.fr\/?p=1774\"\n\t\t\t\t\t\t\t\t\t\tstyle=\"background-image: url( https:\/\/csf.ensma.fr\/wp-content\/uploads\/2020\/11\/logo_ensmasterchef-2.jpg )\"\n\t\t\t\t\taria-labelledby=\"sow-carousel-id-1774\"\n\t\t\t\t\ttabindex=\"-1\"\n\t\t\t\t>\n\t\t\t\t\t<span class=\"overlay\"><\/span>\n\t\t\t\t<\/a>\n\t\t\t\t\t<\/div>\n\t\t<h3 class=\"sow-carousel-item-title\">\n\t\t\t<a\n\t\t\t\thref=\"https:\/\/csf.ensma.fr\/?p=1774\"\n\t\t\t\tid=\"sow-carousel-id-1774\"\n\t\t\t\t\t\t\t\ttabindex=\"-1\"\n\t\t\t>\n\n\t\t\t\tCrumble Kaki &#8211; Poire\t\t\t<\/a>\n\t\t<\/h3>\n\t<\/div>\n\t<div class=\"sow-carousel-item\" tabindex=\"-1\" style=\"float: left;\">\n\t\t<div class=\"sow-carousel-thumbnail\">\n\t\t\t\t\t\t\t<a\n\t\t\t\t\thref=\"https:\/\/csf.ensma.fr\/?p=1715\"\n\t\t\t\t\tclass=\"sow-carousel-default-thumbnail\"\n\t\t\t\t\t\t\t\t\t\t\t\t\t\t\taria-labelledby=\"sow-carousel-id-1715\"\n\t\t\t\t\ttabindex=\"-1\"\n\t\t\t\t>\n\t\t\t\t\t<span class=\"overlay\"><\/span>\n\t\t\t\t<\/a>\n\t\t\t\t\t<\/div>\n\t\t<h3 class=\"sow-carousel-item-title\">\n\t\t\t<a\n\t\t\t\thref=\"https:\/\/csf.ensma.fr\/?p=1715\"\n\t\t\t\tid=\"sow-carousel-id-1715\"\n\t\t\t\t\t\t\t\ttabindex=\"-1\"\n\t\t\t>\n\n\t\t\t\tGalettes de Pommes de Terre\t\t\t<\/a>\n\t\t<\/h3>\n\t<\/div>\n\t<div class=\"sow-carousel-item\" tabindex=\"-1\" style=\"float: left;\">\n\t\t<div class=\"sow-carousel-thumbnail\">\n\t\t\t\t\t\t\t<a\n\t\t\t\t\thref=\"https:\/\/csf.ensma.fr\/?p=1708\"\n\t\t\t\t\tclass=\"sow-carousel-default-thumbnail\"\n\t\t\t\t\t\t\t\t\t\t\t\t\t\t\taria-labelledby=\"sow-carousel-id-1708\"\n\t\t\t\t\ttabindex=\"-1\"\n\t\t\t\t>\n\t\t\t\t\t<span class=\"overlay\"><\/span>\n\t\t\t\t<\/a>\n\t\t\t\t\t<\/div>\n\t\t<h3 class=\"sow-carousel-item-title\">\n\t\t\t<a\n\t\t\t\thref=\"https:\/\/csf.ensma.fr\/?p=1708\"\n\t\t\t\tid=\"sow-carousel-id-1708\"\n\t\t\t\t\t\t\t\ttabindex=\"-1\"\n\t\t\t>\n\n\t\t\t\tGalettes de Carottes\t\t\t<\/a>\n\t\t<\/h3>\n\t<\/div>\n\t<div class=\"sow-carousel-item\" tabindex=\"-1\" style=\"float: left;\">\n\t\t<div class=\"sow-carousel-thumbnail\">\n\t\t\t\t\t\t\t<a\n\t\t\t\t\thref=\"https:\/\/csf.ensma.fr\/?p=1597\"\n\t\t\t\t\t\t\t\t\t\tstyle=\"background-image: url( https:\/\/csf.ensma.fr\/wp-content\/uploads\/2020\/10\/tarte-pdt-carotte-272x182.jpg )\"\n\t\t\t\t\taria-labelledby=\"sow-carousel-id-1597\"\n\t\t\t\t\ttabindex=\"-1\"\n\t\t\t\t>\n\t\t\t\t\t<span class=\"overlay\"><\/span>\n\t\t\t\t<\/a>\n\t\t\t\t\t<\/div>\n\t\t<h3 class=\"sow-carousel-item-title\">\n\t\t\t<a\n\t\t\t\thref=\"https:\/\/csf.ensma.fr\/?p=1597\"\n\t\t\t\tid=\"sow-carousel-id-1597\"\n\t\t\t\t\t\t\t\ttabindex=\"-1\"\n\t\t\t>\n\n\t\t\t\tTarte pommes de terre carottes\t\t\t<\/a>\n\t\t<\/h3>\n\t<\/div>\n\t<div class=\"sow-carousel-item\" tabindex=\"-1\" style=\"float: left;\">\n\t\t<div class=\"sow-carousel-thumbnail\">\n\t\t\t\t\t\t\t<a\n\t\t\t\t\thref=\"https:\/\/csf.ensma.fr\/?p=1593\"\n\t\t\t\t\t\t\t\t\t\tstyle=\"background-image: url( https:\/\/csf.ensma.fr\/wp-content\/uploads\/2020\/10\/rougail-272x182.jpg )\"\n\t\t\t\t\taria-labelledby=\"sow-carousel-id-1593\"\n\t\t\t\t\ttabindex=\"-1\"\n\t\t\t\t>\n\t\t\t\t\t<span class=\"overlay\"><\/span>\n\t\t\t\t<\/a>\n\t\t\t\t\t<\/div>\n\t\t<h3 class=\"sow-carousel-item-title\">\n\t\t\t<a\n\t\t\t\thref=\"https:\/\/csf.ensma.fr\/?p=1593\"\n\t\t\t\tid=\"sow-carousel-id-1593\"\n\t\t\t\t\t\t\t\ttabindex=\"-1\"\n\t\t\t>\n\n\t\t\t\tRougail\t\t\t<\/a>\n\t\t<\/h3>\n\t<\/div>\n\t<div class=\"sow-carousel-item\" tabindex=\"-1\" style=\"float: left;\">\n\t\t<div class=\"sow-carousel-thumbnail\">\n\t\t\t\t\t\t\t<a\n\t\t\t\t\thref=\"https:\/\/csf.ensma.fr\/?p=1583\"\n\t\t\t\t\t\t\t\t\t\tstyle=\"background-image: url( https:\/\/csf.ensma.fr\/wp-content\/uploads\/2020\/10\/IMG_20201020_225527-272x182.jpg )\"\n\t\t\t\t\taria-labelledby=\"sow-carousel-id-1583\"\n\t\t\t\t\ttabindex=\"-1\"\n\t\t\t\t>\n\t\t\t\t\t<span class=\"overlay\"><\/span>\n\t\t\t\t<\/a>\n\t\t\t\t\t<\/div>\n\t\t<h3 class=\"sow-carousel-item-title\">\n\t\t\t<a\n\t\t\t\thref=\"https:\/\/csf.ensma.fr\/?p=1583\"\n\t\t\t\tid=\"sow-carousel-id-1583\"\n\t\t\t\t\t\t\t\ttabindex=\"-1\"\n\t\t\t>\n\n\t\t\t\tGratin de butternut\t\t\t<\/a>\n\t\t<\/h3>\n\t<\/div>\n\t\t<\/div>\n\t\t\t<\/div>\n\n\t<\/div>\n\t\t<input type=\"hidden\" name=\"instance_hash\" value=\"b406cbf5\"\/>\n\t<\/div>\n<\/div>\n\n\n<div style=\"height:31px\" aria-hidden=\"true\" class=\"wp-block-spacer\"><\/div>\n\n\n\n<hr class=\"wp-block-separator\"\/>\n\n\n\n<p>Retrouvez la liste de toutes nos recettes :<\/p>\n\n\n\n<ul><li><a href=\"https:\/\/csf.ensma.fr\/?p=1597\" data-type=\"post\" data-id=\"1597\">Tarte pommes de terre carottes<\/a><\/li><li><a href=\"https:\/\/csf.ensma.fr\/?p=1583\" data-type=\"post\" data-id=\"1583\">Gratin de butternut<\/a><\/li><li><a href=\"https:\/\/csf.ensma.fr\/?p=1593\" data-type=\"post\" data-id=\"1593\">Rougail<\/a><\/li><li><a href=\"https:\/\/csf.ensma.fr\/?p=1715\" data-type=\"post\" data-id=\"1715\">Galettes de Pommes de Terre<\/a><\/li><li><a href=\"https:\/\/csf.ensma.fr\/?p=1708\" data-type=\"post\" data-id=\"1708\">Galettes de Carottes<\/a><\/li><\/ul>\n\n\n\n<div style=\"height:31px\" aria-hidden=\"true\" class=\"wp-block-spacer\"><\/div>\n\n\n\n<p>Nous allons ajouter de nouvelles recettes au cours du temps.<br>Vous pouvez \u00e9galement nous envoyez vos recettes.<\/p>\n","protected":false},"excerpt":{"rendered":"<p>Acheter nos paniers de l\u00e9gumes pour soutenir les producteurs locaux, c&#8217;est bien ! Mais savoir les cuisiner, c&#8217;est mieux ! C&#8217;est pourquoi le CSF s&#8217;est associ\u00e9 avec l&#8217;Ensmaterchef, club de cuisine de l&#8217;\u00e9cole pour vous donner des id\u00e9es de repas <a class=\"more-link\" href=\"https:\/\/csf.ensma.fr\/?page_id=1580\">En savoir plus&#8230;<\/a><\/p>\n","protected":false},"author":2,"featured_media":0,"parent":0,"menu_order":0,"comment_status":"open","ping_status":"closed","template":"","meta":{"_mi_skip_tracking":false,"_monsterinsights_sitenote_active":false,"_monsterinsights_sitenote_note":"","_monsterinsights_sitenote_category":0},"aioseo_notices":[],"_links":{"self":[{"href":"https:\/\/csf.ensma.fr\/index.php?rest_route=\/wp\/v2\/pages\/1580"}],"collection":[{"href":"https:\/\/csf.ensma.fr\/index.php?rest_route=\/wp\/v2\/pages"}],"about":[{"href":"https:\/\/csf.ensma.fr\/index.php?rest_route=\/wp\/v2\/types\/page"}],"author":[{"embeddable":true,"href":"https:\/\/csf.ensma.fr\/index.php?rest_route=\/wp\/v2\/users\/2"}],"replies":[{"embeddable":true,"href":"https:\/\/csf.ensma.fr\/index.php?rest_route=%2Fwp%2Fv2%2Fcomments&post=1580"}],"version-history":[{"count":16,"href":"https:\/\/csf.ensma.fr\/index.php?rest_route=\/wp\/v2\/pages\/1580\/revisions"}],"predecessor-version":[{"id":1739,"href":"https:\/\/csf.ensma.fr\/index.php?rest_route=\/wp\/v2\/pages\/1580\/revisions\/1739"}],"wp:attachment":[{"href":"https:\/\/csf.ensma.fr\/index.php?rest_route=%2Fwp%2Fv2%2Fmedia&parent=1580"}],"curies":[{"name":"wp","href":"https:\/\/api.w.org\/{rel}","templated":true}]}}