{"id":185,"date":"2019-10-29T23:02:48","date_gmt":"2019-10-29T22:02:48","guid":{"rendered":"https:\/\/csf.ensma.fr\/?page_id=185"},"modified":"2020-05-23T19:18:31","modified_gmt":"2020-05-23T17:18:31","slug":"journees-decouverte-de-laeronautique","status":"publish","type":"page","link":"https:\/\/csf.ensma.fr\/?page_id=185","title":{"rendered":"Journ\u00e9es D\u00e9couverte de l&#8217;A\u00e9ronautique"},"content":{"rendered":"\n<div class=\"wp-block-image\"><figure class=\"alignright is-resized\"><img decoding=\"async\" loading=\"lazy\" src=\"https:\/\/csf.ensma.fr\/wp-content\/uploads\/2019\/11\/DSC_07531-300x169.jpg\" alt=\"\" class=\"wp-image-285\" width=\"417\" height=\"235\" srcset=\"https:\/\/csf.ensma.fr\/wp-content\/uploads\/2019\/11\/DSC_07531-300x169.jpg 300w, https:\/\/csf.ensma.fr\/wp-content\/uploads\/2019\/11\/DSC_07531-768x432.jpg 768w, https:\/\/csf.ensma.fr\/wp-content\/uploads\/2019\/11\/DSC_07531-1024x576.jpg 1024w\" sizes=\"(max-width: 417px) 100vw, 417px\" \/><\/figure><\/div>\n\n\n\n<p class=\"has-normal-font-size\">La premi\u00e8re journ\u00e9e a\u00e9ronautique avait eu lieu le 8 mai 2014 et avait pour but de faire d\u00e9couvrir l\u2019a\u00e9ronautique \u00e0 des enfants handicap\u00e9s. Ce projet avait \u00e9t\u00e9 inspir\u00e9 par Yves Gourinat, professeur de l\u2019ISAE-SUPAERO lors du cours \u00e9lectif d\u2019Histoire de l\u2019Espace en Mars 2013 \u00e0 l\u2019ISAE-ENSMA. Dans le cadre de ce projet nous avions contact\u00e9 l\u2019IRJS \u2013 Institut R\u00e9gional des Jeunes Sourds de Poitiers, un appel \u00e0 des traducteurs en langue des signes avait donc \u00e9t\u00e9 n\u00e9cessaire. Ainsi 23 enfants \u00e2g\u00e9s de 6 \u00e0 18 ans avaient<br>pu participer \u00e0 cette journ\u00e9e.<\/p>\n\n\n\n<div style=\"height:20px\" aria-hidden=\"true\" class=\"wp-block-spacer\"><\/div>\n\n\n\n<div class=\"wp-block-image\"><figure class=\"alignleft is-resized\"><img decoding=\"async\" loading=\"lazy\" src=\"https:\/\/csf.ensma.fr\/wp-content\/uploads\/2019\/11\/jda2.jpg\" alt=\"\" class=\"wp-image-284\" width=\"348\" height=\"230\"\/><\/figure><\/div>\n\n\n\n<p class=\"has-normal-font-size\">Le matin, les enfants avaient assist\u00e9 \u00e0 un cours th\u00e9orique, d\u00e9m\u00ealant les grands principes de l\u2019a\u00e9ronautique pour qu\u2019ils soient compr\u00e9hensibles de tous. Ce cours fut tenu par Yves Gourinat qui avait fait le d\u00e9placement sp\u00e9cialement pour cette occasion. Il fut suivi d\u2019une visite de l\u2019\u00e9cole, rendue possible par la pr\u00e9sence d\u2019Yves Bertin, avec des explications sur les \u00e9l\u00e9ments pr\u00e9sents dans le hall de l\u2019Ecole.<\/p>\n\n\n\n<p class=\"has-normal-font-size\">A midi, un barbecue organis\u00e9 et offert par le CSF fut servi \u00e0 l\u2019a\u00e9rodrome de Ch\u00e2tellerault-Targ\u00e9. Ensuite, les enfants purent effectuer un bapt\u00eame de l\u2019air en prenant place dans des avions 4-places (deux monomoteurs &#8211; un Diamond DR 40 et un Robin DR 400) pour une dur\u00e9e de 20 minutes. Ces vols ont \u00e9t\u00e9 offerts par le CSF et par les pilotes, Patrick et St\u00e9phane MIKOLAJCZYK, pour moiti\u00e9 \u00e0 titre personnel. Pendant que les uns volaient, des activit\u00e9s comme la fabrication d\u2019avions en papier \u00e9taient pr\u00e9vues.<\/p>\n\n\n\n<div style=\"height:20px\" aria-hidden=\"true\" class=\"wp-block-spacer\"><\/div>\n\n\n\n<div class=\"wp-block-image\"><figure class=\"alignright is-resized\"><img decoding=\"async\" loading=\"lazy\" src=\"https:\/\/csf.ensma.fr\/wp-content\/uploads\/2019\/11\/jda.jpg\" alt=\"\" class=\"wp-image-283\" width=\"323\" height=\"212\"\/><\/figure><\/div>\n\n\n\n<p class=\"has-normal-font-size\">Cette journ\u00e9e ayant \u00e9t\u00e9 un v\u00e9ritable succ\u00e8s, elle fut reconduite en 2015 et 2016 avec le Secours populaire et le Secours Catholique.<\/p>\n\n\n\n<p class=\"has-normal-font-size\">Le but de cette journ\u00e9e est de faire d\u00e9couvrir l\u2019a\u00e9ronautique \u00e0 des enfants handicap\u00e9s en leur pr\u00e9sentant les grands principes de l&#8217;a\u00e9ronautique et en leur offrant un bapt\u00e8me de l&#8217;air.<\/p>\n\n\n\n<p class=\"has-normal-font-size\">Cette ann\u00e9e, nous souhaitons reconduire cette journ\u00e9e, avec une association qui n&#8217;a actuellement pas \u00e9t\u00e9 d\u00e9termin\u00e9e. Enfin, cette fois les personnes rentant au sol pendant le vol des autres auront la possibilit\u00e9 d&#8217;observer des drones et de participer \u00e0 un atelier de construction organis\u00e9 par le club ENSMAERO.<\/p>\n","protected":false},"excerpt":{"rendered":"<p>La premi\u00e8re journ\u00e9e a\u00e9ronautique avait eu lieu le 8 mai 2014 et avait pour but de faire d\u00e9couvrir l\u2019a\u00e9ronautique \u00e0 des enfants handicap\u00e9s. Ce projet avait \u00e9t\u00e9 inspir\u00e9 par Yves Gourinat, professeur de l\u2019ISAE-SUPAERO lors du cours \u00e9lectif d\u2019Histoire de <a class=\"more-link\" href=\"https:\/\/csf.ensma.fr\/?page_id=185\">En savoir plus&#8230;<\/a><\/p>\n","protected":false},"author":1,"featured_media":0,"parent":0,"menu_order":0,"comment_status":"open","ping_status":"closed","template":"","meta":{"_mi_skip_tracking":false,"_monsterinsights_sitenote_active":false,"_monsterinsights_sitenote_note":"","_monsterinsights_sitenote_category":0},"aioseo_notices":[],"_links":{"self":[{"href":"https:\/\/csf.ensma.fr\/index.php?rest_route=\/wp\/v2\/pages\/185"}],"collection":[{"href":"https:\/\/csf.ensma.fr\/index.php?rest_route=\/wp\/v2\/pages"}],"about":[{"href":"https:\/\/csf.ensma.fr\/index.php?rest_route=\/wp\/v2\/types\/page"}],"author":[{"embeddable":true,"href":"https:\/\/csf.ensma.fr\/index.php?rest_route=\/wp\/v2\/users\/1"}],"replies":[{"embeddable":true,"href":"https:\/\/csf.ensma.fr\/index.php?rest_route=%2Fwp%2Fv2%2Fcomments&post=185"}],"version-history":[{"count":14,"href":"https:\/\/csf.ensma.fr\/index.php?rest_route=\/wp\/v2\/pages\/185\/revisions"}],"predecessor-version":[{"id":946,"href":"https:\/\/csf.ensma.fr\/index.php?rest_route=\/wp\/v2\/pages\/185\/revisions\/946"}],"wp:attachment":[{"href":"https:\/\/csf.ensma.fr\/index.php?rest_route=%2Fwp%2Fv2%2Fmedia&parent=185"}],"curies":[{"name":"wp","href":"https:\/\/api.w.org\/{rel}","templated":true}]}}