{"id":1884,"date":"2022-08-16T12:15:56","date_gmt":"2022-08-16T10:15:56","guid":{"rendered":"https:\/\/csf.ensma.fr\/?page_id=1884"},"modified":"2022-09-13T09:58:12","modified_gmt":"2022-09-13T07:58:12","slug":"la-base","status":"publish","type":"page","link":"https:\/\/csf.ensma.fr\/?page_id=1884","title":{"rendered":"La BASE"},"content":{"rendered":"\n<h2 class=\"wp-block-heading\">Qu&#8217;est ce que la BASE ENSMA ?<\/h2>\n\n\n\n<p>Le Bureau des Actions Solidaires et Environnementales, c&#8217;est un groupe de 4 Associations et Clubs de l&#8217;ENSMA qui traitent des questions sociales et environnementales d&#8217;actualit\u00e9 et visent \u00e0 sensibiliser ses \u00e9l\u00e8ves \u00e0 ces questions. <\/p>\n\n\n\n<p>Elle rassemble le Club sans Fronti\u00e8res (Association \u00e0 caract\u00e8re humanitaire), l&#8217;UrgENScliMA (Club \u00e0 caract\u00e8re Environnementale), le CESA (Club de Sensibilisation Anti-Sexiste) et l&#8217;ENSMArc-en-ciel (Club de Sensibilisation \u00e0 la cause LGBTQIA+).<\/p>\n\n\n<ul class=\"wp-block-filebird-block-filebird-gallery wp-block-gallery blocks-gallery-grid columns-4 is-cropped\"><li class=\"blocks-gallery-item\"><figure><img decoding=\"async\" loading=\"lazy\" width=\"1327\" height=\"1347\" src=\"https:\/\/csf.ensma.fr\/wp-content\/uploads\/2022\/08\/logo_csf-1.png\" alt=\"1. BASE\" class=\"wp-image-1933\" srcset=\"https:\/\/csf.ensma.fr\/wp-content\/uploads\/2022\/08\/logo_csf-1.png 1327w, https:\/\/csf.ensma.fr\/wp-content\/uploads\/2022\/08\/logo_csf-1-296x300.png 296w, https:\/\/csf.ensma.fr\/wp-content\/uploads\/2022\/08\/logo_csf-1-1009x1024.png 1009w, https:\/\/csf.ensma.fr\/wp-content\/uploads\/2022\/08\/logo_csf-1-768x780.png 768w\" sizes=\"(max-width: 1327px) 100vw, 1327px\" \/><\/figure><\/li><li class=\"blocks-gallery-item\"><figure><img decoding=\"async\" loading=\"lazy\" width=\"601\" height=\"577\" src=\"https:\/\/csf.ensma.fr\/wp-content\/uploads\/2022\/08\/logo_UrgENScliMA.png\" alt=\"2. BASE\" class=\"wp-image-1932\" srcset=\"https:\/\/csf.ensma.fr\/wp-content\/uploads\/2022\/08\/logo_UrgENScliMA.png 601w, https:\/\/csf.ensma.fr\/wp-content\/uploads\/2022\/08\/logo_UrgENScliMA-300x288.png 300w\" sizes=\"(max-width: 601px) 100vw, 601px\" \/><\/figure><\/li><li class=\"blocks-gallery-item\"><figure><img decoding=\"async\" loading=\"lazy\" width=\"1933\" height=\"1934\" src=\"https:\/\/csf.ensma.fr\/wp-content\/uploads\/2022\/09\/306215985_861294418174046_2572271021285434757_n.png\" alt=\"3. BASE\" class=\"wp-image-1998\" srcset=\"https:\/\/csf.ensma.fr\/wp-content\/uploads\/2022\/09\/306215985_861294418174046_2572271021285434757_n.png 1933w, https:\/\/csf.ensma.fr\/wp-content\/uploads\/2022\/09\/306215985_861294418174046_2572271021285434757_n-300x300.png 300w, https:\/\/csf.ensma.fr\/wp-content\/uploads\/2022\/09\/306215985_861294418174046_2572271021285434757_n-1024x1024.png 1024w, https:\/\/csf.ensma.fr\/wp-content\/uploads\/2022\/09\/306215985_861294418174046_2572271021285434757_n-150x150.png 150w, https:\/\/csf.ensma.fr\/wp-content\/uploads\/2022\/09\/306215985_861294418174046_2572271021285434757_n-768x768.png 768w, https:\/\/csf.ensma.fr\/wp-content\/uploads\/2022\/09\/306215985_861294418174046_2572271021285434757_n-1536x1536.png 1536w\" sizes=\"(max-width: 1933px) 100vw, 1933px\" \/><\/figure><\/li><li class=\"blocks-gallery-item\"><figure><img decoding=\"async\" loading=\"lazy\" width=\"2109\" height=\"2109\" src=\"https:\/\/csf.ensma.fr\/wp-content\/uploads\/2022\/09\/255053778_516237209991410_1417919476626533329_n.png\" alt=\"4. BASE\" class=\"wp-image-1973\" srcset=\"https:\/\/csf.ensma.fr\/wp-content\/uploads\/2022\/09\/255053778_516237209991410_1417919476626533329_n.png 2109w, https:\/\/csf.ensma.fr\/wp-content\/uploads\/2022\/09\/255053778_516237209991410_1417919476626533329_n-300x300.png 300w, https:\/\/csf.ensma.fr\/wp-content\/uploads\/2022\/09\/255053778_516237209991410_1417919476626533329_n-1024x1024.png 1024w, https:\/\/csf.ensma.fr\/wp-content\/uploads\/2022\/09\/255053778_516237209991410_1417919476626533329_n-150x150.png 150w, https:\/\/csf.ensma.fr\/wp-content\/uploads\/2022\/09\/255053778_516237209991410_1417919476626533329_n-768x768.png 768w, https:\/\/csf.ensma.fr\/wp-content\/uploads\/2022\/09\/255053778_516237209991410_1417919476626533329_n-1536x1536.png 1536w, https:\/\/csf.ensma.fr\/wp-content\/uploads\/2022\/09\/255053778_516237209991410_1417919476626533329_n-2048x2048.png 2048w\" sizes=\"(max-width: 2109px) 100vw, 2109px\" \/><\/figure><\/li><\/ul>\n\n\n<p>La BASE est une association loi 1901, n\u00e9e il y a maintenant plus d&#8217;un an afin de d\u00e9velopper des projets autour d&#8217;enjeux soci\u00e9taux et \u00e9cologiques importants.<\/p>\n\n\n\n<p>Les principaux objectifs lors de sa cr\u00e9ation furent de : <\/p>\n\n\n\n<ul><li>F\u00e9d\u00e9rer les associations et clubs de l&#8217;ENSMA autour des enjeux soci\u00e9taux<\/li><li>Adapter la formation aux enjeux soci\u00e9taux&nbsp;<\/li><li>Devenir acteur et moteur des changements \u00e0 venir Nos projets<\/li><li>Proposition de stages soci\u00e9taux (premier test \u00e9t\u00e9 2021)<\/li><li>Proposition de nouveaux cours \u00e9lectifs centr\u00e9s sur l\u2019environnement et le r\u00f4le de l\u2019ing\u00e9nieur dans la solidarit\u00e9 internationale&nbsp;: semaine de l\u2019urgence climatique<\/li><li>Proposition d\u2019une nouvelle maquette de formation en incluant de nouveaux modules ou cours sur l\u2019environnement<\/li><\/ul>\n\n\n\n<h2 class=\"wp-block-heading\">Qu&#8217;est ce que la BASE ISAE ?<\/h2>\n\n\n\n<div class=\"wp-block-media-text alignwide has-media-on-the-right is-stacked-on-mobile\" style=\"grid-template-columns:auto 27%\"><figure class=\"wp-block-media-text__media\"><img decoding=\"async\" loading=\"lazy\" width=\"862\" height=\"1024\" src=\"https:\/\/csf.ensma.fr\/wp-content\/uploads\/2022\/08\/carte_isae_2022-862x1024.png\" alt=\"\" class=\"wp-image-1926 size-full\" srcset=\"https:\/\/csf.ensma.fr\/wp-content\/uploads\/2022\/08\/carte_isae_2022-862x1024.png 862w, https:\/\/csf.ensma.fr\/wp-content\/uploads\/2022\/08\/carte_isae_2022-253x300.png 253w, https:\/\/csf.ensma.fr\/wp-content\/uploads\/2022\/08\/carte_isae_2022-768x912.png 768w, https:\/\/csf.ensma.fr\/wp-content\/uploads\/2022\/08\/carte_isae_2022-1293x1536.png 1293w, https:\/\/csf.ensma.fr\/wp-content\/uploads\/2022\/08\/carte_isae_2022-1725x2048.png 1725w\" sizes=\"(max-width: 862px) 100vw, 862px\" \/><\/figure><div class=\"wp-block-media-text__content\">\n<p>La BASE ENSMA fut l&#8217;un des membres fondateur de la BASE ISAE, f\u00e9d\u00e9ration d&#8217;associations permettant \u00e0 toutes les \u00e9coles du groupe de cr\u00e9er leur propre BASE et d&#8217;\u00e9changer ou de mener des actions communes. En outre, les diff\u00e9rentes BASES se rassemblent autour d&#8217;objectifs parall\u00e8les afin d\u2019avoir un poids plus important au sein de l\u2019\u00e9cole et du groupe&nbsp;: &nbsp;<\/p>\n\n\n\n<ul id=\"block-ad31399f-ab3c-4e57-99d1-1fa0d57fb202\"><li>Permettre \u00e0 tous les \u00e9tudiants du groupe ISAE de travailler et d\u2019agir ensemble sur des projets solidaires et environnementaux.<\/li><li>Participer \u00e0 la modification de la formation des \u00e9coles du groupe ISAE pour prendre en compte les enjeux sociaux et environnementaux.<\/li><li>Faciliter les actions concr\u00e8tes pour prendre en compte ces enjeux diminuant, si besoin est, le nombre de commissions n\u00e9cessaires avant d\u2019approuver les changements<\/li><\/ul>\n<\/div><\/div>\n\n\n\n<h2 class=\"wp-block-heading\"><strong>Qui sommes-nous ?<\/strong><\/h2>\n\n\n\n<p>\u00c9l\u00e8ves engag\u00e9s et motiv\u00e9s, voici l\u2019\u00e9quipe 2022 \/ 2023 de la BASE !<\/p>\n\n\n<div class=\"tmm tmm_base-2022-2023\"><div class=\"tmm_3_columns tmm_wrap tmm_plugin_f\"><span class=\"tmm_two_containers_tablet\"><\/span><div class=\"tmm_container\"><div class=\"tmm_member\" style=\"border-top:#333333 solid 5px;\"><div class=\"tmm_photo tmm_pic_base-2022-2023_0\" style=\"background: url(https:\/\/csf.ensma.fr\/wp-content\/uploads\/2021\/02\/thais-1.jpg); margin-left: auto; margin-right:auto; background-size:cover !important;\"><\/div><div class=\"tmm_textblock\"><div class=\"tmm_names\"><span class=\"tmm_fname\">Tha\u00efs<\/span> <span class=\"tmm_lname\">Furon-Faucher<\/span><\/div><div class=\"tmm_job\">Pr\u00e9sidente<\/div><div class=\"tmm_desc\" style=\"text-align:\"><p>Pr\u00e9sidente du CSF<\/p><\/div><div class=\"tmm_scblock\"><\/div><\/div><\/div><div class=\"tmm_member\" style=\"border-top:#333333 solid 5px;\"><div class=\"tmm_photo tmm_pic_base-2022-2023_1\" style=\"background: url(https:\/\/csf.ensma.fr\/wp-content\/uploads\/2022\/08\/299041449_605015951139821_1738692652980730109_n.jpg); margin-left: auto; margin-right:auto; background-size:cover !important;\"><\/div><div class=\"tmm_textblock\"><div class=\"tmm_names\"><span class=\"tmm_fname\">Titouan<\/span> <span class=\"tmm_lname\">Cougoulic<\/span><\/div><div class=\"tmm_job\">Vice-Pr\u00e9sident<\/div><div class=\"tmm_desc\" style=\"text-align:\"><p>Pr\u00e9sident de l'UrgENScliMA<\/p><\/div><div class=\"tmm_scblock\"><\/div><\/div><\/div><span class=\"tmm_two_containers_tablet\"><\/span><div class=\"tmm_member\" style=\"border-top:#333333 solid 5px;\"><div class=\"tmm_photo tmm_pic_base-2022-2023_2\" style=\"background: url(https:\/\/csf.ensma.fr\/wp-content\/uploads\/2021\/02\/alexis_w.png); margin-left: auto; margin-right:auto; background-size:cover !important;\"><\/div><div class=\"tmm_textblock\"><div class=\"tmm_names\"><span class=\"tmm_fname\">Alexis<\/span> <span class=\"tmm_lname\">Weller<\/span><\/div><div class=\"tmm_job\">Tr\u00e9sorier<\/div><div class=\"tmm_desc\" style=\"text-align:\"><p>Tr\u00e9sorier du CSF<\/p><\/div><div class=\"tmm_scblock\"><\/div><\/div><\/div><\/div><span class=\"tmm_columns_containers_desktop\"><\/span><div class=\"tmm_container\"><div class=\"tmm_member\" style=\"border-top:#333333 solid 5px;\"><div class=\"tmm_photo tmm_pic_base-2022-2023_3\" style=\"background: url(https:\/\/csf.ensma.fr\/wp-content\/uploads\/2022\/09\/306146603_748071376297037_2638085639611538395_n-e1663014172621.jpg); margin-left: auto; margin-right:auto; background-size:cover !important;\"><\/div><div class=\"tmm_textblock\"><div class=\"tmm_names\"><span class=\"tmm_fname\">Chlo\u00e9<\/span> <span class=\"tmm_lname\">Pren\u00e9<\/span><\/div><div class=\"tmm_job\">Repr\u00e9sentante CESA<\/div><div class=\"tmm_desc\" style=\"text-align:\"><p>Tr\u00e9sori\u00e8re du CESA<\/p><\/div><div class=\"tmm_scblock\"><\/div><\/div><\/div><span class=\"tmm_two_containers_tablet\"><\/span><div class=\"tmm_member\" style=\"border-top:#333333 solid 5px;\"><div class=\"tmm_photo tmm_pic_base-2022-2023_4\" style=\"background: url(https:\/\/csf.ensma.fr\/wp-content\/uploads\/2022\/08\/telecharger.png); margin-left: auto; margin-right:auto; background-size:cover !important;\"><\/div><div class=\"tmm_textblock\"><div class=\"tmm_names\"><span class=\"tmm_fname\">Naomi<\/span> <span class=\"tmm_lname\">Le Pestipon<\/span><\/div><div class=\"tmm_job\">Secr\u00e9taire<\/div><div class=\"tmm_desc\" style=\"text-align:\"><p>Pr\u00e9sidente de l\u2019ENSMArc-en-ciel<\/p><\/div><div class=\"tmm_scblock\"><\/div><\/div><\/div><div class=\"tmm_member\" style=\"border-top:#333333 solid 5px;\"><div class=\"tmm_photo tmm_pic_base-2022-2023_5\" style=\"background: url(https:\/\/csf.ensma.fr\/wp-content\/uploads\/2022\/08\/telecharger-_2__1.png); margin-left: auto; margin-right:auto; background-size:cover !important;\"><\/div><div class=\"tmm_textblock\"><div class=\"tmm_names\"><span class=\"tmm_fname\">Amalia<\/span> <span class=\"tmm_lname\">Cuisset<\/span><\/div><div class=\"tmm_job\">Membre<\/div><div class=\"tmm_desc\" style=\"text-align:\"><p>Pr\u00e9sidente du CESA<\/p><\/div><div class=\"tmm_scblock\"><\/div><\/div><\/div><div style=\"clear:both;\"><\/div><\/div><\/div><\/div>\n\n\n\n<div style=\"height:32px\" aria-hidden=\"true\" class=\"wp-block-spacer\"><\/div>\n\n\n\n<p>En d&#8217;autres termes la BASE et ses membres travaillent dur aujourd&#8217;hui afin de devenir, au m\u00eame titre que le BDE, le BDE ou le BDA un bureau rassemblant les grandes causes de notre soci\u00e9t\u00e9. <\/p>\n\n\n\n<p>Nous accueillerons avec joie ton aide et tes id\u00e9es novatrices afin de faire de notre \u00e9cole et de l&#8217;a\u00e9ronautique un domaine meilleur. <\/p>\n\n\n\n<p>La team BASE ENSMA <\/p>\n\n\n\n<h2 class=\"wp-block-heading\">Nos Diff\u00e9rents Clubs <\/h2>\n\n\n\n<p><a href=\"https:\/\/csf.ensma.fr\/\">Le Club Sans Fronti\u00e8res <\/a><\/p>\n\n\n\n<p><a href=\"https:\/\/csf.ensma.fr\/?page_id=1146\">L&#8217;UrgENScliMA<\/a><\/p>\n\n\n\n<p><a href=\"https:\/\/csf.ensma.fr\/?page_id=1999\">Le CESA <\/a><\/p>\n\n\n\n<p><a href=\"https:\/\/csf.ensma.fr\/?page_id=1975\">L\u2019ENSMArc-en-ciel <\/a><\/p>\n","protected":false},"excerpt":{"rendered":"<p>Qu&#8217;est ce que la BASE ENSMA ? Le Bureau des Actions Solidaires et Environnementales, c&#8217;est un groupe de 4 Associations et Clubs de l&#8217;ENSMA qui traitent des questions sociales et environnementales d&#8217;actualit\u00e9 et visent \u00e0 sensibiliser ses \u00e9l\u00e8ves \u00e0 ces <a class=\"more-link\" href=\"https:\/\/csf.ensma.fr\/?tmm=base-2022-2023\">En savoir plus&#8230;<\/a><\/p>\n","protected":false},"author":12,"featured_media":0,"parent":0,"menu_order":0,"comment_status":"closed","ping_status":"closed","template":"","meta":{"_mi_skip_tracking":false,"_monsterinsights_sitenote_active":false,"_monsterinsights_sitenote_note":"","_monsterinsights_sitenote_category":0},"aioseo_notices":[],"_links":{"self":[{"href":"https:\/\/csf.ensma.fr\/index.php?rest_route=\/wp\/v2\/pages\/1884"}],"collection":[{"href":"https:\/\/csf.ensma.fr\/index.php?rest_route=\/wp\/v2\/pages"}],"about":[{"href":"https:\/\/csf.ensma.fr\/index.php?rest_route=\/wp\/v2\/types\/page"}],"author":[{"embeddable":true,"href":"https:\/\/csf.ensma.fr\/index.php?rest_route=\/wp\/v2\/users\/12"}],"replies":[{"embeddable":true,"href":"https:\/\/csf.ensma.fr\/index.php?rest_route=%2Fwp%2Fv2%2Fcomments&post=1884"}],"version-history":[{"count":19,"href":"https:\/\/csf.ensma.fr\/index.php?rest_route=\/wp\/v2\/pages\/1884\/revisions"}],"predecessor-version":[{"id":2023,"href":"https:\/\/csf.ensma.fr\/index.php?rest_route=\/wp\/v2\/pages\/1884\/revisions\/2023"}],"wp:attachment":[{"href":"https:\/\/csf.ensma.fr\/index.php?rest_route=%2Fwp%2Fv2%2Fmedia&parent=1884"}],"curies":[{"name":"wp","href":"https:\/\/api.w.org\/{rel}","templated":true}]}}