{"id":191,"date":"2019-10-29T23:17:00","date_gmt":"2019-10-29T22:17:00","guid":{"rendered":"https:\/\/csf.ensma.fr\/?page_id=191"},"modified":"2022-08-16T09:41:17","modified_gmt":"2022-08-16T07:41:17","slug":"la-croix-rouge","status":"publish","type":"page","link":"https:\/\/csf.ensma.fr\/?page_id=191","title":{"rendered":"La Croix-Rouge"},"content":{"rendered":"<div class=\"wp-block-image\">\n<figure class=\"alignleft size-large is-resized\"><img decoding=\"async\" loading=\"lazy\" src=\"https:\/\/csf.ensma.fr\/wp-content\/uploads\/2020\/05\/croix-rouge-francaise-1024x1024.jpg\" alt=\"\" class=\"wp-image-799\" width=\"95\" height=\"95\" srcset=\"https:\/\/csf.ensma.fr\/wp-content\/uploads\/2020\/05\/croix-rouge-francaise-1024x1024.jpg 1024w, https:\/\/csf.ensma.fr\/wp-content\/uploads\/2020\/05\/croix-rouge-francaise-300x300.jpg 300w, https:\/\/csf.ensma.fr\/wp-content\/uploads\/2020\/05\/croix-rouge-francaise-150x150.jpg 150w, https:\/\/csf.ensma.fr\/wp-content\/uploads\/2020\/05\/croix-rouge-francaise-768x768.jpg 768w, https:\/\/csf.ensma.fr\/wp-content\/uploads\/2020\/05\/croix-rouge-francaise.jpg 1200w\" sizes=\"(max-width: 95px) 100vw, 95px\" \/><\/figure><\/div>\n\n\n<p class=\"has-normal-font-size\">La Croix Rouge est la plus importante organisation humanitaire au monde regroupant plus de 97 millions de femmes et d&#8217;hommes \u00e0 travers le monde. De plus, la Croix Rouge Fran\u00e7aise c&#8217;est pr\u00e8s de 60 000 b\u00e9n\u00e9voles menant des missions humanitaires.<\/p>\n\n\n\n<div style=\"height:20px\" aria-hidden=\"true\" class=\"wp-block-spacer\"><\/div>\n\n\n\n<h2 class=\"wp-block-heading\">La Croix Rouge Fran\u00e7aise<\/h2>\n\n\n\n<p class=\"has-normal-font-size\">La Croix Rouge Fran\u00e7aise regroupe 5 m\u00e9tiers fondamentaux :<\/p>\n\n\n\n<ul><li><strong>Urgence et op\u00e9rations secouristes<\/strong><\/li><li><strong>Action sociale<\/strong><\/li><li><strong>M\u00e9tiers sanitaires, sociaux et m\u00e9dico-sociaux<\/strong><\/li><li><strong>Formation<\/strong><\/li><li><strong>Action internationale<\/strong><\/li><\/ul>\n\n\n\n<hr class=\"wp-block-separator has-css-opacity\"\/>\n\n\n\n<h2 class=\"wp-block-heading\">Comment puis-je apporter mon aide ?<\/h2>\n\n\n\n<p>Si vous le souhaitez vous pouvez devenir b\u00e9n\u00e9vole en vous rendant \u00e0 l&#8217;unit\u00e9 locale proche de chez-vous, ils vous expliqueront leur fonctionnement et leurs actions. Toutes les unit\u00e9s locales n&#8217;ont pas les m\u00eames besoins et\/ou projets. Si vous vous rendez \u00e0 celle de Poitiers, au 9 rue Lavoisier 86000 Poitiers, vous pourrez aider le service de domiciliation ainsi que la vestiboutique.<\/p>\n\n\n\n<p>Le service de domiciliation permet aux Sans Domiciles Fixes (SDF) et aux immigr\u00e9s n&#8217;ayant pas encore de domiciles de b\u00e9n\u00e9ficier d&#8217;une adresse pour recevoir leur courrier administratifs. Cependant il est aussi utile aux personnes victimes de violences conjugales afin que leur conjoint(e) ne les retrouve pas.<\/p>\n\n\n\n<p>La Vestiboutique vend des v\u00eatements qui ont \u00e9t\u00e9 donn\u00e9s \u00e0 la Croix-Rouge \u00e0 bas co\u00fbts. Contrairement aux id\u00e9es re\u00e7ues tout le monde peut aller y acheter des v\u00eatements quelque soit sa situation. De plus cela permet d&#8217;apporter un soutien financier (m\u00eame si tr\u00e8s l\u00e9ger) aux unit\u00e9s locales. Alors n&#8217;attendez plus et rendez-vous y pour y acheter des v\u00eatements d&#8217;occasion !<\/p>\n\n\n\n<p>Sinon vous pouvez \u00e9galement participer \u00e0 nos actions avec eux telles que la qu\u00eate, le meeting national d&#8217;athl\u00e9tisme, l&#8217;arbre de No\u00ebl ou encore les chalets de la Croix-Rouge !<\/p>\n\n\n\n<p><\/p>\n\n\n\n<hr class=\"wp-block-separator has-css-opacity\"\/>\n\n\n\n<h2 class=\"wp-block-heading\">Nous les aidons ponctuellement dans plusieurs de leurs missions :<\/h2>\n\n\n\n<div style=\"height:20px\" aria-hidden=\"true\" class=\"wp-block-spacer\"><\/div>\n\n\n\n<h2 class=\"wp-block-heading\">La qu\u00eate : un soutien financier<\/h2>\n\n\n<div class=\"wp-block-image\">\n<figure class=\"alignright size-large is-resized\"><img decoding=\"async\" loading=\"lazy\" src=\"https:\/\/csf.ensma.fr\/wp-content\/uploads\/2019\/10\/60691963_2484818161741923_6011094162848350208_n-e1589231520730.jpg\" alt=\"\" class=\"wp-image-196\" width=\"209\" height=\"257\" srcset=\"https:\/\/csf.ensma.fr\/wp-content\/uploads\/2019\/10\/60691963_2484818161741923_6011094162848350208_n-e1589231520730.jpg 540w, https:\/\/csf.ensma.fr\/wp-content\/uploads\/2019\/10\/60691963_2484818161741923_6011094162848350208_n-e1589231520730-245x300.jpg 245w\" sizes=\"(max-width: 209px) 100vw, 209px\" \/><\/figure><\/div>\n\n\n<p class=\"has-normal-font-size\">Nous avons commenc\u00e9 par participer \u00e0 la qu\u00eate nationale de la Croix-Rouge en Mai 2019.<\/p>\n\n\n\n<p class=\"has-normal-font-size\">Cette qu\u00eate a lieu une fois par an et permet \u00e0 l\u2019association de r\u00e9colter de l\u2019argent en d\u00e9marchant les passants sur la voie publique sans avoir d\u2019autorisations particuli\u00e8res de la mairie.<\/p>\n\n\n\n<p class=\"has-normal-font-size\">Cette qu\u00eate dure deux semaines et l\u2019argent r\u00e9colt\u00e9 permet \u00e0 l\u2019unit\u00e9 locale de redresser ses fonds et de continuer \u00e0 d\u00e9velopper ses activit\u00e9s. Il est important de noter qu&#8217;en dehors de cette p\u00e9riode les dons pour la Croix-Rouge sont g\u00e9r\u00e9s par l&#8217;organisme national et ensuite revers\u00e9s aux diff\u00e9rents services de la Croix-Rouge , ils ne b\u00e9n\u00e9ficient donc pas directement  aux unit\u00e9s locales.<\/p>\n\n\n\n<div style=\"height:40px\" aria-hidden=\"true\" class=\"wp-block-spacer\"><\/div>\n\n\n\n<h2 class=\"wp-block-heading\">Un soutien en visibilit\u00e9 <\/h2>\n\n\n\n<h4 class=\"wp-block-heading\">Le meeting national d&#8217;athl\u00e9tisme <\/h4>\n\n\n\n<p class=\"has-normal-font-size\">Nous avons aussi particip\u00e9 au meeting national d\u2019athl\u00e9tisme de Poitiers. Lors de ce meeting nous devions courir 400m en relais par \u00e9quipe de 10 avec des b\u00e9n\u00e9ficiaires de la Croix-Rouge. Cette course avait pour but de faire conna\u00eetre l&#8217;unit\u00e9 locale du Grand Poitiers et ses actions telles que la domiciliation et la vestiboutique.<\/p>\n\n\n\n<p>Mais nous ne sommes pas all\u00e9s l\u00e0-bas dans le seul but de participer, nous voulions gagner ! Nous avons fini en premi\u00e8re place du podium et avons pu ramener la coupe \u00e0 la maison ! Elle est d\u00e9sormais expos\u00e9e \u00e0 l&#8217;unit\u00e9 locale en attendant d&#8217;\u00eatre remise en jeu \u00e0 la prochaine \u00e9dition. Nous comptons bien \u00e9videmment nous repr\u00e9senter \u00e0 cette course dans le but de conserver notre titre.<\/p>\n\n\n\n<p>De cette course est n\u00e9e le projet de cr\u00e9er une \u00e9quipe de sport Croix-Rouge &#8211; Ensma. Ce projet est actuellement en construction et devrait permettre aux b\u00e9n\u00e9ficiaires ainsi qu&#8217;aux ensmatiques de s&#8217;entra\u00eener ensemble jusqu&#8217;\u00e0 4 fois par semaine sur piste !<\/p>\n\n\n\r\n\t<ul id=\"slideshowgallery2988\" class=\"slideshowgallery2988\" style=\"display:none;\">\r\n\t\t\t\t\t<!-- From all slides or gallery slides -->\r\n\t\t\t\t\t\t\t\r\n\t\t\t\t<li>\r\n\t\t\t\t\t<h3 style=\"opacity:70;\"><\/h3>\r\n\t\t\t\t\t\t\t\t\t\t\t<span data-alt=\"6203269024952396740331057095139720765636608n\">https:\/\/csf.ensma.fr\/wp-content\/uploads\/2019\/10\/62032690_2495239674033105_7095139720765636608_n.jpg<\/span>\r\n\t\t\t\t\t\t\t\t\t\t<p><\/p>\r\n\t\t\t\t\t\t\t\t\t\t\t\t\t\t\t\t\t\t<a><\/a>\r\n\t\t\t\t\t\t\t\t\t\t\t\t\t\t\t<\/li>\r\n\t\t\t\t\t\t\t\r\n\t\t\t\t<li>\r\n\t\t\t\t\t<h3 style=\"opacity:70;\"><\/h3>\r\n\t\t\t\t\t\t\t\t\t\t\t<span data-alt=\"6208264024952396140331111753498816104890368n\">https:\/\/csf.ensma.fr\/wp-content\/uploads\/2019\/10\/62082640_2495239614033111_1753498816104890368_n.jpg<\/span>\r\n\t\t\t\t\t\t\t\t\t\t<p><\/p>\r\n\t\t\t\t\t\t\t\t\t\t\t\t\t\t\t\t\t\t<a><\/a>\r\n\t\t\t\t\t\t\t\t\t\t\t\t\t\t\t<\/li>\r\n\t\t\t\t\t\t\t\r\n\t\t\t\t<li>\r\n\t\t\t\t\t<h3 style=\"opacity:70;\"><\/h3>\r\n\t\t\t\t\t\t\t\t\t\t\t<span data-alt=\"6223929424952395706997822913400656180019200n\">https:\/\/csf.ensma.fr\/wp-content\/uploads\/2019\/10\/62239294_2495239570699782_2913400656180019200_n.jpg<\/span>\r\n\t\t\t\t\t\t\t\t\t\t<p><\/p>\r\n\t\t\t\t\t\t\t\t\t\t\t\t\t\t\t\t\t\t<a><\/a>\r\n\t\t\t\t\t\t\t\t\t\t\t\t\t\t\t<\/li>\r\n\t\t\t\t\t\t<\/ul>\r\n\t\r\n\t<div id=\"slideshow-wrappergallery2988\" class=\"slideshow-wrapper\">\r\n\t\t\t\r\n\t\t<div class=\"slideshow-fullsize\" id=\"fullsizegallery2988\">\r\n\t\t\t\t\t\t\t\t\t\t\t\t\t\t<div id=\"imgprevgallery2988\" class=\"slideshow-imgprev imgnav\" title=\"Previous Image\">Previous Image<\/div>\r\n\t\t\t\t\t\t<a id=\"imglinkgallery2988\" class=\"slideshow-imglink imglink\"><!-- link --><\/a>\r\n\t\t\t\t\t\t\t\t\t\t\t<div id=\"imgnextgallery2988\" class=\"slideshow-imgnext imgnav\" title=\"Next Image\">Next Image<\/div>\r\n\t\t\t\t\t\t<div id=\"imagegallery2988\" class=\"slideshow-image\"><\/div>\r\n\t\t\t<div class=\"slideshow-information infobottom\" id=\"informationgallery2988\">\r\n\t\t\t\t<h3 class=\"slideshow-info-heading\">info heading<\/h3>\r\n\t\t\t\t<p class=\"slideshow-info-content\">info content<\/p>\r\n\t\t\t<\/div>\r\n\t\t<\/div>\r\n\t\t\r\n\t\t\t<\/div>\r\n\t\r\n\t<!-- Slideshow Gallery Javascript BEG -->\t\r\n\t<script type=\"text\/javascript\">\r\n\tjQuery.noConflict();\r\n\ttid('slideshowgallery2988').style.display = \"none\";\r\n\ttid('slideshow-wrappergallery2988').style.display = 'block';\r\n\ttid('slideshow-wrappergallery2988').style.visibility = 'hidden';\r\n\tjQuery(\"#fullsizegallery2988\").append('<div id=\"spinnergallery2988\"><i class=\"fa fa-cog fa-spin\"><\/i><\/div>');\r\n\ttid('spinnergallery2988').style.visibility = 'visible';\r\n\r\n\tvar slideshowgallery2988 = new TINY.slideshow(\"slideshowgallery2988\");\r\n\tjQuery(document).ready(function() {\r\n\t\tslideshowgallery2988.auto = true;\t\tslideshowgallery2988.speed = 10;\r\n\t\tslideshowgallery2988.effect = \"slide\";\r\n\t\tslideshowgallery2988.slide_direction = \"lr\";\r\n\t\tslideshowgallery2988.easing = \"swing\";\r\n\t\tslideshowgallery2988.alwaysauto = true;\r\n\t\tslideshowgallery2988.autoheight = true;\r\n\t\tslideshowgallery2988.autoheight_max = false;\r\n\t\tslideshowgallery2988.imgSpeed = 20;\r\n\t\tslideshowgallery2988.navOpacity = 25;\r\n\t\tslideshowgallery2988.navHover = 75;\r\n\t\tslideshowgallery2988.letterbox = \"#000000\";\r\n\t\tslideshowgallery2988.linkclass = \"linkhover\";\r\n\t\tslideshowgallery2988.imagesid = \"imagesgallery2988\";\r\n\t\tslideshowgallery2988.info = \"informationgallery2988\";\r\n\t\tslideshowgallery2988.infoonhover = 0;\r\n\t\tslideshowgallery2988.infoSpeed = 10;\r\n\t\tslideshowgallery2988.infodelay = 0;\r\n\t\tslideshowgallery2988.infofade = 0;\r\n\t\tslideshowgallery2988.infofadedelay = 0;\r\n\t\tslideshowgallery2988.thumbs = \"\";\r\n\t\tslideshowgallery2988.thumbOpacity = 70;\r\n\t\tslideshowgallery2988.left = \"slideleftgallery2988\";\r\n\t\tslideshowgallery2988.right = \"sliderightgallery2988\";\r\n\t\tslideshowgallery2988.scrollSpeed = 5;\r\n\t\tslideshowgallery2988.spacing = 5;\r\n\t\tslideshowgallery2988.active = \"\";\r\n\t\tslideshowgallery2988.imagesthickbox = \"false\";\r\n\t\tjQuery(\"#spinnergallery2988\").remove();\r\n\t\tslideshowgallery2988.init(\"slideshowgallery2988\",\"imagegallery2988\",\"imgprevgallery2988\",\"imgnextgallery2988\",\"imglinkgallery2988\");\r\n\t\ttid('slideshow-wrappergallery2988').style.visibility = 'visible';\r\n\t\tjQuery(window).trigger('resize');\r\n\t\t\r\n\t\t\t});\r\n\t\r\n\t\t<\/script>\r\n\t\r\n\t<!-- Slideshow Gallery Javascript END --><!-- Slideshow Gallery CSS BEG -->\t\r\n\t<link rel=\"stylesheet\" property=\"stylesheet\" href=\"https:\/\/csf.ensma.fr\/wp-content\/plugins\/slideshow-gallery\/views\/default\/css.php?id=gallery2988\" type=\"text\/css\" media=\"all\" \/>\r\n\t\r\n\t<!--[if IE 6]>\r\n\t<style type=\"text\/css\">\r\n\t.imglink, #imglink { display: none !important; }\r\n\t.linkhover { display: none !important; }\r\n\t<\/style>\r\n\t<![endif]-->\r\n\t\r\n\t<!-- Slideshow Gallery CSS END -->\n\n\n\n<div style=\"height:40px\" aria-hidden=\"true\" class=\"wp-block-spacer\"><\/div>\n\n\n\n<div style=\"height:40px\" aria-hidden=\"true\" class=\"wp-block-spacer\"><\/div>\n\n\n\n<h2 class=\"wp-block-heading\">Sapin et go\u00fbter de No\u00ebl<\/h2>\n\n\n<div class=\"wp-block-image\">\n<figure class=\"alignleft size-large is-resized\"><img decoding=\"async\" loading=\"lazy\" src=\"https:\/\/csf.ensma.fr\/wp-content\/uploads\/2020\/01\/80281344_584956982280257_5737887410499354624_n-1024x766.jpg\" alt=\"\" class=\"wp-image-384\" width=\"371\" height=\"277\" srcset=\"https:\/\/csf.ensma.fr\/wp-content\/uploads\/2020\/01\/80281344_584956982280257_5737887410499354624_n-1024x766.jpg 1024w, https:\/\/csf.ensma.fr\/wp-content\/uploads\/2020\/01\/80281344_584956982280257_5737887410499354624_n-300x225.jpg 300w, https:\/\/csf.ensma.fr\/wp-content\/uploads\/2020\/01\/80281344_584956982280257_5737887410499354624_n-768x575.jpg 768w\" sizes=\"(max-width: 371px) 100vw, 371px\" \/><\/figure><\/div>\n\n\n<p class=\"has-normal-font-size\">Le CSF a \u00e9t\u00e9 tr\u00e8s heureux de collaborer avec la Croix-Rouge Fran\u00e7aise pour apporter l&#8217;esprit de No\u00ebl au c\u0153ur de quelques familles !&nbsp;\ud83c\udf84<\/p>\n\n\n\n<p class=\"has-normal-font-size\">Le mercredi 18 d\u00e9cembre 2019, nous avons organis\u00e9 un go\u00fbter de No\u00ebl autour d&#8217;un beau sapin pr\u00e9par\u00e9 pour l&#8217;occasion par nos soins. Des cadeaux collect\u00e9s par d&#8217;autres r\u00e9seaux ont ensuite \u00e9t\u00e9 distribu\u00e9s aux enfants, qui ont d\u00e9valis\u00e9s la boutique ! \ud83c\udf81<\/p>\n\n\n\n<p class=\"has-normal-font-size\">Le (gros) go\u00fbter pr\u00e9par\u00e9 par nos petits lutins Ensmatiques a fait fureur, et les restes ont \u00e9t\u00e9 distribu\u00e9s au cours d&#8217;une maraude dans Poitiers le soir-m\u00eame!<\/p>\n\n\n\n<p class=\"has-normal-font-size\">Cet \u00e9v\u00e9nement a demand\u00e9 l&#8217;implication des \u00e9l\u00e8ves de premi\u00e8re ann\u00e9e, qui ont fourni une grande partie de la nourriture. C&#8217;\u00e9tait une tr\u00e8s belle occasion de donner le sourire aux enfants !<\/p>\n\n\n\n<div style=\"height:40px\" aria-hidden=\"true\" class=\"wp-block-spacer\"><\/div>\n\n\n\n<h2 class=\"wp-block-heading\"><strong>Les chalets de la Croix-Rouge<\/strong><\/h2>\n\n\n\n<p>En D\u00e9cembre 2019, durant la p\u00e9riode de pr\u00e9paration des festivit\u00e9s des membres du CSF s&#8217;\u00e9taient rendus \u00e0 Poitiers avec des membres de la Croix-Rouge pour tenir un chalet. Cela avait pour but de faire conna\u00eetre les formations PSC1 propos\u00e9es \u00e0 la Croix-Rouge en vendant des tickets de tombola dont le premier prix \u00e9tait une formation PSC1. C&#8217;\u00e9tait \u00e9galement un moment convivial o\u00f9 l&#8217;on pouvait parler des actions de la Croix-Rouge avec les passants autour d&#8217;un caf\u00e9, en plus le p\u00e8re No\u00ebl \u00e9tait l\u00e0 !<\/p>\n\n\n\n<div style=\"height:20px\" aria-hidden=\"true\" class=\"wp-block-spacer\"><\/div>\n\n\n\n<hr class=\"wp-block-separator has-css-opacity\"\/>\n","protected":false},"excerpt":{"rendered":"<p>La Croix Rouge est la plus importante organisation humanitaire au monde regroupant plus de 97 millions de femmes et d&#8217;hommes \u00e0 travers le monde. De plus, la Croix Rouge Fran\u00e7aise c&#8217;est pr\u00e8s de 60 000 b\u00e9n\u00e9voles menant des missions humanitaires. <a class=\"more-link\" href=\"https:\/\/csf.ensma.fr\/?page_id=191\">En savoir plus&#8230;<\/a><\/p>\n","protected":false},"author":1,"featured_media":1878,"parent":0,"menu_order":0,"comment_status":"open","ping_status":"closed","template":"","meta":{"_mi_skip_tracking":false,"_monsterinsights_sitenote_active":false,"_monsterinsights_sitenote_note":"","_monsterinsights_sitenote_category":0},"aioseo_notices":[],"_links":{"self":[{"href":"https:\/\/csf.ensma.fr\/index.php?rest_route=\/wp\/v2\/pages\/191"}],"collection":[{"href":"https:\/\/csf.ensma.fr\/index.php?rest_route=\/wp\/v2\/pages"}],"about":[{"href":"https:\/\/csf.ensma.fr\/index.php?rest_route=\/wp\/v2\/types\/page"}],"author":[{"embeddable":true,"href":"https:\/\/csf.ensma.fr\/index.php?rest_route=\/wp\/v2\/users\/1"}],"replies":[{"embeddable":true,"href":"https:\/\/csf.ensma.fr\/index.php?rest_route=%2Fwp%2Fv2%2Fcomments&post=191"}],"version-history":[{"count":53,"href":"https:\/\/csf.ensma.fr\/index.php?rest_route=\/wp\/v2\/pages\/191\/revisions"}],"predecessor-version":[{"id":1879,"href":"https:\/\/csf.ensma.fr\/index.php?rest_route=\/wp\/v2\/pages\/191\/revisions\/1879"}],"wp:featuredmedia":[{"embeddable":true,"href":"https:\/\/csf.ensma.fr\/index.php?rest_route=\/wp\/v2\/media\/1878"}],"wp:attachment":[{"href":"https:\/\/csf.ensma.fr\/index.php?rest_route=%2Fwp%2Fv2%2Fmedia&parent=191"}],"curies":[{"name":"wp","href":"https:\/\/api.w.org\/{rel}","templated":true}]}}