{"id":1949,"date":"2022-08-23T11:09:38","date_gmt":"2022-08-23T09:09:38","guid":{"rendered":"https:\/\/csf.ensma.fr\/?page_id=1949"},"modified":"2022-08-24T09:45:02","modified_gmt":"2022-08-24T07:45:02","slug":"urban-trails-poitiers","status":"publish","type":"page","link":"https:\/\/csf.ensma.fr\/?page_id=1949","title":{"rendered":"Urban Trails Poitiers"},"content":{"rendered":"\n<p>Cr\u00e9\u00e9e en 2019,&nbsp;<a href=\"https:\/\/courir-poitiers.fr\">Urban Trails Poitiers <\/a> est une \u00e9preuve sportive de 10 km (course et marche), ouverte aux experts comme aux d\u00e9butants, qui parcourt les ruelles de Poitiers, traverse ses chemins et gravit ses escaliers.<\/p>\n\n\n\n<div class=\"wp-block-cover is-light has-parallax\" style=\"background-image:url(https:\/\/csf.ensma.fr\/wp-content\/uploads\/2022\/08\/poitiers-vienne_307-e1661245259775.jpg)\"><span aria-hidden=\"true\" class=\"wp-block-cover__background has-background-dim\"><\/span><div class=\"wp-block-cover__inner-container\">\n<p class=\"has-text-align-center has-white-color has-text-color has-large-font-size\">Samedi 10 Septembre 2022<\/p>\n<\/div><\/div>\n\n\n\n<div style=\"height:32px\" aria-hidden=\"true\" class=\"wp-block-spacer\"><\/div>\n\n\n\n<h2 class=\"wp-block-heading\">Qu&#8217;est ce que le Trail ?<\/h2>\n\n\n\n<p>Le \u00ab Trail \u00bb est une variante de la course \u00e0 pied, pratiqu\u00e9e en g\u00e9n\u00e9ral en milieu naturel, sur des chemins ou des sentiers. Depuis 2008,&nbsp;<strong>les Trails Urbains ont fait leur apparition en France<\/strong>, gr\u00e2ce \u00e0 une premi\u00e8re course organis\u00e9e \u00e0 Lyon. Trail et Urbain sont des termes oppos\u00e9s qui se retrouvent sur des parcours souvent pittoresques qui privil\u00e9gient d\u00e9nivel\u00e9 et ruelles anciennes.<\/p>\n\n\n\n<div class=\"wp-block-media-text alignwide has-media-on-the-right is-stacked-on-mobile\" style=\"grid-template-columns:auto 18%\"><figure class=\"wp-block-media-text__media\"><img decoding=\"async\" loading=\"lazy\" width=\"225\" height=\"225\" src=\"https:\/\/csf.ensma.fr\/wp-content\/uploads\/2022\/08\/telechargement.png\" alt=\"\" class=\"wp-image-1954 size-full\" srcset=\"https:\/\/csf.ensma.fr\/wp-content\/uploads\/2022\/08\/telechargement.png 225w, https:\/\/csf.ensma.fr\/wp-content\/uploads\/2022\/08\/telechargement-150x150.png 150w\" sizes=\"(max-width: 225px) 100vw, 225px\" \/><\/figure><div class=\"wp-block-media-text__content\">\n<p>\u00c0 Poitiers, l&#8217;Urban Trail est&nbsp;<strong>l&#8217;h\u00e9ritier des \u00ab 1000 marches de Poitiers \u00bb<\/strong>&nbsp;. Les organisateurs mettent le respect de la nature, de l\u2019environnement et du patrimoine au c\u0153ur de leur \u00e9preuve. D\u00e8s sa premi\u00e8re \u00e9dition, l&#8217;Urban Trail Poitiers sera 100% bio lors des ravitaillements et 0 d\u00e9chet. Pour relever ce d\u00e9fi, ils font appel \u00e0 des professionnel de l&#8217;alimentation bio, et offrent aux participants un gobelet r\u00e9tractable qu&#8217;ils pourront remplir tout au long du parcours.<\/p>\n<\/div><\/div>\n\n\n\n<h2 class=\"wp-block-heading\">L&#8217;action du CSF \u00e0 l&#8217;Urban Trails<\/h2>\n\n\n\n<p>En collaboration avec la <strong>Croix Rouge<\/strong> et le<strong> club d\u2019athl\u00e9tisme de Poitiers l\u2019EPA<\/strong>, le CSF participe \u00e0 la cr\u00e9ation d\u2019une \u00e9quipe d\u2019athl\u00e9tisme dans le but de permettre \u00e0 ses membres de <strong>d\u00e9velopper leur capacit\u00e9s de courses<\/strong> ainsi que <strong>leur esprit de coh\u00e9sion\/d\u2019\u00e9quipe<\/strong>\u00a0! Le rencontre majeur de ce partenariat n\u2019est autre que l\u2019Urban Trail de Poitiers qui se d\u00e9roule aux alentours du 10 septembre.<br>Les membres se voient financer leur licence par la Croix Rouge et s\u2019engage \u00e0 assister de mani\u00e8re assez r\u00e9guli\u00e8re aux entrainements (3 par semaine les lundi, mercredi et vendredi de 18h15 \u00e0 20h, au choix du coureur) et de participer \u00e0 l\u2019Urban Trail\u00a0!<\/p>\n\n\n\n<p>Alors rejoins-nous courir pour la bonne cause ! <\/p>\n","protected":false},"excerpt":{"rendered":"<p>Cr\u00e9\u00e9e en 2019,&nbsp;Urban Trails Poitiers est une \u00e9preuve sportive de 10 km (course et marche), ouverte aux experts comme aux d\u00e9butants, qui parcourt les ruelles de Poitiers, traverse ses chemins et gravit ses escaliers. Qu&#8217;est ce que le Trail ? <a class=\"more-link\" href=\"https:\/\/csf.ensma.fr\/?page_id=1949\">En savoir plus&#8230;<\/a><\/p>\n","protected":false},"author":12,"featured_media":1954,"parent":0,"menu_order":0,"comment_status":"closed","ping_status":"closed","template":"","meta":{"_mi_skip_tracking":false,"_monsterinsights_sitenote_active":false,"_monsterinsights_sitenote_note":"","_monsterinsights_sitenote_category":0},"aioseo_notices":[],"_links":{"self":[{"href":"https:\/\/csf.ensma.fr\/index.php?rest_route=\/wp\/v2\/pages\/1949"}],"collection":[{"href":"https:\/\/csf.ensma.fr\/index.php?rest_route=\/wp\/v2\/pages"}],"about":[{"href":"https:\/\/csf.ensma.fr\/index.php?rest_route=\/wp\/v2\/types\/page"}],"author":[{"embeddable":true,"href":"https:\/\/csf.ensma.fr\/index.php?rest_route=\/wp\/v2\/users\/12"}],"replies":[{"embeddable":true,"href":"https:\/\/csf.ensma.fr\/index.php?rest_route=%2Fwp%2Fv2%2Fcomments&post=1949"}],"version-history":[{"count":6,"href":"https:\/\/csf.ensma.fr\/index.php?rest_route=\/wp\/v2\/pages\/1949\/revisions"}],"predecessor-version":[{"id":1966,"href":"https:\/\/csf.ensma.fr\/index.php?rest_route=\/wp\/v2\/pages\/1949\/revisions\/1966"}],"wp:featuredmedia":[{"embeddable":true,"href":"https:\/\/csf.ensma.fr\/index.php?rest_route=\/wp\/v2\/media\/1954"}],"wp:attachment":[{"href":"https:\/\/csf.ensma.fr\/index.php?rest_route=%2Fwp%2Fv2%2Fmedia&parent=1949"}],"curies":[{"name":"wp","href":"https:\/\/api.w.org\/{rel}","templated":true}]}}