{"id":1975,"date":"2022-09-11T12:56:11","date_gmt":"2022-09-11T10:56:11","guid":{"rendered":"https:\/\/csf.ensma.fr\/?page_id=1975"},"modified":"2022-09-13T10:05:41","modified_gmt":"2022-09-13T08:05:41","slug":"ensmarc-en-ciel","status":"publish","type":"page","link":"https:\/\/csf.ensma.fr\/?page_id=1975","title":{"rendered":"L&#8217;ENSMArc-en-ciel"},"content":{"rendered":"<div class=\"wp-block-image\">\n<figure class=\"alignright size-large is-resized\"><img decoding=\"async\" loading=\"lazy\" src=\"https:\/\/csf.ensma.fr\/wp-content\/uploads\/2022\/09\/HD-wallpaper-rainbow-flag-lgbt-adoxalinia-june-acceptance-activist-background-blue-color-community-day-diversity-gay-gender-genderfluid-girl-heart-human-lgbtq-love-month-parade-power-pride-576x1024.jpg\" alt=\"\" class=\"wp-image-1979\" width=\"146\" height=\"260\" srcset=\"https:\/\/csf.ensma.fr\/wp-content\/uploads\/2022\/09\/HD-wallpaper-rainbow-flag-lgbt-adoxalinia-june-acceptance-activist-background-blue-color-community-day-diversity-gay-gender-genderfluid-girl-heart-human-lgbtq-love-month-parade-power-pride-576x1024.jpg 576w, https:\/\/csf.ensma.fr\/wp-content\/uploads\/2022\/09\/HD-wallpaper-rainbow-flag-lgbt-adoxalinia-june-acceptance-activist-background-blue-color-community-day-diversity-gay-gender-genderfluid-girl-heart-human-lgbtq-love-month-parade-power-pride-169x300.jpg 169w, https:\/\/csf.ensma.fr\/wp-content\/uploads\/2022\/09\/HD-wallpaper-rainbow-flag-lgbt-adoxalinia-june-acceptance-activist-background-blue-color-community-day-diversity-gay-gender-genderfluid-girl-heart-human-lgbtq-love-month-parade-power-pride-768x1365.jpg 768w, https:\/\/csf.ensma.fr\/wp-content\/uploads\/2022\/09\/HD-wallpaper-rainbow-flag-lgbt-adoxalinia-june-acceptance-activist-background-blue-color-community-day-diversity-gay-gender-genderfluid-girl-heart-human-lgbtq-love-month-parade-power-pride.jpg 800w\" sizes=\"(max-width: 146px) 100vw, 146px\" \/><\/figure><\/div>\n\n\n<p>L\u2019ENSMArc-en-ciel est le nouveau club LGBTQIA+ de l\u2019ENSMA o\u00f9 la<br>tol\u00e9rance et la bienveillance sont notre devise.<br>Il nous permet d\u2019avoir un safe-space pour discuter de notre quotidien de personne queer mais aussi de sensibiliser et d\u2019informer les \u00e9tudiants de l\u2019ENSMA sur les th\u00e9matiques vari\u00e9es de notre communaut\u00e9.<br>Nous essayons de mettre en place des campagnes de sensibilisation comme par exemple une bo\u00eete \u00e0 questions ou diff\u00e9rentes affiches dans l\u2019\u00e9cole.<\/p>\n\n\n\n<div style=\"height:32px\" aria-hidden=\"true\" class=\"wp-block-spacer\"><\/div>\n\n\n\n<p>Notre Bureau:<\/p>\n\n\n\n<div class=\"wp-block-media-text alignwide has-media-on-the-right is-stacked-on-mobile\" style=\"grid-template-columns:auto 33%\"><figure class=\"wp-block-media-text__media\"><img decoding=\"async\" loading=\"lazy\" width=\"1024\" height=\"1024\" src=\"https:\/\/csf.ensma.fr\/wp-content\/uploads\/2022\/09\/255053778_516237209991410_1417919476626533329_n-1024x1024.png\" alt=\"\" class=\"wp-image-1973 size-full\" srcset=\"https:\/\/csf.ensma.fr\/wp-content\/uploads\/2022\/09\/255053778_516237209991410_1417919476626533329_n-1024x1024.png 1024w, https:\/\/csf.ensma.fr\/wp-content\/uploads\/2022\/09\/255053778_516237209991410_1417919476626533329_n-300x300.png 300w, https:\/\/csf.ensma.fr\/wp-content\/uploads\/2022\/09\/255053778_516237209991410_1417919476626533329_n-150x150.png 150w, https:\/\/csf.ensma.fr\/wp-content\/uploads\/2022\/09\/255053778_516237209991410_1417919476626533329_n-768x768.png 768w, https:\/\/csf.ensma.fr\/wp-content\/uploads\/2022\/09\/255053778_516237209991410_1417919476626533329_n-1536x1536.png 1536w, https:\/\/csf.ensma.fr\/wp-content\/uploads\/2022\/09\/255053778_516237209991410_1417919476626533329_n-2048x2048.png 2048w\" sizes=\"(max-width: 1024px) 100vw, 1024px\" \/><\/figure><div class=\"wp-block-media-text__content\">\n<div class=\"tmm tmm_ensmarc-en-ciel-2022-2023\"><div class=\"tmm_1_columns tmm_wrap tmm_plugin_f\"><span class=\"tmm_two_containers_tablet\"><\/span><div class=\"tmm_container\"><div class=\"tmm_member\" style=\"border-top:#333333 solid 5px;\"><div class=\"tmm_photo tmm_pic_ensmarc-en-ciel-2022-2023_0\" style=\"background: url(https:\/\/csf.ensma.fr\/wp-content\/uploads\/2022\/08\/telecharger.png); margin-left: auto; margin-right:auto; background-size:cover !important;\"><\/div><div class=\"tmm_textblock\"><div class=\"tmm_names\"><span class=\"tmm_fname\">Naomie <\/span> <span class=\"tmm_lname\">Le Pestipon<\/span><\/div><div class=\"tmm_job\">Pr\u00e9sidente<\/div><div class=\"tmm_scblock\"><\/div><\/div><\/div><div style=\"clear:both;\"><\/div><\/div><\/div><\/div>\n<\/div><\/div>\n\n\n\n<div style=\"height:32px\" aria-hidden=\"true\" class=\"wp-block-spacer\"><\/div>\n\n\n\n<p>Alors si tu es out et\/ou en questionnement, n\u2019h\u00e9site pas \u00e0 nous rejoindre !<\/p>\n","protected":false},"excerpt":{"rendered":"<p>L\u2019ENSMArc-en-ciel est le nouveau club LGBTQIA+ de l\u2019ENSMA o\u00f9 latol\u00e9rance et la bienveillance sont notre devise.Il nous permet d\u2019avoir un safe-space pour discuter de notre quotidien de personne queer mais aussi de sensibiliser et d\u2019informer les \u00e9tudiants de l\u2019ENSMA sur <a class=\"more-link\" href=\"https:\/\/csf.ensma.fr\/?tmm=ensmarc-en-ciel-2022-2023\">En savoir plus&#8230;<\/a><\/p>\n","protected":false},"author":12,"featured_media":0,"parent":0,"menu_order":0,"comment_status":"closed","ping_status":"closed","template":"","meta":{"_mi_skip_tracking":false,"_monsterinsights_sitenote_active":false,"_monsterinsights_sitenote_note":"","_monsterinsights_sitenote_category":0},"aioseo_notices":[],"_links":{"self":[{"href":"https:\/\/csf.ensma.fr\/index.php?rest_route=\/wp\/v2\/pages\/1975"}],"collection":[{"href":"https:\/\/csf.ensma.fr\/index.php?rest_route=\/wp\/v2\/pages"}],"about":[{"href":"https:\/\/csf.ensma.fr\/index.php?rest_route=\/wp\/v2\/types\/page"}],"author":[{"embeddable":true,"href":"https:\/\/csf.ensma.fr\/index.php?rest_route=\/wp\/v2\/users\/12"}],"replies":[{"embeddable":true,"href":"https:\/\/csf.ensma.fr\/index.php?rest_route=%2Fwp%2Fv2%2Fcomments&post=1975"}],"version-history":[{"count":13,"href":"https:\/\/csf.ensma.fr\/index.php?rest_route=\/wp\/v2\/pages\/1975\/revisions"}],"predecessor-version":[{"id":2075,"href":"https:\/\/csf.ensma.fr\/index.php?rest_route=\/wp\/v2\/pages\/1975\/revisions\/2075"}],"wp:attachment":[{"href":"https:\/\/csf.ensma.fr\/index.php?rest_route=%2Fwp%2Fv2%2Fmedia&parent=1975"}],"curies":[{"name":"wp","href":"https:\/\/api.w.org\/{rel}","templated":true}]}}