{"id":2037,"date":"2022-09-15T11:25:51","date_gmt":"2022-09-15T09:25:51","guid":{"rendered":"https:\/\/csf.ensma.fr\/?page_id=2037"},"modified":"2023-06-18T12:44:20","modified_gmt":"2023-06-18T10:44:20","slug":"2037-2","status":"publish","type":"page","link":"https:\/\/csf.ensma.fr\/?page_id=2037","title":{"rendered":"Le CESA"},"content":{"rendered":"\n<div class=\"wp-block-media-text alignwide has-media-on-the-right is-stacked-on-mobile\" style=\"grid-template-columns:auto 15%\"><figure class=\"wp-block-media-text__media\"><img decoding=\"async\" loading=\"lazy\" width=\"1024\" height=\"1024\" src=\"https:\/\/csf.ensma.fr\/wp-content\/uploads\/2022\/09\/306215985_861294418174046_2572271021285434757_n-1024x1024.png\" alt=\"\" class=\"wp-image-1998 size-full\" srcset=\"https:\/\/csf.ensma.fr\/wp-content\/uploads\/2022\/09\/306215985_861294418174046_2572271021285434757_n-1024x1024.png 1024w, https:\/\/csf.ensma.fr\/wp-content\/uploads\/2022\/09\/306215985_861294418174046_2572271021285434757_n-300x300.png 300w, https:\/\/csf.ensma.fr\/wp-content\/uploads\/2022\/09\/306215985_861294418174046_2572271021285434757_n-150x150.png 150w, https:\/\/csf.ensma.fr\/wp-content\/uploads\/2022\/09\/306215985_861294418174046_2572271021285434757_n-768x768.png 768w, https:\/\/csf.ensma.fr\/wp-content\/uploads\/2022\/09\/306215985_861294418174046_2572271021285434757_n-1536x1536.png 1536w, https:\/\/csf.ensma.fr\/wp-content\/uploads\/2022\/09\/306215985_861294418174046_2572271021285434757_n.png 1933w\" sizes=\"(max-width: 1024px) 100vw, 1024px\" \/><\/figure><div class=\"wp-block-media-text__content\">\n<p class=\"has-text-align-center\" style=\"font-size:32px\"><strong>Pr\u00e9sentation du CESA<\/strong><\/p>\n<\/div><\/div>\n\n\n\n<p><strong>Qu\u2019est-ce que le CESA&nbsp;?<\/strong><\/p>\n\n\n\n<p>En 2020, au vu des \u00e9v\u00e9nements nationaux, le sujet de l\u2019\u00e9galit\u00e9 femmes-hommes a surgi comme un sujet important pour le BDE de l\u2019ISAE-ENSMA dans une \u00e9cole \u00e0 majorit\u00e9 masculine. \u00c0 l\u2019instar d\u2019autres \u00e9coles d\u2019ing\u00e9nieurs, l\u2019id\u00e9e a ensuite \u00e9t\u00e9 partag\u00e9e \u00e0 l\u2019ensemble des \u00e9tudiants afin de fonder ce groupe d\u2019action f\u00e9ministe&nbsp;: le Club Ensmatique de Solidarit\u00e9 Antisexiste, plus commun\u00e9ment appel\u00e9 le CESA.<\/p>\n\n\n\n<p>L\u2019objectif du CESA est de promouvoir l\u2019\u00e9galit\u00e9 femmes-hommes sur le campus de l\u2019ISAE-ENSMA. Nous souhaitons lib\u00e9rer la parole sur des sujets encore trop tabous au sein de notre soci\u00e9t\u00e9. Oui, le sexisme est une r\u00e9alit\u00e9, il existe et il ne peut \u00eatre subi et banalis\u00e9. Ainsi, l\u2019objectif est de parler ensemble et de faire bouger les choses ensemble.<\/p>\n\n\n\n<p>Au-del\u00e0 du partage d\u2019exp\u00e9riences et d\u2019opinions, un de nos objectifs est de r\u00e9aliser de la p\u00e9dagogie \u00e0 destination de tous les \u00e9tudiants de l\u2019ISAE-ENSMA sur de sujets vari\u00e9s en incluant \u00e9tudiantes et \u00e9tudiants dans nos actions.<\/p>\n\n\n\n<p>Le mot \u00ab&nbsp;f\u00e9ministe&nbsp;\u00bb en lui-m\u00eame est devenu un mot tabou car beaucoup le d\u00e9finissent comme une lutte de femmes pour les femmes. Nous souhaitons ainsi effacer ce tabou et rappeler \u00e0 chacun que le f\u00e9minisme est d\u00e9finit dans le dictionnaire comme une lutte pour l\u2019\u00e9galit\u00e9 femmes-hommes. De fait, nous encourageons la mixit\u00e9 du groupe, afin d\u2019inclure les hommes que nous c\u00f4toyons dans nos initiatives.<\/p>\n\n\n\n<p><strong>Nos actions et nos projets<\/strong><\/p>\n\n\n\n<ul><li>Lutte contre les violences sexistes et sexuelles&nbsp;:<\/li><\/ul>\n\n\n\n<p>Suite aux \u00e9v\u00e9nements recens\u00e9s \u00e0 Centrale Sup\u00e9lec l\u2019an dernier, le club a lanc\u00e9 un questionnaire et appel \u00e0 t\u00e9moignage au sujet des violences sexistes et sexuelles \u00e0 l\u2019ISAE-ENSMA. Malgr\u00e9 des r\u00e9sultats satisfaisants, l\u2019ISAE-ENSMA a mis en place une \u00ab&nbsp;fresque de l\u2019\u00e9galit\u00e9&nbsp;\u00bb \u00e0 l\u2019instar de la \u00ab&nbsp;fresque du climat&nbsp;\u00bb qu\u2019elle dispense chaque ann\u00e9e \u00e0 ses nouveaux arrivants.<\/p>\n\n\n\n<ul><li>Lutte contre la pr\u00e9carit\u00e9 menstruelle&nbsp;:<\/li><\/ul>\n\n\n\n<div class=\"wp-block-media-text alignwide has-media-on-the-right is-stacked-on-mobile\" style=\"grid-template-columns:auto 17%\"><figure class=\"wp-block-media-text__media\"><img decoding=\"async\" loading=\"lazy\" width=\"502\" height=\"509\" src=\"https:\/\/csf.ensma.fr\/wp-content\/uploads\/2022\/09\/distributeur-protections-periodiques-precarite-menstruelle-700x510-1-e1663056004948.jpg\" alt=\"\" class=\"wp-image-2018 size-full\" srcset=\"https:\/\/csf.ensma.fr\/wp-content\/uploads\/2022\/09\/distributeur-protections-periodiques-precarite-menstruelle-700x510-1-e1663056004948.jpg 502w, https:\/\/csf.ensma.fr\/wp-content\/uploads\/2022\/09\/distributeur-protections-periodiques-precarite-menstruelle-700x510-1-e1663056004948-296x300.jpg 296w\" sizes=\"(max-width: 502px) 100vw, 502px\" \/><\/figure><div class=\"wp-block-media-text__content\">\n<p>Chaque ann\u00e9e, pour lutter contre la pr\u00e9carit\u00e9 menstruelle, nous organisons une distribution de kits de protections hygi\u00e9niques r\u00e9utilisables \u00e0 toutes les nouvelles \u00e9tudiantes de l\u2019ISAE-ENSMA. Nous avons \u00e9galement install\u00e9 un distributeur de protections hygi\u00e9niques en libre-service financ\u00e9 par le club. Des collectes de protections hygi\u00e9niques sont organis\u00e9es et redistribu\u00e9es aux \u00e9tudiantes dans le besoin. \u00c0 terme, nous souhaiterions inclure une participation financi\u00e8re \u00e0 ce projet dans le budget annuel de l\u2019\u00e9cole.<\/p>\n<\/div><\/div>\n\n\n\n<ul><li>Campagnes de sensibilisation diverses :<\/li><\/ul>\n\n\n\n<p>Sous un autre format et de mani\u00e8re plus visuelle, nous avons mis en place des campagnes informatives abordant en quelques lignes des sujets importants&nbsp;: les r\u00e8gles, les pr\u00e9jug\u00e9s sexistes, le harc\u00e8lement\u2026 Ces campagnes sont affich\u00e9es dans le hall de l\u2019\u00e9cole et seront prochainement diffus\u00e9es sur nos r\u00e9seaux sociaux sous forme d\u2019articles ou de spots\u2026<\/p>\n\n\n\n<ul><li>Octobre Rose&nbsp;:<\/li><\/ul>\n\n\n\n<div class=\"wp-block-media-text alignwide has-media-on-the-right is-stacked-on-mobile\" style=\"grid-template-columns:auto 15%\"><figure class=\"wp-block-media-text__media\"><img decoding=\"async\" loading=\"lazy\" width=\"472\" height=\"794\" src=\"https:\/\/csf.ensma.fr\/wp-content\/uploads\/2022\/09\/ruban.jpg\" alt=\"\" class=\"wp-image-2016 size-full\" srcset=\"https:\/\/csf.ensma.fr\/wp-content\/uploads\/2022\/09\/ruban.jpg 472w, https:\/\/csf.ensma.fr\/wp-content\/uploads\/2022\/09\/ruban-178x300.jpg 178w\" sizes=\"(max-width: 472px) 100vw, 472px\" \/><\/figure><div class=\"wp-block-media-text__content\">\n<p>Pendant le mois d\u2019octobre, nous souhaitons participer \u00e0 la campagne Octobre Rose pour lutter contre le cancer du sein. L\u2019ann\u00e9e derni\u00e8re, nous avons organis\u00e9 une simple collecte aupr\u00e8s des \u00e9tudiants et personnels de l\u2019ISAE-ENSMA et revers\u00e9 la somme \u00e0 une association. Cette ann\u00e9e, nous avons pour projet d\u2019organiser une color-run sur notre campus pour reverser une nouvelle fois les b\u00e9n\u00e9fices \u00e0 une association.<\/p>\n<\/div><\/div>\n\n\n\n<ul><li>Interventions dans des coll\u00e8ges\/lyc\u00e9es&nbsp;:<\/li><\/ul>\n\n\n\n<p>Le CESA regroupe des \u00e9tudiantes et \u00e9tudiants de l\u2019ISAE-ENSMA qui ont \u00e0 c\u0153ur d\u2019encourager les coll\u00e9giennes et lyc\u00e9ennes \u00e0 s\u2019orienter vers des \u00e9tudes scientifiques et le domaine de l\u2019ing\u00e9nierie. Un de nos projets \u00e0 venir est d\u2019agir en dehors du cadre de l\u2019\u00e9cole pour engager la conversation avec des coll\u00e9giens\/lyc\u00e9ens afin de motiver filles et gar\u00e7ons \u00e0 suivre notre parcours et \u00e0 se lancer dans les \u00e9tudes sup\u00e9rieures de leurs r\u00eaves sans se pr\u00e9occuper des pr\u00e9jug\u00e9s sur ce domaine.<\/p>\n\n\n\n<p><strong>Qui sommes-nous&nbsp;?<\/strong><\/p>\n\n\n\n<p>Voici l\u2019\u00e9quipe active du bureau 2022\/2023.<\/p>\n\n\n\n<div class=\"tmm tmm_cesa\"><div class=\"tmm_3_columns tmm_wrap tmm_plugin_f\"><span class=\"tmm_two_containers_tablet\"><\/span><div class=\"tmm_container\"><div class=\"tmm_member\" style=\"border-top:#333333 solid 5px;\"><div class=\"tmm_photo tmm_pic_cesa_0\" style=\"background: url(https:\/\/csf.ensma.fr\/wp-content\/uploads\/2022\/08\/telecharger-_2__1.png); margin-left: auto; margin-right:auto; background-size:cover !important;\"><\/div><div class=\"tmm_textblock\"><div class=\"tmm_names\"><span class=\"tmm_fname\">Amalia<\/span> <span class=\"tmm_lname\">Cuisset<\/span><\/div><div class=\"tmm_job\">Pr\u00e9sident<\/div><div class=\"tmm_scblock\"><\/div><\/div><\/div><div class=\"tmm_member\" style=\"border-top:#333333 solid 5px;\"><div class=\"tmm_photo tmm_pic_cesa_1\" style=\"background: url(https:\/\/csf.ensma.fr\/wp-content\/uploads\/2022\/09\/306297681_1824219461247141_3697688970817338172_n-e1663014037225.png); margin-left: auto; margin-right:auto; background-size:cover !important;\"><\/div><div class=\"tmm_textblock\"><div class=\"tmm_names\"><span class=\"tmm_fname\">Fantine<\/span> <span class=\"tmm_lname\">Blanquez-Nadal<\/span><\/div><div class=\"tmm_job\">Vice-Pr\u00e9sidente<\/div><div class=\"tmm_scblock\"><\/div><\/div><\/div><span class=\"tmm_two_containers_tablet\"><\/span><div class=\"tmm_member\" style=\"border-top:#333333 solid 5px;\"><div class=\"tmm_photo tmm_pic_cesa_2\" style=\"background: url(https:\/\/csf.ensma.fr\/wp-content\/uploads\/2022\/09\/305385703_859823348258546_6474153159401510762_n-e1663014111697.png); margin-left: auto; margin-right:auto; background-size:cover !important;\"><\/div><div class=\"tmm_textblock\"><div class=\"tmm_names\"><span class=\"tmm_fname\">F\u00e9licien<\/span> <span class=\"tmm_lname\">Christiaens<\/span><\/div><div class=\"tmm_job\">Vice-Pr\u00e9sident<\/div><div class=\"tmm_scblock\"><\/div><\/div><\/div><\/div><span class=\"tmm_columns_containers_desktop\"><\/span><div class=\"tmm_container\"><div class=\"tmm_member\" style=\"border-top:#333333 solid 5px;\"><div class=\"tmm_photo tmm_pic_cesa_3\" style=\"background: url(https:\/\/csf.ensma.fr\/wp-content\/uploads\/2022\/09\/306146603_748071376297037_2638085639611538395_n-e1663014172621.jpg); margin-left: auto; margin-right:auto; background-size:cover !important;\"><\/div><div class=\"tmm_textblock\"><div class=\"tmm_names\"><span class=\"tmm_fname\">Chlo\u00e9<\/span> <span class=\"tmm_lname\">Pren\u00e9<\/span><\/div><div class=\"tmm_job\">Tr\u00e9sori\u00e8re<\/div><div class=\"tmm_scblock\"><\/div><\/div><\/div><span class=\"tmm_two_containers_tablet\"><\/span><div class=\"tmm_member\" style=\"border-top:#333333 solid 5px;\"><div class=\"tmm_photo tmm_pic_cesa_4\" style=\"background: url(https:\/\/csf.ensma.fr\/wp-content\/uploads\/2022\/09\/306025657_483349043649300_6482095104790211750_n-e1663014217629.png); margin-left: auto; margin-right:auto; background-size:cover !important;\"><\/div><div class=\"tmm_textblock\"><div class=\"tmm_names\"><span class=\"tmm_fname\">Garance<\/span> <span class=\"tmm_lname\">Marceaux<\/span><\/div><div class=\"tmm_job\">Vice-Tr\u00e9sori\u00e8re<\/div><div class=\"tmm_scblock\"><\/div><\/div><\/div><div class=\"tmm_member\" style=\"border-top:#333333 solid 5px;\"><div class=\"tmm_photo tmm_pic_cesa_5\" style=\"background: url(https:\/\/csf.ensma.fr\/wp-content\/uploads\/2022\/09\/306086150_828856788473910_2558981316374059918_n-e1663014273497.png); margin-left: auto; margin-right:auto; background-size:cover !important;\"><\/div><div class=\"tmm_textblock\"><div class=\"tmm_names\"><span class=\"tmm_fname\">Faustine <\/span> <span class=\"tmm_lname\">Remael<\/span><\/div><div class=\"tmm_job\">Secr\u00e9taire<\/div><div class=\"tmm_scblock\"><\/div><\/div><\/div><div style=\"clear:both;\"><\/div><\/div><\/div><\/div>\n\n\n\n<p><strong>Suivre nos actions<\/strong><\/p>\n\n\n\n<p>Vous pouvez suivre nos actions et retrouver nos campagnes de sensibilisation sur notre tout nouveau compte Instagram.<\/p>\n\n\n\n<ul class=\"wp-block-social-links aligncenter is-layout-flex\"><li class=\"wp-social-link wp-social-link-instagram wp-block-social-link\"><a href=\"https:\/\/instagram.com\/cesa.ensma\/\" class=\"wp-block-social-link-anchor\"><svg width=\"24\" height=\"24\" viewBox=\"0 0 24 24\" version=\"1.1\" xmlns=\"http:\/\/www.w3.org\/2000\/svg\" aria-hidden=\"true\" focusable=\"false\"><path d=\"M12,4.622c2.403,0,2.688,0.009,3.637,0.052c0.877,0.04,1.354,0.187,1.671,0.31c0.42,0.163,0.72,0.358,1.035,0.673 c0.315,0.315,0.51,0.615,0.673,1.035c0.123,0.317,0.27,0.794,0.31,1.671c0.043,0.949,0.052,1.234,0.052,3.637 s-0.009,2.688-0.052,3.637c-0.04,0.877-0.187,1.354-0.31,1.671c-0.163,0.42-0.358,0.72-0.673,1.035 c-0.315,0.315-0.615,0.51-1.035,0.673c-0.317,0.123-0.794,0.27-1.671,0.31c-0.949,0.043-1.233,0.052-3.637,0.052 s-2.688-0.009-3.637-0.052c-0.877-0.04-1.354-0.187-1.671-0.31c-0.42-0.163-0.72-0.358-1.035-0.673 c-0.315-0.315-0.51-0.615-0.673-1.035c-0.123-0.317-0.27-0.794-0.31-1.671C4.631,14.688,4.622,14.403,4.622,12 s0.009-2.688,0.052-3.637c0.04-0.877,0.187-1.354,0.31-1.671c0.163-0.42,0.358-0.72,0.673-1.035 c0.315-0.315,0.615-0.51,1.035-0.673c0.317-0.123,0.794-0.27,1.671-0.31C9.312,4.631,9.597,4.622,12,4.622 M12,3 C9.556,3,9.249,3.01,8.289,3.054C7.331,3.098,6.677,3.25,6.105,3.472C5.513,3.702,5.011,4.01,4.511,4.511 c-0.5,0.5-0.808,1.002-1.038,1.594C3.25,6.677,3.098,7.331,3.054,8.289C3.01,9.249,3,9.556,3,12c0,2.444,0.01,2.751,0.054,3.711 c0.044,0.958,0.196,1.612,0.418,2.185c0.23,0.592,0.538,1.094,1.038,1.594c0.5,0.5,1.002,0.808,1.594,1.038 c0.572,0.222,1.227,0.375,2.185,0.418C9.249,20.99,9.556,21,12,21s2.751-0.01,3.711-0.054c0.958-0.044,1.612-0.196,2.185-0.418 c0.592-0.23,1.094-0.538,1.594-1.038c0.5-0.5,0.808-1.002,1.038-1.594c0.222-0.572,0.375-1.227,0.418-2.185 C20.99,14.751,21,14.444,21,12s-0.01-2.751-0.054-3.711c-0.044-0.958-0.196-1.612-0.418-2.185c-0.23-0.592-0.538-1.094-1.038-1.594 c-0.5-0.5-1.002-0.808-1.594-1.038c-0.572-0.222-1.227-0.375-2.185-0.418C14.751,3.01,14.444,3,12,3L12,3z M12,7.378 c-2.552,0-4.622,2.069-4.622,4.622S9.448,16.622,12,16.622s4.622-2.069,4.622-4.622S14.552,7.378,12,7.378z M12,15 c-1.657,0-3-1.343-3-3s1.343-3,3-3s3,1.343,3,3S13.657,15,12,15z M16.804,6.116c-0.596,0-1.08,0.484-1.08,1.08 s0.484,1.08,1.08,1.08c0.596,0,1.08-0.484,1.08-1.08S17.401,6.116,16.804,6.116z\"><\/path><\/svg><span class=\"wp-block-social-link-label screen-reader-text\">Instagram<\/span><\/a><\/li><\/ul>\n\n\n\n<p><strong>Nous contacter<\/strong><\/p>\n\n\n\n<p>Vous pouvez aussi nous contacter par mail :<\/p>\n\n\n\n<ul class=\"wp-block-social-links aligncenter is-layout-flex\"><li class=\"wp-social-link wp-social-link-mail wp-block-social-link\"><a href=\"mailto:cesa@etu.isae-ensma.fr\" class=\"wp-block-social-link-anchor\"><svg width=\"24\" height=\"24\" viewBox=\"0 0 24 24\" version=\"1.1\" xmlns=\"http:\/\/www.w3.org\/2000\/svg\" aria-hidden=\"true\" focusable=\"false\"><path d=\"M20,4H4C2.895,4,2,4.895,2,6v12c0,1.105,0.895,2,2,2h16c1.105,0,2-0.895,2-2V6C22,4.895,21.105,4,20,4z M20,8.236l-8,4.882 L4,8.236V6h16V8.236z\"><\/path><\/svg><span class=\"wp-block-social-link-label screen-reader-text\">Mail<\/span><\/a><\/li><\/ul>\n","protected":false},"excerpt":{"rendered":"<p>Pr\u00e9sentation du CESA Qu\u2019est-ce que le CESA&nbsp;? En 2020, au vu des \u00e9v\u00e9nements nationaux, le sujet de l\u2019\u00e9galit\u00e9 femmes-hommes a surgi comme un sujet important pour le BDE de l\u2019ISAE-ENSMA dans une \u00e9cole \u00e0 majorit\u00e9 masculine. \u00c0 l\u2019instar d\u2019autres \u00e9coles <a class=\"more-link\" href=\"https:\/\/csf.ensma.fr\/?tmm=cesa\">En savoir plus&#8230;<\/a><\/p>\n","protected":false},"author":12,"featured_media":0,"parent":0,"menu_order":0,"comment_status":"closed","ping_status":"closed","template":"","meta":{"_mi_skip_tracking":false,"_monsterinsights_sitenote_active":false,"_monsterinsights_sitenote_note":"","_monsterinsights_sitenote_category":0},"aioseo_notices":[],"_links":{"self":[{"href":"https:\/\/csf.ensma.fr\/index.php?rest_route=\/wp\/v2\/pages\/2037"}],"collection":[{"href":"https:\/\/csf.ensma.fr\/index.php?rest_route=\/wp\/v2\/pages"}],"about":[{"href":"https:\/\/csf.ensma.fr\/index.php?rest_route=\/wp\/v2\/types\/page"}],"author":[{"embeddable":true,"href":"https:\/\/csf.ensma.fr\/index.php?rest_route=\/wp\/v2\/users\/12"}],"replies":[{"embeddable":true,"href":"https:\/\/csf.ensma.fr\/index.php?rest_route=%2Fwp%2Fv2%2Fcomments&post=2037"}],"version-history":[{"count":8,"href":"https:\/\/csf.ensma.fr\/index.php?rest_route=\/wp\/v2\/pages\/2037\/revisions"}],"predecessor-version":[{"id":2101,"href":"https:\/\/csf.ensma.fr\/index.php?rest_route=\/wp\/v2\/pages\/2037\/revisions\/2101"}],"wp:attachment":[{"href":"https:\/\/csf.ensma.fr\/index.php?rest_route=%2Fwp%2Fv2%2Fmedia&parent=2037"}],"curies":[{"name":"wp","href":"https:\/\/api.w.org\/{rel}","templated":true}]}}