{"id":2138,"date":"2023-08-03T14:03:57","date_gmt":"2023-08-03T12:03:57","guid":{"rendered":"https:\/\/csf.ensma.fr\/?page_id=2138"},"modified":"2023-09-20T11:29:11","modified_gmt":"2023-09-20T09:29:11","slug":"aides-et-soutiens-a-la-sante-mentale","status":"publish","type":"page","link":"https:\/\/csf.ensma.fr\/?page_id=2138","title":{"rendered":"Sant\u00e9 mentale"},"content":{"rendered":"\n<div class=\"wp-block-media-text alignwide is-stacked-on-mobile\" style=\"grid-template-columns:23% auto\"><figure class=\"wp-block-media-text__media\"><img decoding=\"async\" loading=\"lazy\" width=\"1024\" height=\"1024\" src=\"https:\/\/csf.ensma.fr\/wp-content\/uploads\/2023\/08\/Wavy_Eco-08_Single-12-1024x1024.jpg\" alt=\"\" class=\"wp-image-2140 size-full\" srcset=\"https:\/\/csf.ensma.fr\/wp-content\/uploads\/2023\/08\/Wavy_Eco-08_Single-12-1024x1024.jpg 1024w, https:\/\/csf.ensma.fr\/wp-content\/uploads\/2023\/08\/Wavy_Eco-08_Single-12-300x300.jpg 300w, https:\/\/csf.ensma.fr\/wp-content\/uploads\/2023\/08\/Wavy_Eco-08_Single-12-150x150.jpg 150w, https:\/\/csf.ensma.fr\/wp-content\/uploads\/2023\/08\/Wavy_Eco-08_Single-12-768x768.jpg 768w, https:\/\/csf.ensma.fr\/wp-content\/uploads\/2023\/08\/Wavy_Eco-08_Single-12-1536x1536.jpg 1536w, https:\/\/csf.ensma.fr\/wp-content\/uploads\/2023\/08\/Wavy_Eco-08_Single-12-2048x2048.jpg 2048w\" sizes=\"(max-width: 1024px) 100vw, 1024px\" \/><\/figure><div class=\"wp-block-media-text__content\">\n<p>Dans cette page, nous vous pr\u00e9sentons les dispositifs pr\u00e9sents \u00e0 l&#8217;ENSMA et en France de soutien psychologique par th\u00e8mes :<\/p>\n<\/div><\/div>\n\n\n<div class=\"wp-block-aioseo-table-of-contents\"><ul><li><a class=\"aioseo-toc-item\" href=\"#aioseo-a-lensma\">A l&#039;ENSMA<\/a><ul><li><a class=\"aioseo-toc-item\" href=\"#aioseo-referents-sante-mentale\">R\u00e9f\u00e9rents sant\u00e9 mentale<\/a><\/li><li><a class=\"aioseo-toc-item\" href=\"#aioseo-suivi-gratuit-psichologique\">Suivi gratuit psychologique<\/a><\/li><li><a class=\"aioseo-toc-item\" href=\"#aioseo-aides-sociales\">Aides sociales<\/a><\/li><\/ul><\/li><li><a class=\"aioseo-toc-item\" href=\"#aioseo-en-france\">En France<\/a><ul><li><a class=\"aioseo-toc-item\" href=\"#aioseo-soutien-psychologique\">Soutien psychologique<\/a><\/li><li><a class=\"aioseo-toc-item\" href=\"#aioseo-homophobie-transphobie\">Homophobie,\u00a0transphobie<\/a><\/li><li><a class=\"aioseo-toc-item\" href=\"#aioseo-sexualites\">Sexualit\u00e9s<\/a><\/li><li><a class=\"aioseo-toc-item\" href=\"#aioseo-suicide-pensees-suicidaires\">Suicide, pens\u00e9es\u00a0suicidaires<\/a><\/li><li><a class=\"aioseo-toc-item\" href=\"#aioseo-troubles-addictifs\">Troubles\u00a0addictifs<\/a><\/li><\/ul><\/li><li><a class=\"aioseo-toc-item\" href=\"#aioseo-sources\">Sources<\/a><\/li><\/ul><\/div>\n\n\n<p class=\"has-text-color has-normal-font-size\" style=\"color:#9641a8\">Cette page a vocation \u00e0 \u00e9voluer, si d&#8217;autres th\u00e8mes et liens vous semblent utiles envoyez les nous \u00e0 notre adresse mail : <a href=\"mailto:clubsansfrontiere@gmail.com\">clubsansfrontiere@gmail.com<\/a>. <\/p>\n\n\n\n<div class=\"wp-block-group is-vertical is-layout-flex wp-container-1\">\n<p>En cas de&nbsp;<strong>danger grave et imm\u00e9diat<\/strong>, appelez le SAMU (15), les pompiers (18), la police ou la gendarmerie (17).<\/p>\n\n\n\n<p class=\"has-small-font-size\">Si vous avez du mal \u00e0 entendre ou \u00e0 parler, si vous ne pouvez pas parler \u00e0 voix haute, envoyez un texto au 114, le num\u00e9ro d\u2019urgence d\u00e9di\u00e9. Pour cela, tapez \u201c114\u201d \u00e0 la place du nom du destinataire. Si vous avez un ordinateur, acc\u00e9dez au tchat ou passez un appel vid\u00e9o sur&nbsp;<a href=\"https:\/\/www.info.urgence114.fr\/\">www.info.urgence114.fr<\/a>. <\/p>\n<\/div>\n\n\n\n<h2 class=\"wp-block-heading has-text-color\" id=\"aioseo-a-lensma\" style=\"color:#9641a8\">A l&#8217;ENSMA<\/h2>\n\n\n\n<h3 class=\"wp-block-heading\" id=\"aioseo-referents-sante-mentale\">R\u00e9f\u00e9rents sant\u00e9 mentale<\/h3>\n\n\n\n<p class=\"has-small-font-size\">Les r\u00e9f\u00e9rents sant\u00e9 mentale sont des \u00e9tudiants qui peuvent vous r\u00e9orienter vers des liens et associations suivant les probl\u00e8mes auxquels vous faites face. Les r\u00e9f\u00e9rents sont tenus de garder les discussions pour eux. Voici la liste des \u00e9tudiants, vous pouvez les contacter par mail ENSMA ou par messenger :<\/p>\n\n\n\n<div class=\"tmm tmm_referents-sante-mentale-2023-2024\"><div class=\"tmm_2_columns tmm_wrap tmm_plugin_f\"><span class=\"tmm_two_containers_tablet\"><\/span><div class=\"tmm_container\"><div class=\"tmm_member\" style=\"border-top:#333333 solid 5px;\"><div class=\"tmm_photo tmm_pic_referents-sante-mentale-2023-2024_0\" style=\"background: url(https:\/\/csf.ensma.fr\/wp-content\/uploads\/2023\/06\/Manon-Belot.jpg); margin-left: auto; margin-right:auto; background-size:cover !important;\"><\/div><div class=\"tmm_textblock\"><div class=\"tmm_names\"><span class=\"tmm_fname\">Manon<\/span> <span class=\"tmm_lname\">Belot<\/span><\/div><div class=\"tmm_job\">A3<\/div><div class=\"tmm_scblock\"><a class=\"tmm_sociallink\" href=\"mailto:manon.belot@etu.isae-ensma.fr\" title=\"\"><img alt=\"\" src=\"https:\/\/csf.ensma.fr\/wp-content\/plugins\/team-members\/inc\/img\/links\/email.png\"\/><\/a><a target=\"_blank\" class=\"tmm_sociallink\" href=\"https:\/\/www.facebook.com\/profile.php?id=100012324969594\" title=\"\"><img alt=\"\" src=\"https:\/\/csf.ensma.fr\/wp-content\/plugins\/team-members\/inc\/img\/links\/messenger.png\"\/><\/a><\/div><\/div><\/div><div class=\"tmm_member\" style=\"border-top:#333333 solid 5px;\"><div class=\"tmm_textblock\"><div class=\"tmm_names\"><span class=\"tmm_fname\">Sacha <\/span> <span class=\"tmm_lname\">Burtin<\/span><\/div><div class=\"tmm_job\">A1<\/div><div class=\"tmm_scblock\"><a class=\"tmm_sociallink\" href=\"mailto:sacha.burtin@etu.isae-ensma.fr\" title=\"\"><img alt=\"\" src=\"https:\/\/csf.ensma.fr\/wp-content\/plugins\/team-members\/inc\/img\/links\/email.png\"\/><\/a><a target=\"_blank\" class=\"tmm_sociallink\" href=\"https:\/\/www.facebook.com\/profile.php?id=100069745186249\" title=\"\"><img alt=\"\" src=\"https:\/\/csf.ensma.fr\/wp-content\/plugins\/team-members\/inc\/img\/links\/messenger.png\"\/><\/a><\/div><\/div><\/div><span class=\"tmm_two_containers_tablet\"><\/span><\/div><span class=\"tmm_columns_containers_desktop\"><\/span><div class=\"tmm_container\"><div class=\"tmm_member\" style=\"border-top:#333333 solid 5px;\"><div class=\"tmm_textblock\"><div class=\"tmm_names\"><span class=\"tmm_fname\">Kasimir<\/span> <span class=\"tmm_lname\">Lamothe<\/span><\/div><div class=\"tmm_job\">A1<\/div><div class=\"tmm_scblock\"><a class=\"tmm_sociallink\" href=\"mailto:kasimir.lamothe@etu.isae-ensma.fr\" title=\"\"><img alt=\"\" src=\"https:\/\/csf.ensma.fr\/wp-content\/plugins\/team-members\/inc\/img\/links\/email.png\"\/><\/a><a target=\"_blank\" class=\"tmm_sociallink\" href=\"https:\/\/www.facebook.com\/profile.php?id=100007693097713\" title=\"\"><img alt=\"\" src=\"https:\/\/csf.ensma.fr\/wp-content\/plugins\/team-members\/inc\/img\/links\/messenger.png\"\/><\/a><\/div><\/div><\/div><div style=\"clear:both;\"><\/div><\/div><\/div><\/div>\n\n\n\n<h3 class=\"wp-block-heading\" id=\"aioseo-suivi-gratuit-psichologique\">Suivi gratuit psychologique<\/h3>\n\n\n\n<p class=\"has-small-font-size\">Le Service de sant\u00e9 universitaire offre la possibilit\u00e9 d\u2019un suivi gratuit avec une psychologue. Les consultations ont lieu sur le campus de Poitiers (4 all\u00e9e Jean Monnet 86000 POITIERS).<br>Prendre rendez-vous au secr\u00e9tariat du SSU en t\u00e9l\u00e9phonant <strong>05 49 45 33 54<\/strong> en pr\u00e9cisant que vous \u00eates \u00e9l\u00e8ves \u00e0 l\u2019ENSMA)<\/p>\n\n\n\n<h3 class=\"wp-block-heading\" id=\"aioseo-aides-sociales\">Aides sociales<\/h3>\n\n\n\n<p class=\"has-small-font-size\">Les aides sociales de l&#8217;ENSMA sont pr\u00e9sent\u00e9es dans les documents pr\u00e9sents sur l&#8217;ENT : <a href=\"https:\/\/ent.ensma.fr\/documents\/explorer\" title=\"\">https:\/\/ent.ensma.fr\/documents\/explorer<\/a> puis Vie \u00e9tudiante &#8211; aide sociale -aide sociale.pdf<\/p>\n\n\n\n<h2 class=\"wp-block-heading has-text-color\" id=\"aioseo-en-france\" style=\"color:#9641a8\">En France<\/h2>\n\n\n\n<h3 class=\"wp-block-heading\" id=\"aioseo-soutien-psychologique\"><strong>Soutien psychologique<\/strong><\/h3>\n\n\n\n<div class=\"wp-block-group is-vertical is-layout-flex wp-container-2\">\n<p class=\"has-small-font-size\"><strong>Mon soutien psy : remboursement de s\u00e9ances chez le psychologue<\/strong><\/p>\n\n\n\n<p class=\"has-small-font-size\">Le dispositif Mon psy est un accompagnement psychologique qui permet \u00e0 tout enfant de plus de 3&nbsp;ans, adolescent et adulte angoiss\u00e9, d\u00e9prim\u00e9 ou en souffrance psychique, de b\u00e9n\u00e9ficier de s\u00e9ances d\u2019accompagnement psychologique avec une prise en charge par l\u2019Assurance Maladie.<\/p>\n\n\n\n<p class=\"has-small-font-size\">En fonction de votre \u00e9tat de sant\u00e9, et avec votre accord, votre m\u00e9decin peut vous proposer de suivre jusqu\u2019\u00e0 8&nbsp;s\u00e9ances avec un psychologue conventionn\u00e9 avec l&#8217;Assurance Maladie et partenaire du dispositif. L\u2019accompagnement psychologique comprend&nbsp;:<\/p>\n\n\n\n<ul>\n<li class=\"has-small-font-size\">une premi\u00e8re s\u00e9ance qui est un entretien d\u2019\u00e9valuation&nbsp;;<\/li>\n\n\n\n<li class=\"has-small-font-size\">entre 1 \u00e0 7&nbsp;s\u00e9ances de suivi psychologique dans l&#8217;ann\u00e9e. Ce nombre est adapt\u00e9 \u00e0 vos besoins par le psychologue.<\/li>\n<\/ul>\n<\/div>\n\n\n\n<p class=\"has-small-font-size\"><a href=\"https:\/\/www.croix-rouge.fr\/Nos-actions\/Action-sociale\/Soutien-psychologique-et-isolement-social\/Croix-Rouge-Ecoute-service-de-soutien-psychologique-par-telephone\" target=\"_blank\" rel=\"noreferrer noopener\"><strong>Croix-Rouge \u00e9coute (association)<\/strong><\/a> <br>Soutien psychologique pour toute personne ressentant le besoin de parler (solitude, d\u00e9pression, violence, addictions\u2026), par des b\u00e9n\u00e9voles form\u00e9s, service anonyme et gratuit&nbsp;<br><strong>0 800 858 858 (lundi au vendredi 9h-19h, samedi dimanche 12h-18h)<\/strong><\/p>\n\n\n\n<p class=\"has-small-font-size\"><strong><a href=\"http:\/\/www.sos-amitie.com\/\" target=\"_blank\" rel=\"noreferrer noopener\">SOS Amiti\u00e9 (association)<\/a> <\/strong><br>Ecoute des personnes en d\u00e9tresse et de leur entourage, par des b\u00e9n\u00e9voles form\u00e9s, service anonyme et gratuit<br><strong>09 72 39 40 50&nbsp;&nbsp;(7j\/7 et 24h\/24)<\/strong><br><strong>01 46 21 46 46&nbsp; en langue anglaise (7\/7 3PM-11PM)<\/strong><br><strong>par&nbsp;<a href=\"https:\/\/www.sos-amitie.com\/web\/internet\/chat\" target=\"_blank\" rel=\"noreferrer noopener\">tchat<\/a>&nbsp;(7j\/7 13h-03h du matin)<\/strong><\/p>\n\n\n\n<div class=\"wp-block-group is-vertical is-layout-flex wp-container-3\">\n<p class=\"has-small-font-size\"><strong><a href=\"https:\/\/www.lestransmetteurs.org\/soscrise\" target=\"_blank\" rel=\"noreferrer noopener\">SOS crise (association Les transmetteurs)<\/a><\/strong><\/p>\n\n\n\n<p class=\"has-small-font-size\">Ecoute et orientation pour obtenir de l\u2019aide pour toute personne inqui\u00e8te ou angoiss\u00e9e, par des professionnels de la sant\u00e9, du social ou de l\u2019\u00e9ducation \u00e0 la retraite et b\u00e9n\u00e9voles. Service gratuit et anonyme, seuls le pr\u00e9nom et le code postal sont demand\u00e9s.&nbsp;<br><strong>0800 19 00 00 (7j\/7 9h-19h)<\/strong><\/p>\n<\/div>\n\n\n\n<p class=\"has-small-font-size\"><strong><a href=\"http:\/\/www.alloecouteado.org\/\" target=\"_blank\" rel=\"noreferrer noopener\">Allo Ecoute Ado (Pep 43)<\/a><\/strong><br>\u00c9coute pour les adolescents et jeunes adultes de 10 \u00e0 25 ans, par des psychologues, service confidentiel et gratuit<br><strong>06 12 20 34 71 (lundi au vendredi 17h-20h, rappel possible)<\/strong><\/p>\n\n\n\n<p class=\"has-small-font-size\"><strong><a href=\"https:\/\/www.soins-aux-etudiants.com\/\" target=\"_blank\" rel=\"noreferrer noopener\">Etudiante ou \u00e9tudiant en souffrance (SPS, soci\u00e9t\u00e9 Pros Consulte)<\/a><\/strong><br>Ecoute pour les \u00e9tudiantes et les \u00e9tudiants pr\u00e9occup\u00e9s par un avenir incertain, la solitude, l\u2019isolement ou la pr\u00e9carit\u00e9, par des psychologues, service anonyme et gratuit<br>&nbsp;<strong>0 805 23 23 36 ou via l\u2019appli Asso SPS (7j\/7 et 24h\/24)<\/strong><\/p>\n\n\n\n<p class=\"has-small-font-size\"><a href=\"http:\/\/www.filsantejeunes.com\/\" target=\"_blank\" rel=\"noreferrer noopener\"><strong>Fil sant\u00e9 jeunes (Ecole des parents)<\/strong><\/a><br>Ecoute, soutien et orientation des jeunes de 12 \u00e0 25 ans sur la sant\u00e9, la sexualit\u00e9, l\u2019amour, le mal-\u00eatre, par des professionnels de sant\u00e9 et des professionnels du net, service anonyme et gratuit<br><strong>0 800 235 236 (7j\/7 9h-23h),&nbsp;<a href=\"https:\/\/www.filsantejeunes.com\/jeunes-sourds-ou-malentendants-fil-sante-jeunes-accessible-22075\" target=\"_blank\" rel=\"noreferrer noopener\">plusieurs modes d\u2019acc\u00e8s<\/a>&nbsp;pour les personnes sourdes et malentendantes (lundi au vendredi 9h-17h30, samedi 9h-12h30)<br>Par&nbsp;<a href=\"https:\/\/www.filsantejeunes.com\/tchat-individuel\" target=\"_blank\" rel=\"noreferrer noopener\">tchat<\/a>&nbsp;(7j\/7, 9h-22h), Espace en ligne&nbsp;<a href=\"https:\/\/www.filsantejeunes.com\/boites-a-questions\" target=\"_blank\" rel=\"noreferrer noopener\">Pose tes questions<\/a><\/strong><\/p>\n\n\n\n<p class=\"has-small-font-size\"><strong><a href=\"http:\/\/www.lesfunambules-falret.org\/\" target=\"_blank\" rel=\"noreferrer noopener\">Les Funambules Falret (Oeuvre Falret)<\/a><\/strong><br>\u00c9coute et soutien pour les personnes de 7 \u00e0 25 ans vivant avec un proche qui a des troubles psychiques, service gratuit<br><strong>01 84 79 74 60 (lundi mercredi jeudi 14h-19h)<\/strong><br><strong>Ou prendre un rdv t\u00e9l\u00e9phonique par courriel \u00e0&nbsp;LesFunambules@oeuvre-falret.asso.fr, par&nbsp;<a href=\"https:\/\/www.facebook.com\/funambulesfalret\/\" target=\"_blank\" rel=\"noreferrer noopener\">Messenger<\/a>, par Instagram @FunambulesFALRET<\/strong><\/p>\n\n\n\n<h3 class=\"wp-block-heading\" id=\"aioseo-homophobie-transphobie\"><strong>Homophobie,&nbsp;transphobie<\/strong><\/h3>\n\n\n\n<p class=\"has-small-font-size\"><strong><a href=\"https:\/\/www.acceptess-t.com\/soutien-psychologique\" target=\"_blank\" rel=\"noreferrer noopener\">Acceptess-T (association)<\/a><\/strong><br>Ecoute pour les personnes transgenre, sur des questions en rapport avec la transition ou non, entretien d\u2019une trentaine de minutes avec un ou ou une psychologue. Service anonyme, confidentiel et gratuit<br><strong>En visio (lundi 13h-19h) sur rdv \u00e0 prendre au 01 42 29 23 67 ou par&nbsp;<a href=\"https:\/\/www.acceptess-t.com\/soutien-psychologique\" target=\"_blank\" rel=\"noreferrer noopener\">formulaire en ligne<\/a>&nbsp;ou par courriel \u00e0&nbsp;<a href=\"javascript:;\">psychologue@acceptess-t.com<\/a><\/strong><\/p>\n\n\n\n<p class=\"has-small-font-size\"><a href=\"https:\/\/www.asso-contact.org\/ligne-decoute\" target=\"_blank\" rel=\"noreferrer noopener\"><strong>Contact (union d\u2019associations)<\/strong><\/a><br>Ecoute pour les personnes qui s\u2019interrogent sur leur orientation sexuelle ou leur identit\u00e9 de genre ainsi que leurs proches, par des b\u00e9n\u00e9voles form\u00e9s. Service anonyme et gratuit<br><strong>0 805 69 64 64 (lundi au jeudi 17h-21h, vendredi 15h-20h, samedi 13h30-15h30)<\/strong><\/p>\n\n\n\n<p class=\"has-small-font-size\"><a href=\"https:\/\/le-refuge.org\/fondation\/actions#ligne-jeunes-lgbt\" target=\"_blank\" rel=\"noreferrer noopener\"><strong>Le Refuge (fondation)<\/strong><\/a><br>Soutien, orientation des jeunes LGBT+ de 14 \u00e0 25 ans victimes d\u2019homophobie ou de transphobie et en situation de rupture avec leur famille, par des b\u00e9n\u00e9voles form\u00e9s et une \u00e9ducatrice sp\u00e9cialis\u00e9e, service gratuit<br><strong>06 31 59 69 50 (appel ou sms 7j\/7 et 24h\/24)<\/strong><\/p>\n\n\n\n<p class=\"has-small-font-size\"><strong><a href=\"http:\/\/www.ligneazur.org\/\" target=\"_blank\" rel=\"noreferrer noopener\">Ligne Azur (SIS association)<\/a><\/strong><br>Soutien et information pour toute personne qui s\u2019interroge sur son orientation sexuelle ou son identit\u00e9 de genre, pour les victimes ou t\u00e9moins d\u2019homophobie ou transphobie, par des professionnels de l\u2019\u00e9coute<br><strong>Num\u00e9ro gratuit 01 41 83 42 81 (7j\/7 8h-23h),&nbsp; num\u00e9ro \u00e0 0,06 euros la minute 0 810 20 30 40 (7j\/7 8h-23h), &nbsp;et question par&nbsp;<a href=\"https:\/\/www.ligneazur.org\/poser-ma-question\/\" target=\"_blank\" rel=\"noreferrer noopener\">formulaire en ligne<\/a>&nbsp;(gratuit, r\u00e9ponse en 48h)<\/strong><\/p>\n\n\n\n<p class=\"has-small-font-size\"><a href=\"https:\/\/www.sos-homophobie.org\/ligne-ecoute\" target=\"_blank\" rel=\"noreferrer noopener\"><strong>SOS Homophobie (association)<\/strong><\/a><br>Ecoute pour les personnes victimes et les t\u00e9moins d\u2019actes ou de discriminations lesbophobes, gayphobes, biphobes, transphobes, par des b\u00e9n\u00e9voles form\u00e9s, service anonyme et gratuit<br><strong>01 48 06 42 41 (lundi au vendredi 18h-22h, samedi 14h-16h, dimanche 18h-20h)<\/strong><br><strong><a href=\"https:\/\/www.sos-homophobie.org\/chat\" target=\"_blank\" rel=\"noreferrer noopener\">Chat\u2019\u00e9coute<\/a>&nbsp;(jeudi 21h-22h30, dimanche 18h-19h30)<\/strong><\/p>\n\n\n\n<h3 class=\"wp-block-heading\" id=\"aioseo-sexualites\">Sexualit\u00e9s<\/h3>\n\n\n\n<p class=\"has-small-font-size\"><a href=\"https:\/\/www.planning-familial.org\/fr\/le-numero-vert-national-sexualites-contraception-ivg-0800-08-11-11-261\" target=\"_blank\" rel=\"noreferrer noopener\"><strong>Sexualit\u00e9s, contraception, IVG (association Le planning familial, avec le minist\u00e8re de la Sant\u00e9)<\/strong><\/a><br>Ecoute et information sur la sexualit\u00e9, la contraception, l\u2019interruption volontaire de grossesse, les violences, par des \u00e9coutantes professionnelles form\u00e9es, service anonyme et gratuit<br><strong>0 800 08 11 11 (lundi au samedi 9h-20h)<\/strong><\/p>\n\n\n\n<p class=\"has-small-font-size\"><a href=\"https:\/\/www.sexualites-info-sante.fr\/sexualites-osons-en-parler\/\" target=\"_blank\" rel=\"noreferrer noopener\"><strong>Sexualit\u00e9s info sant\u00e9 (association Sida info service)<\/strong><\/a><br>Ecoute et information pour toute personne quelque soit son genre, son orientation sexuelle, son exp\u00e9rience de vie et sa situation sociale, par des professionnels de l\u2019\u00e9coute form\u00e9s aux sp\u00e9cificit\u00e9s des sexualit\u00e9s, service anonyme et gratuit<br><strong><a href=\"https:\/\/www.sexualites-info-sante.fr\/une-question-par-livechat\/\" target=\"_blank\" rel=\"noreferrer noopener\">tchat<\/a>&nbsp;(7j\/7 9h-22 h), question par&nbsp;<a href=\"https:\/\/www.sexualites-info-sante.fr\/une-question-par-email\/\" target=\"_blank\" rel=\"noreferrer noopener\">formulaire en ligne<\/a>&nbsp;(r\u00e9ponse sous 48h)<\/strong><\/p>\n\n\n\n<h3 class=\"wp-block-heading\" id=\"aioseo-suicide-pensees-suicidaires\"><strong>Suicide, pens\u00e9es&nbsp;suicidaires<\/strong><\/h3>\n\n\n\n<p class=\"has-small-font-size\"><strong><a href=\"https:\/\/www.allo-suicide.fr\/\" target=\"_blank\" rel=\"noreferrer noopener\">Allo-suicide (association Lueur d\u2019espoir)<\/a><\/strong><strong><br><\/strong>Ecoute anonyme et gratuite des personnes en grande souffrance psychologique ou confront\u00e9es au suicide, et de leur entourage, par des b\u00e9n\u00e9voles form\u00e9s<strong><br>04 22 53 74 59 (7j\/7 20h-23h)<\/strong><\/p>\n\n\n\n<p class=\"has-small-font-size\"><a href=\"http:\/\/www.3114.fr\/\" target=\"_blank\" rel=\"noreferrer noopener\"><strong>Le 3114, num\u00e9ro national de pr\u00e9vention du suicide (Minist\u00e8re de la Sant\u00e9, coordination par le CHU de Lille)<\/strong><\/a><br>Ecoute confidentielle et gratuite pour les personnes ayant des pens\u00e9es suicidaires, les personnes inqui\u00e8tes pour un proche, les personnes endeuill\u00e9es par suicide, les professionnels de sant\u00e9 ayant besoin d\u2019un avis sp\u00e9cialis\u00e9, par des professionnels des soins form\u00e9s \u00e0 la pr\u00e9vention du suicide<br><strong>3114 (7j\/7 et 24h\/24)<\/strong><\/p>\n\n\n\n<p class=\"has-small-font-size\"><a href=\"http:\/\/www.sos-suicide-phenix.org\/\" target=\"_blank\" rel=\"noreferrer noopener\"><strong>SOS Suicide Ph\u00e9nix (associations)<\/strong><\/a><br>Ecoute anonyme et gratuite des personnes en grande souffrance psychologique ou confront\u00e9es au suicide, et de leur entourage, par des b\u00e9n\u00e9voles form\u00e9s<br><strong>01 40 44 46 45 (7j\/7 13h-23h)<\/strong><\/p>\n\n\n\n<p class=\"has-small-font-size\"><strong><a href=\"https:\/\/soshelpline.org\/\" target=\"_blank\" rel=\"noreferrer noopener\">SOS help (non profit organisation)<\/a><\/strong><br>English-language emotional support line for the international community in France, free and anonymous service, by trained volunteers<br><strong>01 46 21 46 46 (7\/7 3PM-11PM)<\/strong><\/p>\n\n\n\n<p class=\"has-small-font-size\"><strong><a href=\"https:\/\/suicide-ecoute.fr\/\" target=\"_blank\" rel=\"noreferrer noopener\">Suicide Ecoute (association)<\/a><\/strong><br>Ecoute anonyme et gratuite des personnes en grande souffrance psychologique ou confront\u00e9es au suicide, et de leur entourage, par des b\u00e9n\u00e9voles form\u00e9s<br><strong>01 45 39 40 00&nbsp;&nbsp;(7j\/7 et 24h\/24)<\/strong><\/p>\n\n\n\n<h3 class=\"wp-block-heading\" id=\"aioseo-troubles-addictifs\"><strong>Troubles&nbsp;addictifs<\/strong><\/h3>\n\n\n\n<p class=\"has-small-font-size\"><strong><a href=\"https:\/\/www.alcool-info-service.fr\/\" target=\"_blank\" rel=\"noreferrer noopener\">Alcool Info Service (Sant\u00e9 publique France)<\/a><\/strong><br>Information, soutien, conseil et orientation pour les personnes en difficult\u00e9 avec l\u2019alcool, et pour leurs proches, service anonyme et gratuit<br><strong>0 980 980 930 (7j\/7 8h-2h) ou&nbsp;<a href=\"https:\/\/www.alcool-info-service.fr\/Alcool\/Pages-satellites\/Chat\" target=\"_blank\" rel=\"noreferrer noopener\">tchat<\/a><\/strong><\/p>\n\n\n\n<p class=\"has-small-font-size\"><a href=\"https:\/\/www.alcooliques-anonymes.fr\/contacts\/#problemeAlcool\" target=\"_blank\" rel=\"noreferrer noopener\"><strong>Alcooliques Anonymes (association)<\/strong><\/a><br>Ecoute et soutien pour les personnes ayant un probl\u00e8me d\u2019alcool, par des b\u00e9n\u00e9voles membres des Alcooliques Anonymes abstinents, service anonyme et gratuit<br><strong>09 69 39 40 20 (7j\/7 et 24h\/24), courriel par&nbsp;<a href=\"https:\/\/www.alcooliques-anonymes.fr\/contacts\/#problemeAlcool\" target=\"_blank\" rel=\"noreferrer noopener\">formulaire en ligne<\/a><\/strong><\/p>\n\n\n\n<p class=\"has-small-font-size\"><a href=\"http:\/\/www.drogues-info-service.fr\/\" target=\"_blank\" rel=\"noreferrer noopener\"><strong>Drogue info service (Sant\u00e9 publique France)<\/strong><\/a><br>Information, soutien, conseil et orientation pour les personnes en difficult\u00e9 avec l\u2019usage de drogues, et pour leurs proches, service anonyme et gratuit<br><strong>0 800 23 13 13 (7j\/7 8h-2h) ou&nbsp;<a href=\"https:\/\/www.drogues-info-service.fr\/Drogues\/Chat\" target=\"_blank\" rel=\"noreferrer noopener\">tchat<\/a><\/strong><\/p>\n\n\n\n<p class=\"has-small-font-size\"><strong><a href=\"https:\/\/www.tabac-info-service.fr\/Le-39-89\" target=\"_blank\" rel=\"noreferrer noopener\">Tabac info service (Sant\u00e9 publique France)<\/a><\/strong><br>Information, conseil et aide \u00e0 l\u2019arr\u00eat du tabac, ainsi que service de coaching personnalis\u00e9 par internet, service anonyme et gratuit<br><strong>39 89&nbsp; (lundi au samedi 10h-18h)<\/strong><\/p>\n\n\n\n<h2 class=\"wp-block-heading\" id=\"aioseo-sources\">Sources<\/h2>\n\n\n\n<div class=\"wp-block-group is-layout-constrained\"><div class=\"wp-block-group__inner-container\">\n<div class=\"wp-block-group is-vertical is-layout-flex wp-container-5\">\n<p class=\"has-small-font-size\"><a href=\"https:\/\/www.psycom.org\/sorienter\/les-lignes-decoute\/\">https:\/\/www.psycom.org\/sorienter\/les-lignes-decoute\/<\/a><\/p>\n\n\n\n<div class=\"wp-block-group has-small-font-size is-layout-constrained\"><div class=\"wp-block-group__inner-container\">\n<p class=\"has-small-font-size\"><a href=\"https:\/\/www.ameli.fr\/assure\/sante\/themes\/sante-mentale\/sante-mentale-qui-s-adresser#text_197853\">https:\/\/www.ameli.fr\/assure\/sante\/themes\/sante-mentale\/sante-mentale-qui-s-adresser#text_197853<\/a><\/p>\n<\/div><\/div>\n<\/div>\n<\/div><\/div>\n\n\n\n<p><\/p>\n","protected":false},"excerpt":{"rendered":"<p>Dans cette page, nous vous pr\u00e9sentons les dispositifs pr\u00e9sents \u00e0 l&#8217;ENSMA et en France de soutien psychologique par th\u00e8mes : Cette page a vocation \u00e0 \u00e9voluer, si d&#8217;autres th\u00e8mes et liens vous semblent utiles envoyez les nous \u00e0 notre adresse <a class=\"more-link\" href=\"https:\/\/csf.ensma.fr\/?tmm=referents-sante-mentale-2023-2024\">En savoir plus&#8230;<\/a><\/p>\n","protected":false},"author":14,"featured_media":2140,"parent":0,"menu_order":0,"comment_status":"closed","ping_status":"closed","template":"","meta":{"_mi_skip_tracking":false,"_monsterinsights_sitenote_active":false,"_monsterinsights_sitenote_note":"","_monsterinsights_sitenote_category":0},"aioseo_notices":[],"_links":{"self":[{"href":"https:\/\/csf.ensma.fr\/index.php?rest_route=\/wp\/v2\/pages\/2138"}],"collection":[{"href":"https:\/\/csf.ensma.fr\/index.php?rest_route=\/wp\/v2\/pages"}],"about":[{"href":"https:\/\/csf.ensma.fr\/index.php?rest_route=\/wp\/v2\/types\/page"}],"author":[{"embeddable":true,"href":"https:\/\/csf.ensma.fr\/index.php?rest_route=\/wp\/v2\/users\/14"}],"replies":[{"embeddable":true,"href":"https:\/\/csf.ensma.fr\/index.php?rest_route=%2Fwp%2Fv2%2Fcomments&post=2138"}],"version-history":[{"count":11,"href":"https:\/\/csf.ensma.fr\/index.php?rest_route=\/wp\/v2\/pages\/2138\/revisions"}],"predecessor-version":[{"id":2159,"href":"https:\/\/csf.ensma.fr\/index.php?rest_route=\/wp\/v2\/pages\/2138\/revisions\/2159"}],"wp:featuredmedia":[{"embeddable":true,"href":"https:\/\/csf.ensma.fr\/index.php?rest_route=\/wp\/v2\/media\/2140"}],"wp:attachment":[{"href":"https:\/\/csf.ensma.fr\/index.php?rest_route=%2Fwp%2Fv2%2Fmedia&parent=2138"}],"curies":[{"name":"wp","href":"https:\/\/api.w.org\/{rel}","templated":true}]}}