{"id":222,"date":"2019-11-01T16:53:54","date_gmt":"2019-11-01T15:53:54","guid":{"rendered":"https:\/\/csf.ensma.fr\/?page_id=222"},"modified":"2020-05-23T11:45:39","modified_gmt":"2020-05-23T09:45:39","slug":"telethon","status":"publish","type":"page","link":"https:\/\/csf.ensma.fr\/?page_id=222","title":{"rendered":"T\u00e9l\u00e9thon"},"content":{"rendered":"\n<h2 class=\"wp-block-heading\">Journ\u00e9e T\u00e9l\u00e9thon<\/h2>\n\n\n\n<p class=\"has-normal-font-size\">Le g\u00e9ant Casino de Poitiers ne participant plus au T\u00e9l\u00e9thon en D\u00e9cembre nous avons d\u00e9cid\u00e9 d\u2019organiser notre propre \u00e9v\u00e8nement T\u00e9l\u00e9thon cette ann\u00e9e. Cette journ\u00e9e s\u2019est d\u00e9roul\u00e9e le Jeudi 10 Octobre et a impliqu\u00e9e le BDE, le BDS ainsi que d\u2019autres clubs de l\u2019Ecole. Cette journ\u00e9e a regroup\u00e9 <strong>pr\u00e8s de 250 personnes<\/strong> incluant 30 \u00e9l\u00e8ves de l\u2019\u00e9cole des orthophonistes. Tout au long de l&#8217;apr\u00e8s-midi, les \u00e9tudiants ont particip\u00e9 \u00e0 un tournoi sportif, \u00e0 un parcours du combattant et ont \u00e9galement pu d\u00e9couvrir l\u2019aviron et les talents des cuisiniers de l\u2019Ensmasterchef. La Fansmare a jou\u00e9 sans compter afin de rendre l\u2019atmosph\u00e8re tr\u00e8s festive. Cette journ\u00e9es\u2019\u00e9tait alors conclue sur un barbecue et un concert de la Cave Rock.<\/p>\n\n\n\n<p class=\"has-normal-font-size\">Gr\u00e2ce aux participations du tournoi, au barbecue, et \u00e0 la vente de goodies, nous avons r\u00e9ussi \u00e0 collecter <strong>plus de 900\u20ac<\/strong>, qui ont \u00e9t\u00e9 enti\u00e8rement revers\u00e9s au T\u00e9l\u00e9thon pour soutenir le recherche m\u00e9dicale.<\/p>\n\n\n\r\n\t<ul id=\"slideshowgallery3376\" class=\"slideshowgallery3376\" style=\"display:none;\">\r\n\t\t\t\t\t<!-- From all slides or gallery slides -->\r\n\t\t\t\t\t\t\t\r\n\t\t\t\t<li>\r\n\t\t\t\t\t<h3 style=\"opacity:70;\"><\/h3>\r\n\t\t\t\t\t\t\t\t\t\t\t<span data-alt=\"img9633\">https:\/\/csf.ensma.fr\/wp-content\/uploads\/2019\/11\/IMG_9633.jpg<\/span>\r\n\t\t\t\t\t\t\t\t\t\t<p><\/p>\r\n\t\t\t\t\t\t\t\t\t\t\t\t\t\t\t\t\t\t<a><\/a>\r\n\t\t\t\t\t\t\t\t\t\t\t\t\t\t\t<\/li>\r\n\t\t\t\t\t\t\t\r\n\t\t\t\t<li>\r\n\t\t\t\t\t<h3 style=\"opacity:70;\">IMG_9826<\/h3>\r\n\t\t\t\t\t\t\t\t\t\t\t<span data-alt=\"img9826\">https:\/\/csf.ensma.fr\/wp-content\/uploads\/2019\/11\/IMG_9826.jpg<\/span>\r\n\t\t\t\t\t\t\t\t\t\t<p><\/p>\r\n\t\t\t\t\t\t\t\t\t\t\t\t\t\t\t\t\t\t<a><\/a>\r\n\t\t\t\t\t\t\t\t\t\t\t\t\t\t\t<\/li>\r\n\t\t\t\t\t\t\t\r\n\t\t\t\t<li>\r\n\t\t\t\t\t<h3 style=\"opacity:70;\">IMG_9819<\/h3>\r\n\t\t\t\t\t\t\t\t\t\t\t<span data-alt=\"img9819\">https:\/\/csf.ensma.fr\/wp-content\/uploads\/2019\/11\/IMG_9819.jpg<\/span>\r\n\t\t\t\t\t\t\t\t\t\t<p><\/p>\r\n\t\t\t\t\t\t\t\t\t\t\t\t\t\t\t\t\t\t<a><\/a>\r\n\t\t\t\t\t\t\t\t\t\t\t\t\t\t\t<\/li>\r\n\t\t\t\t\t\t\t\r\n\t\t\t\t<li>\r\n\t\t\t\t\t<h3 style=\"opacity:70;\"><\/h3>\r\n\t\t\t\t\t\t\t\t\t\t\t<span data-alt=\"img1463\">https:\/\/csf.ensma.fr\/wp-content\/uploads\/2019\/11\/IMG_1463.jpg<\/span>\r\n\t\t\t\t\t\t\t\t\t\t<p><\/p>\r\n\t\t\t\t\t\t\t\t\t\t\t\t\t\t\t\t\t\t<a><\/a>\r\n\t\t\t\t\t\t\t\t\t\t\t\t\t\t\t<\/li>\r\n\t\t\t\t\t\t\t\r\n\t\t\t\t<li>\r\n\t\t\t\t\t<h3 style=\"opacity:70;\"><\/h3>\r\n\t\t\t\t\t\t\t\t\t\t\t<span data-alt=\"img9813\">https:\/\/csf.ensma.fr\/wp-content\/uploads\/2019\/11\/IMG_9813.jpg<\/span>\r\n\t\t\t\t\t\t\t\t\t\t<p><\/p>\r\n\t\t\t\t\t\t\t\t\t\t\t\t\t\t\t\t\t\t<a><\/a>\r\n\t\t\t\t\t\t\t\t\t\t\t\t\t\t\t<\/li>\r\n\t\t\t\t\t\t\t\r\n\t\t\t\t<li>\r\n\t\t\t\t\t<h3 style=\"opacity:70;\"><\/h3>\r\n\t\t\t\t\t\t\t\t\t\t\t<span data-alt=\"img9801\">https:\/\/csf.ensma.fr\/wp-content\/uploads\/2019\/11\/IMG_9801.jpg<\/span>\r\n\t\t\t\t\t\t\t\t\t\t<p><\/p>\r\n\t\t\t\t\t\t\t\t\t\t\t\t\t\t\t\t\t\t<a><\/a>\r\n\t\t\t\t\t\t\t\t\t\t\t\t\t\t\t<\/li>\r\n\t\t\t\t\t\t\t\r\n\t\t\t\t<li>\r\n\t\t\t\t\t<h3 style=\"opacity:70;\"><\/h3>\r\n\t\t\t\t\t\t\t\t\t\t\t<span data-alt=\"img1413\">https:\/\/csf.ensma.fr\/wp-content\/uploads\/2019\/11\/IMG_1413.jpg<\/span>\r\n\t\t\t\t\t\t\t\t\t\t<p><\/p>\r\n\t\t\t\t\t\t\t\t\t\t\t\t\t\t\t\t\t\t<a><\/a>\r\n\t\t\t\t\t\t\t\t\t\t\t\t\t\t\t<\/li>\r\n\t\t\t\t\t\t\t\r\n\t\t\t\t<li>\r\n\t\t\t\t\t<h3 style=\"opacity:70;\"><\/h3>\r\n\t\t\t\t\t\t\t\t\t\t\t<span data-alt=\"img1400\">https:\/\/csf.ensma.fr\/wp-content\/uploads\/2019\/11\/IMG_1400.jpg<\/span>\r\n\t\t\t\t\t\t\t\t\t\t<p><\/p>\r\n\t\t\t\t\t\t\t\t\t\t\t\t\t\t\t\t\t\t<a><\/a>\r\n\t\t\t\t\t\t\t\t\t\t\t\t\t\t\t<\/li>\r\n\t\t\t\t\t\t\t\r\n\t\t\t\t<li>\r\n\t\t\t\t\t<h3 style=\"opacity:70;\"><\/h3>\r\n\t\t\t\t\t\t\t\t\t\t\t<span data-alt=\"img9751\">https:\/\/csf.ensma.fr\/wp-content\/uploads\/2019\/11\/IMG_9751.jpg<\/span>\r\n\t\t\t\t\t\t\t\t\t\t<p><\/p>\r\n\t\t\t\t\t\t\t\t\t\t\t\t\t\t\t\t\t\t<a><\/a>\r\n\t\t\t\t\t\t\t\t\t\t\t\t\t\t\t<\/li>\r\n\t\t\t\t\t\t\t\r\n\t\t\t\t<li>\r\n\t\t\t\t\t<h3 style=\"opacity:70;\"><\/h3>\r\n\t\t\t\t\t\t\t\t\t\t\t<span data-alt=\"img1396\">https:\/\/csf.ensma.fr\/wp-content\/uploads\/2019\/11\/IMG_1396.jpg<\/span>\r\n\t\t\t\t\t\t\t\t\t\t<p><\/p>\r\n\t\t\t\t\t\t\t\t\t\t\t\t\t\t\t\t\t\t<a><\/a>\r\n\t\t\t\t\t\t\t\t\t\t\t\t\t\t\t<\/li>\r\n\t\t\t\t\t\t\t\r\n\t\t\t\t<li>\r\n\t\t\t\t\t<h3 style=\"opacity:70;\"><\/h3>\r\n\t\t\t\t\t\t\t\t\t\t\t<span data-alt=\"img1395\">https:\/\/csf.ensma.fr\/wp-content\/uploads\/2019\/11\/IMG_1395.jpg<\/span>\r\n\t\t\t\t\t\t\t\t\t\t<p><\/p>\r\n\t\t\t\t\t\t\t\t\t\t\t\t\t\t\t\t\t\t<a><\/a>\r\n\t\t\t\t\t\t\t\t\t\t\t\t\t\t\t<\/li>\r\n\t\t\t\t\t\t\t\r\n\t\t\t\t<li>\r\n\t\t\t\t\t<h3 style=\"opacity:70;\"><\/h3>\r\n\t\t\t\t\t\t\t\t\t\t\t<span data-alt=\"img1358\">https:\/\/csf.ensma.fr\/wp-content\/uploads\/2019\/11\/IMG_1358.jpg<\/span>\r\n\t\t\t\t\t\t\t\t\t\t<p><\/p>\r\n\t\t\t\t\t\t\t\t\t\t\t\t\t\t\t\t\t\t<a><\/a>\r\n\t\t\t\t\t\t\t\t\t\t\t\t\t\t\t<\/li>\r\n\t\t\t\t\t\t\t\r\n\t\t\t\t<li>\r\n\t\t\t\t\t<h3 style=\"opacity:70;\"><\/h3>\r\n\t\t\t\t\t\t\t\t\t\t\t<span data-alt=\"img9700\">https:\/\/csf.ensma.fr\/wp-content\/uploads\/2019\/11\/IMG_9700.jpg<\/span>\r\n\t\t\t\t\t\t\t\t\t\t<p><\/p>\r\n\t\t\t\t\t\t\t\t\t\t\t\t\t\t\t\t\t\t<a><\/a>\r\n\t\t\t\t\t\t\t\t\t\t\t\t\t\t\t<\/li>\r\n\t\t\t\t\t\t\t\r\n\t\t\t\t<li>\r\n\t\t\t\t\t<h3 style=\"opacity:70;\"><\/h3>\r\n\t\t\t\t\t\t\t\t\t\t\t<span data-alt=\"img9685\">https:\/\/csf.ensma.fr\/wp-content\/uploads\/2019\/11\/IMG_9685.jpg<\/span>\r\n\t\t\t\t\t\t\t\t\t\t<p><\/p>\r\n\t\t\t\t\t\t\t\t\t\t\t\t\t\t\t\t\t\t<a><\/a>\r\n\t\t\t\t\t\t\t\t\t\t\t\t\t\t\t<\/li>\r\n\t\t\t\t\t\t\t\r\n\t\t\t\t<li>\r\n\t\t\t\t\t<h3 style=\"opacity:70;\"><\/h3>\r\n\t\t\t\t\t\t\t\t\t\t\t<span data-alt=\"img9672\">https:\/\/csf.ensma.fr\/wp-content\/uploads\/2019\/11\/IMG_9672.jpg<\/span>\r\n\t\t\t\t\t\t\t\t\t\t<p><\/p>\r\n\t\t\t\t\t\t\t\t\t\t\t\t\t\t\t\t\t\t<a><\/a>\r\n\t\t\t\t\t\t\t\t\t\t\t\t\t\t\t<\/li>\r\n\t\t\t\t\t\t\t\r\n\t\t\t\t<li>\r\n\t\t\t\t\t<h3 style=\"opacity:70;\"><\/h3>\r\n\t\t\t\t\t\t\t\t\t\t\t<span data-alt=\"img9655\">https:\/\/csf.ensma.fr\/wp-content\/uploads\/2019\/11\/IMG_9655.jpg<\/span>\r\n\t\t\t\t\t\t\t\t\t\t<p><\/p>\r\n\t\t\t\t\t\t\t\t\t\t\t\t\t\t\t\t\t\t<a><\/a>\r\n\t\t\t\t\t\t\t\t\t\t\t\t\t\t\t<\/li>\r\n\t\t\t\t\t\t\t\r\n\t\t\t\t<li>\r\n\t\t\t\t\t<h3 style=\"opacity:70;\"><\/h3>\r\n\t\t\t\t\t\t\t\t\t\t\t<span data-alt=\"img9637\">https:\/\/csf.ensma.fr\/wp-content\/uploads\/2019\/11\/IMG_9637.jpg<\/span>\r\n\t\t\t\t\t\t\t\t\t\t<p><\/p>\r\n\t\t\t\t\t\t\t\t\t\t\t\t\t\t\t\t\t\t<a><\/a>\r\n\t\t\t\t\t\t\t\t\t\t\t\t\t\t\t<\/li>\r\n\t\t\t\t\t\t\t\r\n\t\t\t\t<li>\r\n\t\t\t\t\t<h3 style=\"opacity:70;\">IMG_9830<\/h3>\r\n\t\t\t\t\t\t\t\t\t\t\t<span data-alt=\"img9830\">https:\/\/csf.ensma.fr\/wp-content\/uploads\/2019\/11\/IMG_9830.jpg<\/span>\r\n\t\t\t\t\t\t\t\t\t\t<p><\/p>\r\n\t\t\t\t\t\t\t\t\t\t\t\t\t\t\t\t\t\t<a><\/a>\r\n\t\t\t\t\t\t\t\t\t\t\t\t\t\t\t<\/li>\r\n\t\t\t\t\t\t<\/ul>\r\n\t\r\n\t<div id=\"slideshow-wrappergallery3376\" class=\"slideshow-wrapper\">\r\n\t\t\t\r\n\t\t<div class=\"slideshow-fullsize\" id=\"fullsizegallery3376\">\r\n\t\t\t\t\t\t\t\t\t\t\t\t\t\t<div id=\"imgprevgallery3376\" class=\"slideshow-imgprev imgnav\" title=\"Previous Image\">Previous Image<\/div>\r\n\t\t\t\t\t\t<a id=\"imglinkgallery3376\" class=\"slideshow-imglink imglink\"><!-- link --><\/a>\r\n\t\t\t\t\t\t\t\t\t\t\t<div id=\"imgnextgallery3376\" class=\"slideshow-imgnext imgnav\" title=\"Next Image\">Next Image<\/div>\r\n\t\t\t\t\t\t<div id=\"imagegallery3376\" class=\"slideshow-image\"><\/div>\r\n\t\t\t<div class=\"slideshow-information infobottom\" id=\"informationgallery3376\">\r\n\t\t\t\t<h3 class=\"slideshow-info-heading\">info heading<\/h3>\r\n\t\t\t\t<p class=\"slideshow-info-content\">info content<\/p>\r\n\t\t\t<\/div>\r\n\t\t<\/div>\r\n\t\t\r\n\t\t\t<\/div>\r\n\t\r\n\t<!-- Slideshow Gallery Javascript BEG -->\t\r\n\t<script type=\"text\/javascript\">\r\n\tjQuery.noConflict();\r\n\ttid('slideshowgallery3376').style.display = \"none\";\r\n\ttid('slideshow-wrappergallery3376').style.display = 'block';\r\n\ttid('slideshow-wrappergallery3376').style.visibility = 'hidden';\r\n\tjQuery(\"#fullsizegallery3376\").append('<div id=\"spinnergallery3376\"><i class=\"fa fa-cog fa-spin\"><\/i><\/div>');\r\n\ttid('spinnergallery3376').style.visibility = 'visible';\r\n\r\n\tvar slideshowgallery3376 = new TINY.slideshow(\"slideshowgallery3376\");\r\n\tjQuery(document).ready(function() {\r\n\t\tslideshowgallery3376.auto = true;\t\tslideshowgallery3376.speed = 10;\r\n\t\tslideshowgallery3376.effect = \"slide\";\r\n\t\tslideshowgallery3376.slide_direction = \"lr\";\r\n\t\tslideshowgallery3376.easing = \"swing\";\r\n\t\tslideshowgallery3376.alwaysauto = true;\r\n\t\tslideshowgallery3376.autoheight = true;\r\n\t\tslideshowgallery3376.autoheight_max = false;\r\n\t\tslideshowgallery3376.imgSpeed = 20;\r\n\t\tslideshowgallery3376.navOpacity = 25;\r\n\t\tslideshowgallery3376.navHover = 75;\r\n\t\tslideshowgallery3376.letterbox = \"#000000\";\r\n\t\tslideshowgallery3376.linkclass = \"linkhover\";\r\n\t\tslideshowgallery3376.imagesid = \"imagesgallery3376\";\r\n\t\tslideshowgallery3376.info = \"informationgallery3376\";\r\n\t\tslideshowgallery3376.infoonhover = 0;\r\n\t\tslideshowgallery3376.infoSpeed = 10;\r\n\t\tslideshowgallery3376.infodelay = 0;\r\n\t\tslideshowgallery3376.infofade = 0;\r\n\t\tslideshowgallery3376.infofadedelay = 0;\r\n\t\tslideshowgallery3376.thumbs = \"\";\r\n\t\tslideshowgallery3376.thumbOpacity = 70;\r\n\t\tslideshowgallery3376.left = \"slideleftgallery3376\";\r\n\t\tslideshowgallery3376.right = \"sliderightgallery3376\";\r\n\t\tslideshowgallery3376.scrollSpeed = 5;\r\n\t\tslideshowgallery3376.spacing = 5;\r\n\t\tslideshowgallery3376.active = \"\";\r\n\t\tslideshowgallery3376.imagesthickbox = \"false\";\r\n\t\tjQuery(\"#spinnergallery3376\").remove();\r\n\t\tslideshowgallery3376.init(\"slideshowgallery3376\",\"imagegallery3376\",\"imgprevgallery3376\",\"imgnextgallery3376\",\"imglinkgallery3376\");\r\n\t\ttid('slideshow-wrappergallery3376').style.visibility = 'visible';\r\n\t\tjQuery(window).trigger('resize');\r\n\t\t\r\n\t\t\t});\r\n\t\r\n\t\t<\/script>\r\n\t\r\n\t<!-- Slideshow Gallery Javascript END --><!-- Slideshow Gallery CSS BEG -->\t\r\n\t<link rel=\"stylesheet\" property=\"stylesheet\" href=\"https:\/\/csf.ensma.fr\/wp-content\/plugins\/slideshow-gallery\/views\/default\/css.php?id=gallery3376\" type=\"text\/css\" media=\"all\" \/>\r\n\t\r\n\t<!--[if IE 6]>\r\n\t<style type=\"text\/css\">\r\n\t.imglink, #imglink { display: none !important; }\r\n\t.linkhover { display: none !important; }\r\n\t<\/style>\r\n\t<![endif]-->\r\n\t\r\n\t<!-- Slideshow Gallery CSS END -->\n\n\n\n<div style=\"height:50px\" aria-hidden=\"true\" class=\"wp-block-spacer\"><\/div>\n\n\n\n<h2 class=\"wp-block-heading\">Les 30h du T\u00e9l\u00e9thon<\/h2>\n\n\n\n<p class=\"has-normal-font-size\">Le T\u00e9l\u00e9thon de la Vienne nous a recontact\u00e9 pour prendre part aux 30hdu T\u00e9l\u00e9thon, le 7 et 8 D\u00e9cembre au Futuroscope. Des \u00e9tudiants b\u00e9n\u00e9voles sont ainsi all\u00e9s inciter les visiteurs \u00e0 donner une pi\u00e8ce \u00e0 l\u2019association en \u00e9change de pouvoir accrocher un ballon sur une montgolfi\u00e8re qui sera ensuite l\u00e2ch\u00e9e. Dans le respect de l\u2019environnement les ballons n&#8217;ont pas \u00e9t\u00e9 pas l\u00e2ch\u00e9s dans la nature.<\/p>\n\n\n\r\n\t<ul id=\"slideshowgallery5967\" class=\"slideshowgallery5967\" style=\"display:none;\">\r\n\t\t\t\t\t<!-- From all slides or gallery slides -->\r\n\t\t\t\t\t\t\t\r\n\t\t\t\t<li>\r\n\t\t\t\t\t<h3 style=\"opacity:70;\"><\/h3>\r\n\t\t\t\t\t\t\t\t\t\t\t<span data-alt=\"784272012656841297872941323014328439537664o784272012656841297872941323014328439537664o784272012656841297872941323014328439537664o\">https:\/\/csf.ensma.fr\/wp-content\/uploads\/2019\/12\/78427201_2656841297872941_323014328439537664_o.jpg<\/span>\r\n\t\t\t\t\t\t\t\t\t\t<p><\/p>\r\n\t\t\t\t\t\t\t\t\t\t\t\t\t\t\t\t\t\t<a><\/a>\r\n\t\t\t\t\t\t\t\t\t\t\t\t\t\t\t<\/li>\r\n\t\t\t\t\t\t\t\r\n\t\t\t\t<li>\r\n\t\t\t\t\t<h3 style=\"opacity:70;\"><\/h3>\r\n\t\t\t\t\t\t\t\t\t\t\t<span data-alt=\"7895701126568413612062683691925261684572160o\">https:\/\/csf.ensma.fr\/wp-content\/uploads\/2019\/12\/78957011_2656841361206268_3691925261684572160_o.jpg<\/span>\r\n\t\t\t\t\t\t\t\t\t\t<p><\/p>\r\n\t\t\t\t\t\t\t\t\t\t\t\t\t\t\t\t\t\t<a><\/a>\r\n\t\t\t\t\t\t\t\t\t\t\t\t\t\t\t<\/li>\r\n\t\t\t\t\t\t\t\r\n\t\t\t\t<li>\r\n\t\t\t\t\t<h3 style=\"opacity:70;\"><\/h3>\r\n\t\t\t\t\t\t\t\t\t\t\t<span data-alt=\"7909635626568411612062884535446015301386240o\">https:\/\/csf.ensma.fr\/wp-content\/uploads\/2019\/12\/79096356_2656841161206288_4535446015301386240_o.jpg<\/span>\r\n\t\t\t\t\t\t\t\t\t\t<p><\/p>\r\n\t\t\t\t\t\t\t\t\t\t\t\t\t\t\t\t\t\t<a><\/a>\r\n\t\t\t\t\t\t\t\t\t\t\t\t\t\t\t<\/li>\r\n\t\t\t\t\t\t\t\r\n\t\t\t\t<li>\r\n\t\t\t\t\t<h3 style=\"opacity:70;\"><\/h3>\r\n\t\t\t\t\t\t\t\t\t\t\t<span data-alt=\"7948934226568412278729482267331429039865856o\">https:\/\/csf.ensma.fr\/wp-content\/uploads\/2019\/12\/79489342_2656841227872948_2267331429039865856_o.jpg<\/span>\r\n\t\t\t\t\t\t\t\t\t\t<p><\/p>\r\n\t\t\t\t\t\t\t\t\t\t\t\t\t\t\t\t\t\t<a><\/a>\r\n\t\t\t\t\t\t\t\t\t\t\t\t\t\t\t<\/li>\r\n\t\t\t\t\t\t<\/ul>\r\n\t\r\n\t<div id=\"slideshow-wrappergallery5967\" class=\"slideshow-wrapper\">\r\n\t\t\t\r\n\t\t<div class=\"slideshow-fullsize\" id=\"fullsizegallery5967\">\r\n\t\t\t\t\t\t\t\t\t\t\t\t\t\t<div id=\"imgprevgallery5967\" class=\"slideshow-imgprev imgnav\" title=\"Previous Image\">Previous Image<\/div>\r\n\t\t\t\t\t\t<a id=\"imglinkgallery5967\" class=\"slideshow-imglink imglink\"><!-- link --><\/a>\r\n\t\t\t\t\t\t\t\t\t\t\t<div id=\"imgnextgallery5967\" class=\"slideshow-imgnext imgnav\" title=\"Next Image\">Next Image<\/div>\r\n\t\t\t\t\t\t<div id=\"imagegallery5967\" class=\"slideshow-image\"><\/div>\r\n\t\t\t<div class=\"slideshow-information infobottom\" id=\"informationgallery5967\">\r\n\t\t\t\t<h3 class=\"slideshow-info-heading\">info heading<\/h3>\r\n\t\t\t\t<p class=\"slideshow-info-content\">info content<\/p>\r\n\t\t\t<\/div>\r\n\t\t<\/div>\r\n\t\t\r\n\t\t\t<\/div>\r\n\t\r\n\t<!-- Slideshow Gallery Javascript BEG -->\t\r\n\t<script type=\"text\/javascript\">\r\n\tjQuery.noConflict();\r\n\ttid('slideshowgallery5967').style.display = \"none\";\r\n\ttid('slideshow-wrappergallery5967').style.display = 'block';\r\n\ttid('slideshow-wrappergallery5967').style.visibility = 'hidden';\r\n\tjQuery(\"#fullsizegallery5967\").append('<div id=\"spinnergallery5967\"><i class=\"fa fa-cog fa-spin\"><\/i><\/div>');\r\n\ttid('spinnergallery5967').style.visibility = 'visible';\r\n\r\n\tvar slideshowgallery5967 = new TINY.slideshow(\"slideshowgallery5967\");\r\n\tjQuery(document).ready(function() {\r\n\t\tslideshowgallery5967.auto = true;\t\tslideshowgallery5967.speed = 10;\r\n\t\tslideshowgallery5967.effect = \"slide\";\r\n\t\tslideshowgallery5967.slide_direction = \"lr\";\r\n\t\tslideshowgallery5967.easing = \"swing\";\r\n\t\tslideshowgallery5967.alwaysauto = true;\r\n\t\tslideshowgallery5967.autoheight = true;\r\n\t\tslideshowgallery5967.autoheight_max = false;\r\n\t\tslideshowgallery5967.imgSpeed = 20;\r\n\t\tslideshowgallery5967.navOpacity = 25;\r\n\t\tslideshowgallery5967.navHover = 75;\r\n\t\tslideshowgallery5967.letterbox = \"#000000\";\r\n\t\tslideshowgallery5967.linkclass = \"linkhover\";\r\n\t\tslideshowgallery5967.imagesid = \"imagesgallery5967\";\r\n\t\tslideshowgallery5967.info = \"informationgallery5967\";\r\n\t\tslideshowgallery5967.infoonhover = 0;\r\n\t\tslideshowgallery5967.infoSpeed = 10;\r\n\t\tslideshowgallery5967.infodelay = 0;\r\n\t\tslideshowgallery5967.infofade = 0;\r\n\t\tslideshowgallery5967.infofadedelay = 0;\r\n\t\tslideshowgallery5967.thumbs = \"\";\r\n\t\tslideshowgallery5967.thumbOpacity = 70;\r\n\t\tslideshowgallery5967.left = \"slideleftgallery5967\";\r\n\t\tslideshowgallery5967.right = \"sliderightgallery5967\";\r\n\t\tslideshowgallery5967.scrollSpeed = 5;\r\n\t\tslideshowgallery5967.spacing = 5;\r\n\t\tslideshowgallery5967.active = \"\";\r\n\t\tslideshowgallery5967.imagesthickbox = \"false\";\r\n\t\tjQuery(\"#spinnergallery5967\").remove();\r\n\t\tslideshowgallery5967.init(\"slideshowgallery5967\",\"imagegallery5967\",\"imgprevgallery5967\",\"imgnextgallery5967\",\"imglinkgallery5967\");\r\n\t\ttid('slideshow-wrappergallery5967').style.visibility = 'visible';\r\n\t\tjQuery(window).trigger('resize');\r\n\t\t\r\n\t\t\t});\r\n\t\r\n\t\t<\/script>\r\n\t\r\n\t<!-- Slideshow Gallery Javascript END --><!-- Slideshow Gallery CSS BEG -->\t\r\n\t<link rel=\"stylesheet\" property=\"stylesheet\" href=\"https:\/\/csf.ensma.fr\/wp-content\/plugins\/slideshow-gallery\/views\/default\/css.php?id=gallery5967\" type=\"text\/css\" media=\"all\" \/>\r\n\t\r\n\t<!--[if IE 6]>\r\n\t<style type=\"text\/css\">\r\n\t.imglink, #imglink { display: none !important; }\r\n\t.linkhover { display: none !important; }\r\n\t<\/style>\r\n\t<![endif]-->\r\n\t\r\n\t<!-- Slideshow Gallery CSS END -->\n","protected":false},"excerpt":{"rendered":"<p>Journ\u00e9e T\u00e9l\u00e9thon Le g\u00e9ant Casino de Poitiers ne participant plus au T\u00e9l\u00e9thon en D\u00e9cembre nous avons d\u00e9cid\u00e9 d\u2019organiser notre propre \u00e9v\u00e8nement T\u00e9l\u00e9thon cette ann\u00e9e. Cette journ\u00e9e s\u2019est d\u00e9roul\u00e9e le Jeudi 10 Octobre et a impliqu\u00e9e le BDE, le BDS ainsi <a class=\"more-link\" href=\"https:\/\/csf.ensma.fr\/?page_id=222\">En savoir plus&#8230;<\/a><\/p>\n","protected":false},"author":1,"featured_media":0,"parent":0,"menu_order":0,"comment_status":"open","ping_status":"closed","template":"","meta":{"_mi_skip_tracking":false,"_monsterinsights_sitenote_active":false,"_monsterinsights_sitenote_note":"","_monsterinsights_sitenote_category":0},"aioseo_notices":[],"_links":{"self":[{"href":"https:\/\/csf.ensma.fr\/index.php?rest_route=\/wp\/v2\/pages\/222"}],"collection":[{"href":"https:\/\/csf.ensma.fr\/index.php?rest_route=\/wp\/v2\/pages"}],"about":[{"href":"https:\/\/csf.ensma.fr\/index.php?rest_route=\/wp\/v2\/types\/page"}],"author":[{"embeddable":true,"href":"https:\/\/csf.ensma.fr\/index.php?rest_route=\/wp\/v2\/users\/1"}],"replies":[{"embeddable":true,"href":"https:\/\/csf.ensma.fr\/index.php?rest_route=%2Fwp%2Fv2%2Fcomments&post=222"}],"version-history":[{"count":11,"href":"https:\/\/csf.ensma.fr\/index.php?rest_route=\/wp\/v2\/pages\/222\/revisions"}],"predecessor-version":[{"id":911,"href":"https:\/\/csf.ensma.fr\/index.php?rest_route=\/wp\/v2\/pages\/222\/revisions\/911"}],"wp:attachment":[{"href":"https:\/\/csf.ensma.fr\/index.php?rest_route=%2Fwp%2Fv2%2Fmedia&parent=222"}],"curies":[{"name":"wp","href":"https:\/\/api.w.org\/{rel}","templated":true}]}}