{"id":266,"date":"2019-11-07T00:44:20","date_gmt":"2019-11-06T23:44:20","guid":{"rendered":"https:\/\/csf.ensma.fr\/?page_id=266"},"modified":"2022-08-08T14:46:19","modified_gmt":"2022-08-08T12:46:19","slug":"membres-du-bureau","status":"publish","type":"page","link":"https:\/\/csf.ensma.fr\/?page_id=266","title":{"rendered":"Membres"},"content":{"rendered":"\n<h2 class=\"wp-block-heading\"><strong>Pourquoi cette \u00e9quipe&nbsp;?<\/strong><\/h2>\n\n\n\n<p class=\"has-normal-font-size\">L\u2019\u00e9quipe du Club Sans Fronti\u00e8res r\u00e9unis des \u00e9tudiants engag\u00e9s et d\u00e9sireux de se mettre au service de ceux qui en ont besoin. Unis par nos valeurs et notre motivation, chaque membre de l\u2019\u00e9quipe a pour but d\u2019avancer et de collaborer au sein d\u2019un groupe dont l\u2019ambition est toujours plus grande. Parti de rien, des projets de plus en plus grands se concr\u00e9tisent gr\u00e2ce \u00e0 l\u2019investissement de chacun, et l\u2019aventure ne fait que commencer. Chaque ann\u00e9e de nouveaux \u00e9tudiants plus entreprenants les uns les autres nous rejoignent et font la force du Club Sans Fronti\u00e8res.<\/p>\n\n\n\n<hr class=\"wp-block-separator has-css-opacity\"\/>\n\n\n\n<h2 class=\"wp-block-heading\">Administration <\/h2>\n\n\n\n<div class=\"tmm tmm_bureau-2022-2023\"><div class=\"tmm_3_columns tmm_wrap tmm_plugin_f\"><span class=\"tmm_two_containers_tablet\"><\/span><div class=\"tmm_container\"><div class=\"tmm_member\" style=\"border-top:#333333 solid 5px;\"><div class=\"tmm_photo tmm_pic_bureau-2022-2023_0\" style=\"background: url(https:\/\/csf.ensma.fr\/wp-content\/uploads\/2021\/02\/thais-1.jpg); margin-left: auto; margin-right:auto; background-size:cover !important;\"><\/div><div class=\"tmm_textblock\"><div class=\"tmm_names\"><span class=\"tmm_fname\">Tha\u00efs<\/span> <span class=\"tmm_lname\">Furon-Faucher<\/span><\/div><div class=\"tmm_job\">Pr\u00e9sidente<\/div><div class=\"tmm_scblock\"><\/div><\/div><\/div><div class=\"tmm_member\" style=\"border-top:#333333 solid 5px;\"><div class=\"tmm_photo tmm_pic_bureau-2022-2023_1\" style=\"background: url(https:\/\/csf.ensma.fr\/wp-content\/uploads\/2022\/08\/293821095_590400856046932_1974935067408656762_n.jpg); margin-left: auto; margin-right:auto; background-size:cover !important;\"><\/div><div class=\"tmm_textblock\"><div class=\"tmm_names\"><span class=\"tmm_fname\">Paul<\/span> <span class=\"tmm_lname\">Georgel<\/span><\/div><div class=\"tmm_job\">Vice-Pr\u00e9sident<\/div><div class=\"tmm_scblock\"><\/div><\/div><\/div><span class=\"tmm_two_containers_tablet\"><\/span><div class=\"tmm_member\" style=\"border-top:#333333 solid 5px;\"><div class=\"tmm_photo tmm_pic_bureau-2022-2023_2\" style=\"background: url(https:\/\/csf.ensma.fr\/wp-content\/uploads\/2021\/02\/alexis_w.png); margin-left: auto; margin-right:auto; background-size:cover !important;\"><\/div><div class=\"tmm_textblock\"><div class=\"tmm_names\"><span class=\"tmm_fname\">Alexis<\/span> <span class=\"tmm_lname\">Weller<\/span><\/div><div class=\"tmm_job\">Tr\u00e9sorier<\/div><div class=\"tmm_scblock\"><\/div><\/div><\/div><\/div><span class=\"tmm_columns_containers_desktop\"><\/span><div class=\"tmm_container\"><div class=\"tmm_member\" style=\"border-top:#333333 solid 5px;\"><div class=\"tmm_photo tmm_pic_bureau-2022-2023_3\" style=\"background: url(https:\/\/csf.ensma.fr\/wp-content\/uploads\/2022\/08\/telechargement-_1_.png); margin-left: auto; margin-right:auto; background-size:cover !important;\"><\/div><div class=\"tmm_textblock\"><div class=\"tmm_names\"><span class=\"tmm_fname\">Rapha\u00ebl<\/span> <span class=\"tmm_lname\">Pers\u00e9e<\/span><\/div><div class=\"tmm_job\">Secr\u00e9taire<\/div><div class=\"tmm_scblock\"><\/div><\/div><\/div><span class=\"tmm_two_containers_tablet\"><\/span><div class=\"tmm_member\" style=\"border-top:#333333 solid 5px;\"><div class=\"tmm_photo tmm_pic_bureau-2022-2023_4\" style=\"background: url(https:\/\/csf.ensma.fr\/wp-content\/uploads\/2022\/08\/Paul-Techene.png); margin-left: auto; margin-right:auto; background-size:cover !important;\"><\/div><div class=\"tmm_textblock\"><div class=\"tmm_names\"><span class=\"tmm_fname\">Paul<\/span> <span class=\"tmm_lname\">Techene<\/span><\/div><div class=\"tmm_job\">Projet EOS<\/div><div class=\"tmm_scblock\"><\/div><\/div><\/div><div class=\"tmm_member\" style=\"border-top:#333333 solid 5px;\"><div class=\"tmm_photo tmm_pic_bureau-2022-2023_5\" style=\"background: url(https:\/\/csf.ensma.fr\/wp-content\/uploads\/2021\/02\/hiba-1.jpg); margin-left: auto; margin-right:auto; background-size:cover !important;\"><\/div><div class=\"tmm_textblock\"><div class=\"tmm_names\"><span class=\"tmm_fname\">Hiba<\/span> <span class=\"tmm_lname\">Kidd\u00ef<\/span><\/div><div class=\"tmm_job\">Journ\u00e9e A\u00e9ro<\/div><div class=\"tmm_scblock\"><\/div><\/div><\/div><div style=\"clear:both;\"><\/div><\/div><\/div><\/div>\n\n\n\n<hr class=\"wp-block-separator has-css-opacity\"\/>\n\n\n\n<h2 class=\"wp-block-heading\">Bureau pr\u00e9c\u00e9dent<\/h2>\n\n\n\n<div class=\"tmm tmm_membres-du-bureau-du-csf-2\"><div class=\"tmm_4_columns tmm_wrap tmm_plugin_f\"><span class=\"tmm_two_containers_tablet\"><\/span><div class=\"tmm_container\"><div class=\"tmm_member\" style=\"border-top:#333333 solid 5px;\"><div class=\"tmm_photo tmm_pic_membres-du-bureau-du-csf-2_0\" style=\"background: url(https:\/\/csf.ensma.fr\/wp-content\/uploads\/2020\/01\/83862979_117407259576326_4755262535999946752_n.jpg); margin-left: auto; margin-right:auto; background-size:cover !important;\"><\/div><div class=\"tmm_textblock\"><div class=\"tmm_names\"><span class=\"tmm_fname\">Lise<\/span> <span class=\"tmm_lname\">Lacourt<\/span><\/div><div class=\"tmm_job\">Pr\u00e9sidente<\/div><div class=\"tmm_scblock\"><\/div><\/div><\/div><div class=\"tmm_member\" style=\"border-top:#333333 solid 5px;\"><div class=\"tmm_photo tmm_pic_membres-du-bureau-du-csf-2_1\" style=\"background: url(https:\/\/csf.ensma.fr\/wp-content\/uploads\/2021\/02\/thais-1.jpg); margin-left: auto; margin-right:auto; background-size:cover !important;\"><\/div><div class=\"tmm_textblock\"><div class=\"tmm_names\"><span class=\"tmm_fname\">Tha\u00efs<\/span> <span class=\"tmm_lname\">Furon<\/span><\/div><div class=\"tmm_job\">Vice-Pr\u00e9sidente<\/div><div class=\"tmm_scblock\"><\/div><\/div><\/div><span class=\"tmm_two_containers_tablet\"><\/span><div class=\"tmm_member\" style=\"border-top:#333333 solid 5px;\"><div class=\"tmm_photo tmm_pic_membres-du-bureau-du-csf-2_2\" style=\"background: url(https:\/\/csf.ensma.fr\/wp-content\/uploads\/2021\/02\/alexis_w.png); margin-left: auto; margin-right:auto; background-size:cover !important;\"><\/div><div class=\"tmm_textblock\"><div class=\"tmm_names\"><span class=\"tmm_fname\">Alexis<\/span> <span class=\"tmm_lname\">Weller<\/span><\/div><div class=\"tmm_job\">Tr\u00e9sorier<\/div><div class=\"tmm_scblock\"><\/div><\/div><\/div><div class=\"tmm_member\" style=\"border-top:#333333 solid 5px;\"><div class=\"tmm_photo tmm_pic_membres-du-bureau-du-csf-2_3\" style=\"background: url(https:\/\/csf.ensma.fr\/wp-content\/uploads\/2020\/01\/83583725_230734087947311_1976058704214097920_n-e1585166213173.jpg); margin-left: auto; margin-right:auto; background-size:cover !important;\"><\/div><div class=\"tmm_textblock\"><div class=\"tmm_names\"><span class=\"tmm_fname\">K\u00e9vin<\/span> <span class=\"tmm_lname\">Gloaguen<\/span><\/div><div class=\"tmm_job\">Secr\u00e9taire<\/div><div class=\"tmm_scblock\"><\/div><\/div><\/div><span class=\"tmm_two_containers_tablet\"><\/span><\/div><span class=\"tmm_columns_containers_desktop\"><\/span><div class=\"tmm_container\"><div class=\"tmm_member\" style=\"border-top:#333333 solid 5px;\"><div class=\"tmm_photo tmm_pic_membres-du-bureau-du-csf-2_4\" style=\"background: url(https:\/\/csf.ensma.fr\/wp-content\/uploads\/2021\/02\/leo.jpg); margin-left: auto; margin-right:auto; background-size:cover !important;\"><\/div><div class=\"tmm_textblock\"><div class=\"tmm_names\"><span class=\"tmm_fname\">L\u00e9o<\/span> <span class=\"tmm_lname\">Bougault<\/span><\/div><div class=\"tmm_job\">Sponsors<\/div><div class=\"tmm_scblock\"><\/div><\/div><\/div><div class=\"tmm_member\" style=\"border-top:#333333 solid 5px;\"><div class=\"tmm_photo tmm_pic_membres-du-bureau-du-csf-2_5\" style=\"background: url(https:\/\/csf.ensma.fr\/wp-content\/uploads\/2019\/11\/Alexis-Merhari.jpg); margin-left: auto; margin-right:auto; background-size:cover !important;\"><\/div><div class=\"tmm_textblock\"><div class=\"tmm_names\"><span class=\"tmm_fname\">Alexis<\/span> <span class=\"tmm_lname\">Merhari<\/span><\/div><div class=\"tmm_job\">Paniers de l\u00e9gumes<\/div><div class=\"tmm_scblock\"><\/div><\/div><\/div><span class=\"tmm_two_containers_tablet\"><\/span><div class=\"tmm_member\" style=\"border-top:#333333 solid 5px;\"><div class=\"tmm_photo tmm_pic_membres-du-bureau-du-csf-2_6\" style=\"background: url(https:\/\/csf.ensma.fr\/wp-content\/uploads\/2021\/02\/hiba-1.jpg); margin-left: auto; margin-right:auto; background-size:cover !important;\"><\/div><div class=\"tmm_textblock\"><div class=\"tmm_names\"><span class=\"tmm_fname\">Hiba<\/span> <span class=\"tmm_lname\">Kidd\u00ef<\/span><\/div><div class=\"tmm_job\">Journ\u00e9e a\u00e9ro<\/div><div class=\"tmm_scblock\"><\/div><\/div><\/div><div class=\"tmm_member\" style=\"border-top:#333333 solid 5px;\"><div class=\"tmm_photo tmm_pic_membres-du-bureau-du-csf-2_7\" style=\"background: url(https:\/\/csf.ensma.fr\/wp-content\/uploads\/2020\/05\/Axel-Vacher.jpg); margin-left: auto; margin-right:auto; background-size:cover !important;\"><\/div><div class=\"tmm_textblock\"><div class=\"tmm_names\"><span class=\"tmm_fname\">Axel<\/span> <span class=\"tmm_lname\">Vacher<\/span><\/div><div class=\"tmm_job\">Adia<\/div><div class=\"tmm_scblock\"><\/div><\/div><\/div><div style=\"clear:both;\"><\/div><\/div><\/div><\/div>\n\n\n\n<hr class=\"wp-block-separator has-css-opacity\"\/>\n\n\n\n<h2 class=\"wp-block-heading\">Projet EOS<\/h2>\n\n\n\n<div class=\"tmm tmm_projet-eos\"><div class=\"tmm_4_columns tmm_wrap tmm_theme_f\"><span class=\"tmm_two_containers_tablet\"><\/span><div class=\"tmm_container\"><div class=\"tmm_member\" style=\"border-top:#333333 solid 5px;\"><div class=\"tmm_photo tmm_pic_projet-eos_0\" style=\"background: url(https:\/\/csf.ensma.fr\/wp-content\/uploads\/2020\/01\/camilo.png); margin-left: auto; margin-right:auto; background-size:cover !important;\"><\/div><div class=\"tmm_textblock\"><div class=\"tmm_names\"><span class=\"tmm_fname\">Camilo<\/span> <span class=\"tmm_lname\">David Sanchez<\/span><\/div><div class=\"tmm_job\">Cofondateur du projet<\/div><div class=\"tmm_scblock\"><\/div><\/div><\/div><div class=\"tmm_member\" style=\"border-top:#333333 solid 5px;\"><div class=\"tmm_photo tmm_pic_projet-eos_1\" style=\"background: url(https:\/\/csf.ensma.fr\/wp-content\/uploads\/2020\/01\/thomas.png); margin-left: auto; margin-right:auto; background-size:cover !important;\"><\/div><div class=\"tmm_textblock\"><div class=\"tmm_names\"><span class=\"tmm_fname\">Thomas<\/span> <span class=\"tmm_lname\">Le Livec<\/span><\/div><div class=\"tmm_job\">Cofondateur du projet<\/div><div class=\"tmm_scblock\"><\/div><\/div><\/div><span class=\"tmm_two_containers_tablet\"><\/span><div class=\"tmm_member\" style=\"border-top:#333333 solid 5px;\"><div class=\"tmm_photo tmm_pic_projet-eos_2\" style=\"background: url(https:\/\/csf.ensma.fr\/wp-content\/uploads\/2020\/01\/loup-e1588538843316.png); margin-left: auto; margin-right:auto; background-size:cover !important;\"><\/div><div class=\"tmm_textblock\"><div class=\"tmm_names\"><span class=\"tmm_fname\">Loup<\/span> <span class=\"tmm_lname\">Sup\u00e9ry<\/span><\/div><div class=\"tmm_job\">Alpiniste<\/div><div class=\"tmm_scblock\"><\/div><\/div><\/div><div class=\"tmm_member\" style=\"border-top:#333333 solid 5px;\"><div class=\"tmm_photo tmm_pic_projet-eos_3\" style=\"background: url(https:\/\/csf.ensma.fr\/wp-content\/uploads\/2019\/11\/t\u00e9l\u00e9chargement-e1588538901503.jpg); margin-left: auto; margin-right:auto; background-size:cover !important;\"><\/div><div class=\"tmm_textblock\"><div class=\"tmm_names\"><span class=\"tmm_fname\">Edouard<\/span> <span class=\"tmm_lname\">Butaye<\/span><\/div><div class=\"tmm_job\">Interface avec l'Isae-Ensma<\/div><div class=\"tmm_scblock\"><\/div><\/div><\/div><span class=\"tmm_two_containers_tablet\"><\/span><\/div><span class=\"tmm_columns_containers_desktop\"><\/span><div class=\"tmm_container\"><div class=\"tmm_member\" style=\"border-top:#333333 solid 5px;\"><div class=\"tmm_photo tmm_pic_projet-eos_4\" style=\"background: url(https:\/\/csf.ensma.fr\/wp-content\/uploads\/2020\/01\/83862979_117407259576326_4755262535999946752_n.jpg); margin-left: auto; margin-right:auto; background-size:cover !important;\"><\/div><div class=\"tmm_textblock\"><div class=\"tmm_names\"><span class=\"tmm_fname\">Lise<\/span> <span class=\"tmm_lname\">Lacourt<\/span><\/div><div class=\"tmm_job\">Responsable projet<\/div><div class=\"tmm_scblock\"><\/div><\/div><\/div><div class=\"tmm_member\" style=\"border-top:#333333 solid 5px;\"><div class=\"tmm_photo tmm_pic_projet-eos_5\" style=\"background: url(https:\/\/csf.ensma.fr\/wp-content\/uploads\/2020\/01\/83664161_2446816858903748_7405333009185898496_n-e1585166539162.jpg); margin-left: auto; margin-right:auto; background-size:cover !important;\"><\/div><div class=\"tmm_textblock\"><div class=\"tmm_names\"><span class=\"tmm_fname\">Florent <\/span> <span class=\"tmm_lname\">Auzoux<\/span><\/div><div class=\"tmm_job\">Responsable cours de physique<\/div><div class=\"tmm_scblock\"><\/div><\/div><\/div><span class=\"tmm_two_containers_tablet\"><\/span><div class=\"tmm_member\" style=\"border-top:#333333 solid 5px;\"><div class=\"tmm_photo tmm_pic_projet-eos_6\" style=\"background: url(https:\/\/csf.ensma.fr\/wp-content\/uploads\/2020\/01\/62252881_2289624061101365_3740253221541642240_o-1.jpg); margin-left: auto; margin-right:auto; background-size:cover !important;\"><\/div><div class=\"tmm_textblock\"><div class=\"tmm_names\"><span class=\"tmm_fname\">Guillaume<\/span> <span class=\"tmm_lname\">Pelaud<\/span><\/div><div class=\"tmm_job\">Responsable cours de math\u00e9matiques<\/div><div class=\"tmm_scblock\"><\/div><\/div><\/div><div class=\"tmm_member\" style=\"border-top:#333333 solid 5px;\"><div class=\"tmm_photo tmm_pic_projet-eos_7\" style=\"background: url(https:\/\/csf.ensma.fr\/wp-content\/uploads\/2020\/01\/83452481_159295078701177_7829402222973681664_n-1.jpg); margin-left: auto; margin-right:auto; background-size:cover !important;\"><\/div><div class=\"tmm_textblock\"><div class=\"tmm_names\"><span class=\"tmm_fname\">Laureline<\/span> <span class=\"tmm_lname\">Loire<\/span><\/div><div class=\"tmm_job\">R\u00e9dactrice des cours<\/div><div class=\"tmm_scblock\"><\/div><\/div><\/div><span class=\"tmm_two_containers_tablet\"><\/span><\/div><span class=\"tmm_columns_containers_desktop\"><\/span><div class=\"tmm_container\"><div class=\"tmm_member\" style=\"border-top:#333333 solid 5px;\"><div class=\"tmm_photo tmm_pic_projet-eos_8\" style=\"background: url(https:\/\/csf.ensma.fr\/wp-content\/uploads\/2020\/01\/lisa_evl.png); margin-left: auto; margin-right:auto; background-size:cover !important;\"><\/div><div class=\"tmm_textblock\"><div class=\"tmm_names\"><span class=\"tmm_fname\">Lisa <\/span> <span class=\"tmm_lname\">Estival<\/span><\/div><div class=\"tmm_job\">R\u00e9dactrice des cours<\/div><div class=\"tmm_scblock\"><\/div><\/div><\/div><div class=\"tmm_member\" style=\"border-top:#333333 solid 5px;\"><div class=\"tmm_photo tmm_pic_projet-eos_9\" style=\"background: url(https:\/\/csf.ensma.fr\/wp-content\/uploads\/2020\/01\/82634834_664096097667606_8697380075152080896_n.jpg); margin-left: auto; margin-right:auto; background-size:cover !important;\"><\/div><div class=\"tmm_textblock\"><div class=\"tmm_names\"><span class=\"tmm_fname\">Benjamin <\/span> <span class=\"tmm_lname\">Graille<\/span><\/div><div class=\"tmm_job\">R\u00e9dacteur des cours<\/div><div class=\"tmm_scblock\"><\/div><\/div><\/div><span class=\"tmm_two_containers_tablet\"><\/span><div class=\"tmm_member\" style=\"border-top:#333333 solid 5px;\"><div class=\"tmm_photo tmm_pic_projet-eos_10\" style=\"background: url(https:\/\/csf.ensma.fr\/wp-content\/uploads\/2020\/01\/83583725_230734087947311_1976058704214097920_n-e1585166213173.jpg); margin-left: auto; margin-right:auto; background-size:cover !important;\"><\/div><div class=\"tmm_textblock\"><div class=\"tmm_names\"><span class=\"tmm_fname\">K\u00e9vin<\/span> <span class=\"tmm_lname\">Gloaguen<\/span><\/div><div class=\"tmm_job\">R\u00e9dacteur des cours<\/div><div class=\"tmm_scblock\"><\/div><\/div><\/div><div class=\"tmm_member\" style=\"border-top:#333333 solid 5px;\"><div class=\"tmm_photo tmm_pic_projet-eos_11\" style=\"background: url(https:\/\/csf.ensma.fr\/wp-content\/uploads\/2020\/05\/90786864_555638055054179_5862518161609326592_n.jpg); margin-left: auto; margin-right:auto; background-size:cover !important;\"><\/div><div class=\"tmm_textblock\"><div class=\"tmm_names\"><span class=\"tmm_fname\">Louise <\/span> <span class=\"tmm_lname\">Grau<\/span><\/div><div class=\"tmm_job\">R\u00e9dactrice des cours<\/div><div class=\"tmm_scblock\"><\/div><\/div><\/div><div style=\"clear:both;\"><\/div><\/div><\/div><\/div>\n\n\n\n<hr class=\"wp-block-separator has-css-opacity\"\/>\n\n\n\n<h2 class=\"wp-block-heading\">Projet ADIA<\/h2>\n\n\n\n<div class=\"tmm tmm_projet-senegal\"><div class=\"tmm_4_columns tmm_wrap tmm_plugin_f\"><span class=\"tmm_two_containers_tablet\"><\/span><div class=\"tmm_container\"><div class=\"tmm_member\" style=\"border-top:#333333 solid 5px;\"><div class=\"tmm_photo tmm_pic_projet-senegal_0\" style=\"background: url(https:\/\/csf.ensma.fr\/wp-content\/uploads\/2019\/11\/t\u00e9l\u00e9chargement-5.jpg); margin-left: auto; margin-right:auto; background-size:cover !important;\"><\/div><div class=\"tmm_textblock\"><div class=\"tmm_names\"><span class=\"tmm_fname\">Louis<\/span> <span class=\"tmm_lname\">Mercadier<\/span><\/div><div class=\"tmm_job\">Responsable du projet<\/div><div class=\"tmm_scblock\"><\/div><\/div><\/div><div class=\"tmm_member\" style=\"border-top:#333333 solid 5px;\"><div class=\"tmm_photo tmm_pic_projet-senegal_1\" style=\"background: url(https:\/\/csf.ensma.fr\/wp-content\/uploads\/2019\/11\/t\u00e9l\u00e9chargement-1.jpg); margin-left: auto; margin-right:auto; background-size:cover !important;\"><\/div><div class=\"tmm_textblock\"><div class=\"tmm_names\"><span class=\"tmm_fname\">Vincent<\/span> <span class=\"tmm_lname\">Naudin<\/span><\/div><div class=\"tmm_job\">Responsable p\u00f4le syst\u00e8me de refroidissement<\/div><div class=\"tmm_scblock\"><\/div><\/div><\/div><span class=\"tmm_two_containers_tablet\"><\/span><div class=\"tmm_member\" style=\"border-top:#333333 solid 5px;\"><div class=\"tmm_photo tmm_pic_projet-senegal_2\" style=\"background: url(https:\/\/csf.ensma.fr\/wp-content\/uploads\/2020\/05\/Arthur-Sala\u00fcn.jpg); margin-left: auto; margin-right:auto; background-size:cover !important;\"><\/div><div class=\"tmm_textblock\"><div class=\"tmm_names\"><span class=\"tmm_fname\">Arthur<\/span> <span class=\"tmm_lname\">Sala\u00fcn<\/span><\/div><div class=\"tmm_job\">Responsable collecte<\/div><div class=\"tmm_scblock\"><\/div><\/div><\/div><div class=\"tmm_member\" style=\"border-top:#333333 solid 5px;\"><div class=\"tmm_photo tmm_pic_projet-senegal_3\" style=\"background: url(https:\/\/csf.ensma.fr\/wp-content\/uploads\/2020\/05\/Armand-Lopez.jpg); margin-left: auto; margin-right:auto; background-size:cover !important;\"><\/div><div class=\"tmm_textblock\"><div class=\"tmm_names\"><span class=\"tmm_fname\">Armand<\/span> <span class=\"tmm_lname\">Lopez<\/span><\/div><div class=\"tmm_job\">Responsable \u00e9olienne<\/div><div class=\"tmm_scblock\"><\/div><\/div><\/div><span class=\"tmm_two_containers_tablet\"><\/span><\/div><span class=\"tmm_columns_containers_desktop\"><\/span><div class=\"tmm_container\"><div class=\"tmm_member\" style=\"border-top:#333333 solid 5px;\"><div class=\"tmm_photo tmm_pic_projet-senegal_4\" style=\"background: url(https:\/\/csf.ensma.fr\/wp-content\/uploads\/2020\/05\/Victor-Morio.jpg); margin-left: auto; margin-right:auto; background-size:cover !important;\"><\/div><div class=\"tmm_textblock\"><div class=\"tmm_names\"><span class=\"tmm_fname\">Victor<\/span> <span class=\"tmm_lname\">Morio<\/span><\/div><div class=\"tmm_job\">Responsable four solaire<\/div><div class=\"tmm_scblock\"><\/div><\/div><\/div><div class=\"tmm_member\" style=\"border-top:#333333 solid 5px;\"><div class=\"tmm_photo tmm_pic_projet-senegal_5\" style=\"background: url(https:\/\/csf.ensma.fr\/wp-content\/uploads\/2020\/05\/philippine.jpg); margin-left: auto; margin-right:auto; background-size:cover !important;\"><\/div><div class=\"tmm_textblock\"><div class=\"tmm_names\"><span class=\"tmm_fname\">Philippine<\/span> <span class=\"tmm_lname\">Goineau<\/span><\/div><div class=\"tmm_job\">Responsable Mar\u00e9chage<\/div><div class=\"tmm_scblock\"><\/div><\/div><\/div><span class=\"tmm_two_containers_tablet\"><\/span><div class=\"tmm_member\" style=\"border-top:#333333 solid 5px;\"><div class=\"tmm_photo tmm_pic_projet-senegal_6\" style=\"background: url(https:\/\/csf.ensma.fr\/wp-content\/uploads\/2020\/05\/Axel-Vacher.jpg); margin-left: auto; margin-right:auto; background-size:cover !important;\"><\/div><div class=\"tmm_textblock\"><div class=\"tmm_names\"><span class=\"tmm_fname\">Axel<\/span> <span class=\"tmm_lname\">Vacher<\/span><\/div><div class=\"tmm_job\">P\u00f4le four solaire<\/div><div class=\"tmm_scblock\"><\/div><\/div><\/div><div class=\"tmm_member\" style=\"border-top:#333333 solid 5px;\"><div class=\"tmm_photo tmm_pic_projet-senegal_7\" style=\"background: url(https:\/\/csf.ensma.fr\/wp-content\/uploads\/2020\/05\/Joseph-Brillet.jpg); margin-left: auto; margin-right:auto; background-size:cover !important;\"><\/div><div class=\"tmm_textblock\"><div class=\"tmm_names\"><span class=\"tmm_fname\">Joseph<\/span> <span class=\"tmm_lname\">Brillet<\/span><\/div><div class=\"tmm_job\">P\u00f4le four solaire<\/div><div class=\"tmm_scblock\"><\/div><\/div><\/div><span class=\"tmm_two_containers_tablet\"><\/span><\/div><span class=\"tmm_columns_containers_desktop\"><\/span><div class=\"tmm_container\"><div class=\"tmm_member\" style=\"border-top:#333333 solid 5px;\"><div class=\"tmm_photo tmm_pic_projet-senegal_8\" style=\"background: url(https:\/\/csf.ensma.fr\/wp-content\/uploads\/2020\/05\/Thomas-Kerjan.jpg); margin-left: auto; margin-right:auto; background-size:cover !important;\"><\/div><div class=\"tmm_textblock\"><div class=\"tmm_names\"><span class=\"tmm_fname\">Thomas<\/span> <span class=\"tmm_lname\">Kerjan<\/span><\/div><div class=\"tmm_job\">P\u00f4le syst\u00e8me de refroidissement<\/div><div class=\"tmm_scblock\"><\/div><\/div><\/div><div style=\"clear:both;\"><\/div><\/div><\/div><\/div>\n","protected":false},"excerpt":{"rendered":"<p>Pourquoi cette \u00e9quipe&nbsp;? L\u2019\u00e9quipe du Club Sans Fronti\u00e8res r\u00e9unis des \u00e9tudiants engag\u00e9s et d\u00e9sireux de se mettre au service de ceux qui en ont besoin. Unis par nos valeurs et notre motivation, chaque membre de l\u2019\u00e9quipe a pour but d\u2019avancer <a class=\"more-link\" href=\"https:\/\/csf.ensma.fr\/?tmm=projet-senegal\">En savoir plus&#8230;<\/a><\/p>\n","protected":false},"author":1,"featured_media":0,"parent":0,"menu_order":0,"comment_status":"closed","ping_status":"closed","template":"","meta":{"_mi_skip_tracking":false,"_monsterinsights_sitenote_active":false,"_monsterinsights_sitenote_note":"","_monsterinsights_sitenote_category":0},"aioseo_notices":[],"_links":{"self":[{"href":"https:\/\/csf.ensma.fr\/index.php?rest_route=\/wp\/v2\/pages\/266"}],"collection":[{"href":"https:\/\/csf.ensma.fr\/index.php?rest_route=\/wp\/v2\/pages"}],"about":[{"href":"https:\/\/csf.ensma.fr\/index.php?rest_route=\/wp\/v2\/types\/page"}],"author":[{"embeddable":true,"href":"https:\/\/csf.ensma.fr\/index.php?rest_route=\/wp\/v2\/users\/1"}],"replies":[{"embeddable":true,"href":"https:\/\/csf.ensma.fr\/index.php?rest_route=%2Fwp%2Fv2%2Fcomments&post=266"}],"version-history":[{"count":15,"href":"https:\/\/csf.ensma.fr\/index.php?rest_route=\/wp\/v2\/pages\/266\/revisions"}],"predecessor-version":[{"id":1831,"href":"https:\/\/csf.ensma.fr\/index.php?rest_route=\/wp\/v2\/pages\/266\/revisions\/1831"}],"wp:attachment":[{"href":"https:\/\/csf.ensma.fr\/index.php?rest_route=%2Fwp%2Fv2%2Fmedia&parent=266"}],"curies":[{"name":"wp","href":"https:\/\/api.w.org\/{rel}","templated":true}]}}