{"id":272,"date":"2019-11-07T00:59:13","date_gmt":"2019-11-06T23:59:13","guid":{"rendered":"https:\/\/csf.ensma.fr\/?page_id=272"},"modified":"2022-08-16T09:40:44","modified_gmt":"2022-08-16T07:40:44","slug":"les-bouchons-damour","status":"publish","type":"page","link":"https:\/\/csf.ensma.fr\/?page_id=272","title":{"rendered":"Les Bouchons d&#8217;amour"},"content":{"rendered":"\n<h2 class=\"wp-block-heading\">Qu&#8217;est-ce que les bouchons d&#8217;amour ?<\/h2>\n\n\n\n<p class=\"has-normal-font-size\">L&#8217;association a pour but de <strong>collecter les bouchons en plastique<\/strong> pour acqu\u00e9rir du <strong>mat\u00e9riel pour handicap\u00e9s<\/strong>. Elle effectue aussi ponctuellement des op\u00e9rations humanitaires en France ou \u00e0 l&#8217;\u00e9tranger. En 2019,&nbsp; 805,123 tonnes de bouchons ont \u00e9t\u00e9 r\u00e9cup\u00e9r\u00e9es.<\/p>\n\n\n\n<p class=\"has-normal-font-size\">Elle travaille en collaboration avec l&#8217;association <em>Hansi&#8217;chiens<\/em>, qui collecte des bouchons pour <em>Les Bouchons d&#8217;amour<\/em> en \u00e9change d&#8217;une aide financi\u00e8re.<\/p>\n\n\n\n<h2 class=\"wp-block-heading\">Comment le Club Sans Fronti\u00e8res peut-il aider Les Bouchons d&#8217;amour ?<\/h2>\n\n\n\n<p class=\"has-normal-font-size\">Mis \u00e0 part les <strong>points de collecte<\/strong> plac\u00e9s dans les supermarch\u00e9s (Auchan-Chasseneuil par exemple), il est possible de d\u00e9poser vos bouchons usag\u00e9s dans les points de collecte plac\u00e9s par le CSF dans les diff\u00e9rentes r\u00e9sidences pr\u00e9sentes vers l&#8217;ENSMA : CDV, Eolia 1 et 2, G\u00e9mini, Alta\u00efr, P\u00e9gase et Morph\u00e9e.<\/p>\n\n\n\n<p class=\"has-normal-font-size\">Les bouchons sont ensuite donn\u00e9s \u00e0 l&#8217;association.<\/p>\n\n\n\n<h2 class=\"wp-block-heading\">Quels bouchons sont accept\u00e9s ?<\/h2>\n\n\n\n<p class=\"has-normal-font-size\">Les bouchons pouvant \u00eatre d\u00e9pos\u00e9s aux points de collecte sont les <strong>bouchons de boissons<\/strong> (lait, compote, jus, eau&#8230;) qui ne contiennent pas de fer, de cartons ou de papier. Une fois la mati\u00e8re interdite retir\u00e9e, il peut tout de m\u00eame \u00eatre collect\u00e9.<\/p>\n\n\n\n<p class=\"has-normal-font-size\">Ne sont pas accept\u00e9s les bouchons de produits m\u00e9nagers, de cosm\u00e9tiques, les couvercles&#8230;<\/p>\n\n\n<div class=\"wp-block-image\">\n<figure class=\"aligncenter size-full\"><img decoding=\"async\" loading=\"lazy\" width=\"734\" height=\"1010\" src=\"https:\/\/csf.ensma.fr\/wp-content\/uploads\/2019\/12\/image.jpg\" alt=\"\" class=\"wp-image-360\" srcset=\"https:\/\/csf.ensma.fr\/wp-content\/uploads\/2019\/12\/image.jpg 734w, https:\/\/csf.ensma.fr\/wp-content\/uploads\/2019\/12\/image-218x300.jpg 218w\" sizes=\"(max-width: 734px) 100vw, 734px\" \/><\/figure><\/div>","protected":false},"excerpt":{"rendered":"<p>Qu&#8217;est-ce que les bouchons d&#8217;amour ? L&#8217;association a pour but de collecter les bouchons en plastique pour acqu\u00e9rir du mat\u00e9riel pour handicap\u00e9s. Elle effectue aussi ponctuellement des op\u00e9rations humanitaires en France ou \u00e0 l&#8217;\u00e9tranger. En 2019,&nbsp; 805,123 tonnes de bouchons <a class=\"more-link\" href=\"https:\/\/csf.ensma.fr\/?page_id=272\">En savoir plus&#8230;<\/a><\/p>\n","protected":false},"author":1,"featured_media":1876,"parent":0,"menu_order":0,"comment_status":"open","ping_status":"closed","template":"","meta":{"_mi_skip_tracking":false,"_monsterinsights_sitenote_active":false,"_monsterinsights_sitenote_note":"","_monsterinsights_sitenote_category":0},"aioseo_notices":[],"_links":{"self":[{"href":"https:\/\/csf.ensma.fr\/index.php?rest_route=\/wp\/v2\/pages\/272"}],"collection":[{"href":"https:\/\/csf.ensma.fr\/index.php?rest_route=\/wp\/v2\/pages"}],"about":[{"href":"https:\/\/csf.ensma.fr\/index.php?rest_route=\/wp\/v2\/types\/page"}],"author":[{"embeddable":true,"href":"https:\/\/csf.ensma.fr\/index.php?rest_route=\/wp\/v2\/users\/1"}],"replies":[{"embeddable":true,"href":"https:\/\/csf.ensma.fr\/index.php?rest_route=%2Fwp%2Fv2%2Fcomments&post=272"}],"version-history":[{"count":14,"href":"https:\/\/csf.ensma.fr\/index.php?rest_route=\/wp\/v2\/pages\/272\/revisions"}],"predecessor-version":[{"id":1877,"href":"https:\/\/csf.ensma.fr\/index.php?rest_route=\/wp\/v2\/pages\/272\/revisions\/1877"}],"wp:featuredmedia":[{"embeddable":true,"href":"https:\/\/csf.ensma.fr\/index.php?rest_route=\/wp\/v2\/media\/1876"}],"wp:attachment":[{"href":"https:\/\/csf.ensma.fr\/index.php?rest_route=%2Fwp%2Fv2%2Fmedia&parent=272"}],"curies":[{"name":"wp","href":"https:\/\/api.w.org\/{rel}","templated":true}]}}