{"id":308,"date":"2019-12-09T23:50:59","date_gmt":"2019-12-09T22:50:59","guid":{"rendered":"https:\/\/csf.ensma.fr\/?page_id=308"},"modified":"2022-08-15T16:46:05","modified_gmt":"2022-08-15T14:46:05","slug":"la-banque-alimentaire","status":"publish","type":"page","link":"https:\/\/csf.ensma.fr\/?page_id=308","title":{"rendered":"La Banque alimentaire"},"content":{"rendered":"\n<p class=\"has-normal-font-size\">Le CSF pr\u00eate main forte \u00e0 la banque alimentaire !<\/p>\n\n\n\n<h2 class=\"wp-block-heading\"><strong>Que sont les banques alimentaires ?<\/strong><\/h2>\n\n\n<div class=\"wp-block-image\">\n<figure class=\"alignleft size-large is-resized\"><img decoding=\"async\" loading=\"lazy\" src=\"https:\/\/csf.ensma.fr\/wp-content\/uploads\/2020\/05\/BAG.png\" alt=\"\" class=\"wp-image-874\" width=\"220\" height=\"144\"\/><\/figure><\/div>\n\n\n<p class=\"has-normal-font-size\"><strong>Les banques alimentaires<\/strong> sont des organismes \u00e0 but non lucratif qui collectent, g\u00e8rent et partagent des denr\u00e9es alimentaires. Elles <strong>luttent<\/strong> activement <strong>contre la pr\u00e9carit\u00e9<\/strong> et <strong>le gaspillage alimentaire<\/strong>. Il s\u2019agit d\u2019une cha\u00eene de solidarit\u00e9 unique !<\/p>\n\n\n\n<p class=\"has-normal-font-size\">Pr\u00e8s de 41% des denr\u00e9es sont r\u00e9colt\u00e9es aupr\u00e8s des particuliers, que ce soit \u00e0 la sortie des caisses des grandes distributions ou gr\u00e2ce \u00e0 des collectes organis\u00e9es dans certains lieux publics tels que les \u00e9coles primaires, etc\u2026 Les industriels, les producteurs et l\u2019Etat donne les 59% restant.<\/p>\n\n\n\n<p class=\"has-normal-font-size\">Les banques alimentaires s\u2019occupent alors de <strong>collecter<\/strong> ces denr\u00e9es et de les<strong> trier<\/strong>, puis de les <strong>distribuer<\/strong> \u00e0 diff\u00e9rentes associations assurant des services d\u2019\u00e9piceries sociales qui proposent l\u2019achat de denr\u00e9es \u00e0 bas prix, des repas partag\u00e9s, des soupes populaires, etc&#8230;<\/p>\n\n\n\n<p class=\"has-normal-font-size\">Ces actions permettent aujourd&#8217;hui de <strong>nourrir et soutenir 2 millions de personnes<\/strong> \u00e0 travers tout le territoire fran\u00e7ais. En effet c\u2019est plus de<strong> 226 millions de repas<\/strong> qui sont <strong>distribu\u00e9s<\/strong> chaque ann\u00e9es.<\/p>\n\n\n\n<p class=\"has-normal-font-size\">Retrouvez plus d&#8217;informations sur leur site : <a href=\"https:\/\/www.banquealimentaire.org\/\">https:\/\/www.banquealimentaire.org\/<\/a><\/p>\n\n\n\n<h2 class=\"wp-block-heading\"><strong>Comment le Club Sans Fronti\u00e8res aide les banques alimentaires ?<\/strong><\/h2>\n\n\n<div class=\"wp-block-image\">\n<figure class=\"alignright is-resized\"><img decoding=\"async\" loading=\"lazy\" src=\"https:\/\/csf.ensma.fr\/wp-content\/uploads\/2019\/12\/78529859_2649277971962607_139285785114312704_n-300x225.jpg\" alt=\"\" class=\"wp-image-310\" width=\"253\" height=\"190\" srcset=\"https:\/\/csf.ensma.fr\/wp-content\/uploads\/2019\/12\/78529859_2649277971962607_139285785114312704_n-300x225.jpg 300w, https:\/\/csf.ensma.fr\/wp-content\/uploads\/2019\/12\/78529859_2649277971962607_139285785114312704_n.jpg 640w\" sizes=\"(max-width: 253px) 100vw, 253px\" \/><\/figure><\/div>\n\n\n<p class=\"has-normal-font-size\">Nous avons voulu pr\u00eater main forte \u00e0 la collecte de la Banque Alimentaire au cours des ann\u00e9es 2019 \u00e0 2021. Durant le week-end du 29 Novembre au 1 D\u00e9cembre 2019 \u00e0 <em>Auchan-Chasseneuil<\/em>, plus de <strong>4 tonnes de nourriture ont pu \u00eatre collect\u00e9es<\/strong>. Une dizaine d\u2019\u00e9l\u00e8ves s&#8217;\u00e9taient relay\u00e9s tout le weekend pour <strong>d\u00e9marcher les clients \u00e0 l\u2019entr\u00e9e du centre commercial, et tenir un stand \u00e0 la sortie des caisses afin de r\u00e9cup\u00e9rer et trier les dons.<\/strong><\/p>\n\n\n\n<div style=\"height:20px\" aria-hidden=\"true\" class=\"wp-block-spacer\"><\/div>\n\n\n<div class=\"wp-block-image\">\n<figure class=\"aligncenter is-resized\"><img decoding=\"async\" loading=\"lazy\" src=\"https:\/\/csf.ensma.fr\/wp-content\/uploads\/2019\/12\/78419613_2649277965295941_1911477265259036672_n-223x300.jpg\" alt=\"\" class=\"wp-image-309\" width=\"294\" height=\"396\" srcset=\"https:\/\/csf.ensma.fr\/wp-content\/uploads\/2019\/12\/78419613_2649277965295941_1911477265259036672_n-223x300.jpg 223w, https:\/\/csf.ensma.fr\/wp-content\/uploads\/2019\/12\/78419613_2649277965295941_1911477265259036672_n.jpg 384w\" sizes=\"(max-width: 294px) 100vw, 294px\" \/><\/figure><\/div>","protected":false},"excerpt":{"rendered":"<p>Le CSF pr\u00eate main forte \u00e0 la banque alimentaire ! Que sont les banques alimentaires ? Les banques alimentaires sont des organismes \u00e0 but non lucratif qui collectent, g\u00e8rent et partagent des denr\u00e9es alimentaires. Elles luttent activement contre la pr\u00e9carit\u00e9 <a class=\"more-link\" href=\"https:\/\/csf.ensma.fr\/?page_id=308\">En savoir plus&#8230;<\/a><\/p>\n","protected":false},"author":1,"featured_media":1864,"parent":0,"menu_order":0,"comment_status":"open","ping_status":"closed","template":"","meta":{"_mi_skip_tracking":false,"_monsterinsights_sitenote_active":false,"_monsterinsights_sitenote_note":"","_monsterinsights_sitenote_category":0},"aioseo_notices":[],"_links":{"self":[{"href":"https:\/\/csf.ensma.fr\/index.php?rest_route=\/wp\/v2\/pages\/308"}],"collection":[{"href":"https:\/\/csf.ensma.fr\/index.php?rest_route=\/wp\/v2\/pages"}],"about":[{"href":"https:\/\/csf.ensma.fr\/index.php?rest_route=\/wp\/v2\/types\/page"}],"author":[{"embeddable":true,"href":"https:\/\/csf.ensma.fr\/index.php?rest_route=\/wp\/v2\/users\/1"}],"replies":[{"embeddable":true,"href":"https:\/\/csf.ensma.fr\/index.php?rest_route=%2Fwp%2Fv2%2Fcomments&post=308"}],"version-history":[{"count":8,"href":"https:\/\/csf.ensma.fr\/index.php?rest_route=\/wp\/v2\/pages\/308\/revisions"}],"predecessor-version":[{"id":1836,"href":"https:\/\/csf.ensma.fr\/index.php?rest_route=\/wp\/v2\/pages\/308\/revisions\/1836"}],"wp:featuredmedia":[{"embeddable":true,"href":"https:\/\/csf.ensma.fr\/index.php?rest_route=\/wp\/v2\/media\/1864"}],"wp:attachment":[{"href":"https:\/\/csf.ensma.fr\/index.php?rest_route=%2Fwp%2Fv2%2Fmedia&parent=308"}],"curies":[{"name":"wp","href":"https:\/\/api.w.org\/{rel}","templated":true}]}}