{"id":313,"date":"2019-12-10T00:05:46","date_gmt":"2019-12-09T23:05:46","guid":{"rendered":"https:\/\/csf.ensma.fr\/?page_id=313"},"modified":"2020-05-27T16:20:02","modified_gmt":"2020-05-27T14:20:02","slug":"projet-pompe-a-vent","status":"publish","type":"page","link":"https:\/\/csf.ensma.fr\/?page_id=313","title":{"rendered":"\u00c9oliennes individuelles"},"content":{"rendered":"\n<p class=\"has-normal-font-size\">La communaut\u00e9 de Boulal \u00e9tant g\u00e9ographiquement tr\u00e8s \u00e9tal\u00e9e, de nombreuses habitations ne sont pas reli\u00e9es au r\u00e9seau \u00e9lectrique malgr\u00e9 que leur mode de vie en n\u00e9cessite.&nbsp; Ne serait-ce que pour charger les t\u00e9l\u00e9phones ou prolonger un peu leur journ\u00e9e une fois le soleil couch\u00e9, ils utilisent des petits panneaux solaires de provenance chinoise (de la taille d\u2019une feuille A4 \u00e0 peu pr\u00e8s), achet\u00e9s sur le march\u00e9 de Boulal pour environ 15000 FCFA&nbsp; (23\u20ac). Les probl\u00e8me relev\u00e9s de cette alternative sont le co\u00fbt d\u2019achat, sa durabilit\u00e9 et le manque de profit \u00e0 l\u2019\u00e9conomie locale.<\/p>\n\n\n\n<div class=\"wp-block-image\"><figure class=\"alignright size-large is-resized\"><img decoding=\"async\" loading=\"lazy\" src=\"https:\/\/csf.ensma.fr\/wp-content\/uploads\/2020\/05\/Eoliennes.png\" alt=\"\" class=\"wp-image-900\" width=\"359\" height=\"387\"\/><\/figure><\/div>\n\n\n\n<p class=\"has-normal-font-size\">Notre id\u00e9e consiste \u00e0 cr\u00e9er un atelier de fabrication d\u2019\u00e9oliennes en mat\u00e9riaux locaux et\/ou de r\u00e9cup\u00e9ration. Les principaux mat\u00e9riaux seraient du bois, des alternateurs de r\u00e9cup\u00e9rations sur des moteurs \u00e9lectriques obsol\u00e8tes, et des cellules de lithium r\u00e9cup\u00e9r\u00e9es sur des vieilles batteries de voitures (tout ceci nous a paru facilement trouvable dans la r\u00e9gion).<\/p>\n\n\n\n<p class=\"has-normal-font-size\">Les avantages sont&nbsp;:<br>Le faible co\u00fbt,<br>Le recyclage de mati\u00e8res premi\u00e8res,<br>L\u2019autonomie de la production,<br>L\u2019ind\u00e9pendance \u00e9nerg\u00e9tique,&nbsp;<br>La viabilit\u00e9 et la durabilit\u00e9 de l\u2019installation,<br>La contribution \u00e0 l\u2019\u00e9conomie locale,<br>La sensibilisation aux \u00e9nergies renouvelables.<\/p>\n\n\n\n<div style=\"height:20px\" aria-hidden=\"true\" class=\"wp-block-spacer\"><\/div>\n\n\n\n<hr class=\"wp-block-separator\"\/>\n\n\n\n<p class=\"has-normal-font-size\">Retrouvez aussi le reste du projet :<\/p>\n\n\n\n<ul><li><a href=\"https:\/\/csf.ensma.fr\/?page_id=137\">Le projet<\/a><\/li><li><a href=\"https:\/\/csf.ensma.fr\/?page_id=313\"><\/a><a href=\"https:\/\/csf.ensma.fr\/?page_id=762\">Syst\u00e8me de stockage laitier<\/a><\/li><li><a href=\"https:\/\/csf.ensma.fr\/?page_id=768\">R\u00e9seau hydraulique<\/a><\/li><li><a href=\"https:\/\/csf.ensma.fr\/?page_id=774\">Activit\u00e9s p\u00e9dagogiques<\/a><\/li><li><a href=\"https:\/\/csf.ensma.fr\/?page_id=772\">Mara\u00eechage<\/a><\/li><li><a href=\"https:\/\/csf.ensma.fr\/?page_id=764\">Collectes<\/a><\/li><\/ul>\n\n\n\n<hr class=\"wp-block-separator\"\/>\n","protected":false},"excerpt":{"rendered":"<p>La communaut\u00e9 de Boulal \u00e9tant g\u00e9ographiquement tr\u00e8s \u00e9tal\u00e9e, de nombreuses habitations ne sont pas reli\u00e9es au r\u00e9seau \u00e9lectrique malgr\u00e9 que leur mode de vie en n\u00e9cessite.&nbsp; Ne serait-ce que pour charger les t\u00e9l\u00e9phones ou prolonger un peu leur journ\u00e9e une <a class=\"more-link\" href=\"https:\/\/csf.ensma.fr\/?page_id=313\">En savoir plus&#8230;<\/a><\/p>\n","protected":false},"author":1,"featured_media":0,"parent":0,"menu_order":0,"comment_status":"open","ping_status":"closed","template":"","meta":{"_mi_skip_tracking":false,"_monsterinsights_sitenote_active":false,"_monsterinsights_sitenote_note":"","_monsterinsights_sitenote_category":0},"aioseo_notices":[],"_links":{"self":[{"href":"https:\/\/csf.ensma.fr\/index.php?rest_route=\/wp\/v2\/pages\/313"}],"collection":[{"href":"https:\/\/csf.ensma.fr\/index.php?rest_route=\/wp\/v2\/pages"}],"about":[{"href":"https:\/\/csf.ensma.fr\/index.php?rest_route=\/wp\/v2\/types\/page"}],"author":[{"embeddable":true,"href":"https:\/\/csf.ensma.fr\/index.php?rest_route=\/wp\/v2\/users\/1"}],"replies":[{"embeddable":true,"href":"https:\/\/csf.ensma.fr\/index.php?rest_route=%2Fwp%2Fv2%2Fcomments&post=313"}],"version-history":[{"count":6,"href":"https:\/\/csf.ensma.fr\/index.php?rest_route=\/wp\/v2\/pages\/313\/revisions"}],"predecessor-version":[{"id":1031,"href":"https:\/\/csf.ensma.fr\/index.php?rest_route=\/wp\/v2\/pages\/313\/revisions\/1031"}],"wp:attachment":[{"href":"https:\/\/csf.ensma.fr\/index.php?rest_route=%2Fwp%2Fv2%2Fmedia&parent=313"}],"curies":[{"name":"wp","href":"https:\/\/api.w.org\/{rel}","templated":true}]}}