{"id":45,"date":"2019-08-29T15:59:13","date_gmt":"2019-08-29T13:59:13","guid":{"rendered":"https:\/\/csf.ensma.fr\/?page_id=45"},"modified":"2023-06-15T11:13:41","modified_gmt":"2023-06-15T09:13:41","slug":"presentation-de-lassociation","status":"publish","type":"page","link":"https:\/\/csf.ensma.fr\/?page_id=45","title":{"rendered":"Pr\u00e9sentation de l\u2019Association"},"content":{"rendered":"<div class=\"wp-block-image\">\n<figure class=\"alignleft is-resized\"><img decoding=\"async\" loading=\"lazy\" src=\"https:\/\/csf.ensma.fr\/wp-content\/uploads\/2020\/04\/logocsf-1024x1000.png\" alt=\"\" class=\"wp-image-677\" width=\"265\" height=\"258\"\/><\/figure><\/div>\n\n\n<p class=\"has-normal-font-size\">Le Club Sans Fronti\u00e8res, plus connu sous le nom de CSF, est une association de loi 1901 \u00e0 but humanitaire. Cr\u00e9\u00e9e en 2001 par des Ensmatiques, celle-ci n\u2019a pas arr\u00eat\u00e9 d\u2019entreprendre des actions dans le but de proposer un soutien \u00e0 des associations mais \u00e9galement afin d\u2019aider des populations pauvres \u00e0 se d\u00e9velopper par le biais de nos connaissances en ing\u00e9nierie. Apr\u00e8s s\u2019\u00eatre montr\u00e9e discr\u00e8te pendant quelques ann\u00e9es celle-ci relance ses activit\u00e9s avec des membres plus motiv\u00e9s que jamais&nbsp;!<\/p>\n\n\n\n<div style=\"height:30px\" aria-hidden=\"true\" class=\"wp-block-spacer\"><\/div>\n\n\n\n<hr class=\"wp-block-separator has-css-opacity\"\/>\n\n\n\n<p style=\"font-size:18px\"><strong>Aujourd\u2019hui, le CSF est impliqu\u00e9 dans deux projets internationaux de longue dur\u00e9e en Colombie et au S\u00e9n\u00e9gal.<\/strong><\/p>\n\n\n\n<hr class=\"wp-block-separator has-css-opacity\"\/>\n\n\n\n<div style=\"height:30px\" aria-hidden=\"true\" class=\"wp-block-spacer\"><\/div>\n\n\n<div class=\"wp-block-image\">\n<figure class=\"alignleft is-resized\"><img decoding=\"async\" loading=\"lazy\" src=\"https:\/\/csf.ensma.fr\/wp-content\/uploads\/2020\/05\/image3-e1588792308526.jpg\" alt=\"\" class=\"wp-image-747\" width=\"236\" height=\"232\" srcset=\"https:\/\/csf.ensma.fr\/wp-content\/uploads\/2020\/05\/image3-e1588792308526.jpg 519w, https:\/\/csf.ensma.fr\/wp-content\/uploads\/2020\/05\/image3-e1588792308526-300x294.jpg 300w\" sizes=\"(max-width: 236px) 100vw, 236px\" \/><\/figure><\/div>\n\n\n<p class=\"has-normal-font-size\">Le projet en Colombie, plus connu sous le nom de projet EOS,&nbsp; implique deux ing\u00e9nieurs ENSMA, Camilo David Sanchez (promotion 2015) et Thomas Le Livec (promotion 2016) mais \u00e9galement une dizaine d\u2019\u00e9tudiants. Ce projet est fond\u00e9 sur trois axes : l\u2019alpinisme, l\u2019\u00e9cologie et l\u2019humanitaire. Le CSF s\u2019occupe exclusivement de la partie humanitaire qui consiste \u00e0 \u00e9laborer des cours de maths et de physique appliqu\u00e9s \u00e0 l\u2019a\u00e9ronautique pour&nbsp; des jeunes colombiens de coll\u00e8ges d\u00e9favoris\u00e9s. Nous proposons \u00e9galement ces cours \u00e0 des \u00e9l\u00e8ves du coll\u00e8ge Jules Verne de Buxerolles afin de susciter des vocations mais \u00e9galement pour avoir un retour direct quant \u00e0 la qualit\u00e9 des cours que nous proposons.<\/p>\n\n\n\n<div style=\"height:20px\" aria-hidden=\"true\" class=\"wp-block-spacer\"><\/div>\n\n\n\n<hr class=\"wp-block-separator has-css-opacity\"\/>\n\n\n\n<div style=\"height:20px\" aria-hidden=\"true\" class=\"wp-block-spacer\"><\/div>\n\n\n<div class=\"wp-block-image\">\n<figure class=\"alignright is-resized\"><img decoding=\"async\" loading=\"lazy\" src=\"https:\/\/csf.ensma.fr\/wp-content\/uploads\/2020\/05\/image5.jpg\" alt=\"\" class=\"wp-image-748\" width=\"305\" height=\"229\" srcset=\"https:\/\/csf.ensma.fr\/wp-content\/uploads\/2020\/05\/image5.jpg 960w, https:\/\/csf.ensma.fr\/wp-content\/uploads\/2020\/05\/image5-300x225.jpg 300w, https:\/\/csf.ensma.fr\/wp-content\/uploads\/2020\/05\/image5-768x576.jpg 768w, https:\/\/csf.ensma.fr\/wp-content\/uploads\/2020\/05\/image5-350x263.jpg 350w, https:\/\/csf.ensma.fr\/wp-content\/uploads\/2020\/05\/image5-780x586.jpg 780w, https:\/\/csf.ensma.fr\/wp-content\/uploads\/2020\/05\/image5-250x188.jpg 250w\" sizes=\"(max-width: 305px) 100vw, 305px\" \/><\/figure><\/div>\n\n\n<p class=\"has-normal-font-size\">Le projet S\u00e9n\u00e9gal, d\u00e9sormais nomm\u00e9 Adia, a pour but de favoriser l\u2019\u00e9mancipation des femmes du village de Boulal et le d\u00e9veloppement de la communaut\u00e9 rurale. L\u2019objectif est de r\u00e9ussir \u00e0 mettre en place une boulangerie afin de fournir du pain frais aux habitants de la communaut\u00e9 rurale, des syst\u00e8mes de production individuelle d\u2019\u00e9lectricit\u00e9, afin de permettre aux habitants de prolonger leur journ\u00e9e. Mais il est \u00e9galement n\u00e9cessaire de r\u00e9nover le centre de refroidissement, ce qui leur permettrait de conserver leur production de lait et&nbsp; le r\u00e9seau d\u2019eau qui pr\u00e9sente de nombreuses fuites, etc\u2026<\/p>\n\n\n\n<div style=\"height:20px\" aria-hidden=\"true\" class=\"wp-block-spacer\"><\/div>\n\n\n\n<hr class=\"wp-block-separator has-css-opacity\"\/>\n\n\n\n<p style=\"font-size:18px\"><strong>Le CSF c&#8217;est aussi des actions locales !<\/strong><\/p>\n\n\n\n<hr class=\"wp-block-separator has-css-opacity\"\/>\n\n\n\n<div style=\"height:20px\" aria-hidden=\"true\" class=\"wp-block-spacer\"><\/div>\n\n\n<div class=\"wp-block-image\">\n<figure class=\"alignleft is-resized\"><img decoding=\"async\" loading=\"lazy\" src=\"https:\/\/csf.ensma.fr\/wp-content\/uploads\/2019\/12\/78957011_2656841361206268_3691925261684572160_o.jpg\" alt=\"\" class=\"wp-image-304\" width=\"237\" height=\"315\" srcset=\"https:\/\/csf.ensma.fr\/wp-content\/uploads\/2019\/12\/78957011_2656841361206268_3691925261684572160_o.jpg 720w, https:\/\/csf.ensma.fr\/wp-content\/uploads\/2019\/12\/78957011_2656841361206268_3691925261684572160_o-225x300.jpg 225w\" sizes=\"(max-width: 237px) 100vw, 237px\" \/><\/figure><\/div>\n\n\n<p class=\"has-normal-font-size\">D\u2019un point de vue local, le CSF organise de nombreuses actions r\u00e9parties tout au long de l\u2019ann\u00e9e. En Octobre c\u2019est une journ\u00e9e de tournoi multisports avec un parcours du combattant de 5km agr\u00e9ment\u00e9e d\u2019un barbecue et d\u2019un concert de la Cave-Rock pour bien finir la journ\u00e9e. En 2019 cette journ\u00e9e \u00e9tait organis\u00e9e au profit du T\u00e9l\u00e9thon permettant une collecte de plus de 950 euros, et cette ann\u00e9e, nous avons d\u00e9cid\u00e9 d\u2019en faire b\u00e9n\u00e9ficier le projet Adia pour l\u2019aider dans son d\u00e9veloppement.<\/p>\n\n\n\n<div style=\"height:20px\" aria-hidden=\"true\" class=\"wp-block-spacer\"><\/div>\n\n\n\n<hr class=\"wp-block-separator has-css-opacity\"\/>\n\n\n\n<div style=\"height:20px\" aria-hidden=\"true\" class=\"wp-block-spacer\"><\/div>\n\n\n<div class=\"wp-block-image\">\n<figure class=\"alignright is-resized\"><img decoding=\"async\" loading=\"lazy\" src=\"https:\/\/csf.ensma.fr\/wp-content\/uploads\/2020\/01\/80281344_584956982280257_5737887410499354624_n-1024x766.jpg\" alt=\"\" class=\"wp-image-384\" width=\"339\" height=\"253\" srcset=\"https:\/\/csf.ensma.fr\/wp-content\/uploads\/2020\/01\/80281344_584956982280257_5737887410499354624_n-1024x766.jpg 1024w, https:\/\/csf.ensma.fr\/wp-content\/uploads\/2020\/01\/80281344_584956982280257_5737887410499354624_n-300x225.jpg 300w, https:\/\/csf.ensma.fr\/wp-content\/uploads\/2020\/01\/80281344_584956982280257_5737887410499354624_n-768x575.jpg 768w\" sizes=\"(max-width: 339px) 100vw, 339px\" \/><\/figure><\/div>\n\n\n<p class=\"has-normal-font-size\">En D\u00e9cembre, un arbre de No\u00ebl avec un go\u00fbter est organis\u00e9 en faveur des enfants des b\u00e9n\u00e9ficiaires de la Croix-Rouge. En Avril c\u2019est P\u00e2ques&nbsp;! Et qui dit P\u00e2ques, dit chocolat et dit enfants&nbsp;! Une activit\u00e9 de chasse aux tr\u00e9sors est organis\u00e9e pour les enfants de l\u2019h\u00f4pital. Ensuite c\u2019est une apr\u00e8s-midi de sensibilisation au handicap via la pratique du handisport qui est organis\u00e9e \u00e0 l\u2019ENSMA en Mai en faveur d\u2019une association luttant contre le handicap. Mais en Mai c\u2019est \u00e9galement le retour du beau temps et donc la reprise des vols pour certains (qui n\u2019ont peut-\u00eatre pas beaucoup arr\u00eat\u00e9&nbsp;!). Ainsi le CSF profite de cette p\u00e9riode pour faire profiter des enfants handicap\u00e9s d\u2019une journ\u00e9e de d\u00e9couverte de l\u2019a\u00e9ronautique avec une visite de l\u2019\u00e9cole, une vulgarisation de l\u2019a\u00e9ronautique, un barbecue, des activit\u00e9s manuelles et surtout, un bapt\u00eame de l\u2019air&nbsp;! Au cours de cette ann\u00e9e le CSF a aid\u00e9 \u00e0 la collecte de la Banque Alimentaire, a particip\u00e9 aux 30h du T\u00e9l\u00e9thon du Futuroscope et a&nbsp; \u00e9galement particip\u00e9 \u00e0 de nombreuses actions avec la Croix-Rouge.&nbsp;<\/p>\n\n\n\n<hr class=\"wp-block-separator has-css-opacity\"\/>\n\n\n\n<h2 class=\"wp-block-heading\">Qui sommes nous ? <\/h2>\n\n\n\n<div style=\"height:30px\" aria-hidden=\"true\" class=\"wp-block-spacer\"><\/div>\n\n\n\n<p>\u00c9l\u00e8ves engag\u00e9s et motiv\u00e9s, voici l\u2019\u00e9quipe 2023 \/ 2024 du CSF !<\/p>\n\n\n<div class=\"tmm tmm_bureau-2023-2024\"><div class=\"tmm_4_columns tmm_wrap tmm_plugin_f\"><span class=\"tmm_two_containers_tablet\"><\/span><div class=\"tmm_container\"><div class=\"tmm_member\" style=\"border-top:#333333 solid 5px;\"><div class=\"tmm_photo tmm_pic_bureau-2023-2024_0\" style=\"background: url(https:\/\/csf.ensma.fr\/wp-content\/uploads\/2023\/06\/Manon-Belot.jpg); margin-left: auto; margin-right:auto; background-size:cover !important;\"><\/div><div class=\"tmm_textblock\"><div class=\"tmm_names\"><span class=\"tmm_fname\">Manon<\/span> <span class=\"tmm_lname\">Belot<\/span><\/div><div class=\"tmm_job\">Pr\u00e9sidente<\/div><div class=\"tmm_scblock\"><\/div><\/div><\/div><div class=\"tmm_member\" style=\"border-top:#333333 solid 5px;\"><div class=\"tmm_photo tmm_pic_bureau-2023-2024_1\" style=\"background: url(https:\/\/csf.ensma.fr\/wp-content\/uploads\/2022\/08\/293821095_590400856046932_1974935067408656762_n.jpg); margin-left: auto; margin-right:auto; background-size:cover !important;\"><\/div><div class=\"tmm_textblock\"><div class=\"tmm_names\"><span class=\"tmm_fname\">Paul<\/span> <span class=\"tmm_lname\">Georgel<\/span><\/div><div class=\"tmm_job\">Vice-Pr\u00e9sident<\/div><div class=\"tmm_scblock\"><\/div><\/div><\/div><span class=\"tmm_two_containers_tablet\"><\/span><div class=\"tmm_member\" style=\"border-top:#333333 solid 5px;\"><div class=\"tmm_photo tmm_pic_bureau-2023-2024_2\" style=\"background: url(https:\/\/csf.ensma.fr\/wp-content\/uploads\/2023\/06\/youssef-besrour.jpg); margin-left: auto; margin-right:auto; background-size:cover !important;\"><\/div><div class=\"tmm_textblock\"><div class=\"tmm_names\"><span class=\"tmm_fname\">Youssef<\/span> <span class=\"tmm_lname\">Besrour<\/span><\/div><div class=\"tmm_job\">Tr\u00e9sorier<\/div><div class=\"tmm_scblock\"><\/div><\/div><\/div><div class=\"tmm_member\" style=\"border-top:#333333 solid 5px;\"><div class=\"tmm_photo tmm_pic_bureau-2023-2024_3\" style=\"background: url(https:\/\/csf.ensma.fr\/wp-content\/uploads\/2023\/06\/Raphael-Persee-carre.png); margin-left: auto; margin-right:auto; background-size:cover !important;\"><\/div><div class=\"tmm_textblock\"><div class=\"tmm_names\"><span class=\"tmm_fname\">Rapha\u00ebl<\/span> <span class=\"tmm_lname\">Pers\u00e9e<\/span><\/div><div class=\"tmm_job\">Secr\u00e9taire<\/div><div class=\"tmm_scblock\"><\/div><\/div><\/div><div style=\"clear:both;\"><\/div><\/div><\/div><\/div>\n\n\n\n<div style=\"height:30px\" aria-hidden=\"true\" class=\"wp-block-spacer\"><\/div>\n\n\n\n<div style=\"height:20px\" aria-hidden=\"true\" class=\"wp-block-spacer\"><\/div>\n\n\n\n<p class=\"has-normal-font-size\">Vous souhaitez en savoir plus sur nos actions&nbsp;? Restez sur notre site <a href=\"http:\/\/csf.ensma.fr\">csf.ensma.fr<\/a> o\u00f9 tout est expliqu\u00e9. Vous pouvez \u00e9galement aller sur <a rel=\"noreferrer noopener\" href=\"https:\/\/www.facebook.com\/clubsansfrontiere\" target=\"_blank\">notre page Facebook<\/a> ou envoyer un mail \u00e0 <a href=\"mailto:clubsansfrontiere@gmail.com\" target=\"_blank\" rel=\"noreferrer noopener\">clubsansfrontiere@gmail.com<\/a>. Nous avons \u00e9galement besoin de fonds pour organiser nos actions, si vous le souhaitez, vous pouvez nous aider via <a href=\"https:\/\/csf.ensma.fr\/?page_id=661\">la page internet du CSF<\/a>. Nous comptons sur vous&nbsp;!<\/p>\n\n\n\n<div style=\"height:50px\" aria-hidden=\"true\" class=\"wp-block-spacer\"><\/div>\n\n\n\n<p style=\"font-size:18px\">Humanitairement,&nbsp;<\/p>\n\n\n\n<p class=\"has-text-align-right\"><em>Le Club Sans Fronti\u00e8res<\/em><\/p>\n","protected":false},"excerpt":{"rendered":"<p>Le Club Sans Fronti\u00e8res, plus connu sous le nom de CSF, est une association de loi 1901 \u00e0 but humanitaire. Cr\u00e9\u00e9e en 2001 par des Ensmatiques, celle-ci n\u2019a pas arr\u00eat\u00e9 d\u2019entreprendre des actions dans le but de proposer un soutien <a class=\"more-link\" href=\"https:\/\/csf.ensma.fr\/?tmm=bureau-2023-2024\">En savoir plus&#8230;<\/a><\/p>\n","protected":false},"author":1,"featured_media":0,"parent":0,"menu_order":0,"comment_status":"closed","ping_status":"closed","template":"","meta":{"_mi_skip_tracking":false,"_monsterinsights_sitenote_active":false,"_monsterinsights_sitenote_note":"","_monsterinsights_sitenote_category":0},"aioseo_notices":[],"_links":{"self":[{"href":"https:\/\/csf.ensma.fr\/index.php?rest_route=\/wp\/v2\/pages\/45"}],"collection":[{"href":"https:\/\/csf.ensma.fr\/index.php?rest_route=\/wp\/v2\/pages"}],"about":[{"href":"https:\/\/csf.ensma.fr\/index.php?rest_route=\/wp\/v2\/types\/page"}],"author":[{"embeddable":true,"href":"https:\/\/csf.ensma.fr\/index.php?rest_route=\/wp\/v2\/users\/1"}],"replies":[{"embeddable":true,"href":"https:\/\/csf.ensma.fr\/index.php?rest_route=%2Fwp%2Fv2%2Fcomments&post=45"}],"version-history":[{"count":27,"href":"https:\/\/csf.ensma.fr\/index.php?rest_route=\/wp\/v2\/pages\/45\/revisions"}],"predecessor-version":[{"id":2073,"href":"https:\/\/csf.ensma.fr\/index.php?rest_route=\/wp\/v2\/pages\/45\/revisions\/2073"}],"wp:attachment":[{"href":"https:\/\/csf.ensma.fr\/index.php?rest_route=%2Fwp%2Fv2%2Fmedia&parent=45"}],"curies":[{"name":"wp","href":"https:\/\/api.w.org\/{rel}","templated":true}]}}