{"id":661,"date":"2020-08-07T14:00:00","date_gmt":"2020-08-07T12:00:00","guid":{"rendered":"https:\/\/csf.ensma.fr\/?page_id=661"},"modified":"2021-08-18T16:39:02","modified_gmt":"2021-08-18T14:39:02","slug":"nous-soutenir","status":"publish","type":"page","link":"https:\/\/csf.ensma.fr\/?page_id=661","title":{"rendered":"Nous soutenir"},"content":{"rendered":"\n<p class=\"has-cyan-bluish-gray-background-color has-background\">Le Club Sans Fronti\u00e8res est une association loi 1901 tr\u00e8s active et entreprenante depuis 20 ans. Nous mettons \u00e0 profit notre \u00e9nergie d\u2019\u00e9tudiants et nos ressources d\u2019ing\u00e9nieurs en a\u00e9ronautique pour cr\u00e9er des projets correspondants \u00e0 notre vision du monde de demain. <\/p>\n\n\n\n<div style=\"height:53px\" aria-hidden=\"true\" class=\"wp-block-spacer\"><\/div>\n\n\n\n<p class=\"has-text-align-center\"><div class=\"su-button-center\"><a href=\"https:\/\/billetterie.pumpkin-app.com\/donation-au-csf\" class=\"su-button su-button-style-default\" style=\"color:#FFFFFF;background-color:#000000;border-color:#000000;border-radius:5px;-moz-border-radius:5px;-webkit-border-radius:5px\" target=\"_blank\" rel=\"noopener noreferrer\"><span style=\"color:#FFFFFF;padding:0px 26px;font-size:20px;line-height:40px;border-color:#4d4d4d;border-radius:5px;-moz-border-radius:5px;-webkit-border-radius:5px;text-shadow:none;-moz-text-shadow:none;-webkit-text-shadow:none\"> Cliquez ici pour faire un don<\/span><\/a><\/div>\n\n\n\n<div style=\"height:59px\" aria-hidden=\"true\" class=\"wp-block-spacer\"><\/div>\n\n\n\n<p class=\"has-very-light-gray-background-color has-background\">En parcourant notre site internet, vous avez pu vous rendre compte que nous sommes engag\u00e9s sur 3 continents et cela a un co\u00fbt. C\u2019est pourquoi nous vous donnons la possibilit\u00e9 de soutenir nos actions o\u00f9 que vous soyez ! En faisant un don au CSF, vous contribuez \u00e0 financer les bapt\u00eames de l\u2019air offerts aux enfants handicap\u00e9s de la Journ\u00e9e A\u00e9ro, vous nous aidez \u00e0 l\u2019organisation de l\u2019apr\u00e8s-midi handisport ou encore \u00e0 la poursuite du d\u00e9veloppement du projet Adia au S\u00e9n\u00e9gal (appareils de mesure, mat\u00e9riel de construction\u2026). Pour nous soutenir financi\u00e8rement, vous allez \u00eatre redirig\u00e9s vers une billetterie Pumpkin, soci\u00e9t\u00e9 partenaire du CSF pour les paiements \u00e0 distance. Ce type de paiement est s\u00e9curis\u00e9, et b\u00e9n\u00e9ficie d&#8217;un syst\u00e8me 3D-Secure, une proc\u00e9dure d\u2019authentification du porteur de la carte VISA ou Mastercard. Vous pouvez donc nous aider en toute s\u00e9r\u00e9nit\u00e9 ! Un grand merci de la part de tous les membres du CSF pour votre contribution !<\/p>\n\n\n\n<p class=\"has-very-light-gray-background-color has-background\">Vous pouvez \u00e9galement nous aider avec des dons ou pr\u00eats de mat\u00e9riels pour nos \u00e9v\u00e9nements ou nos projets. Pour plus d&#8217;informations sur ce que vous pouvez faire pour nous, n&#8217;h\u00e9sitez pas \u00e0 nous contacter.<\/p>\n\n\n\n<div style=\"height:55px\" aria-hidden=\"true\" class=\"wp-block-spacer\"><\/div>\n\n\n\n<div style=\"height:49px\" aria-hidden=\"true\" class=\"wp-block-spacer\"><\/div>\n\n\n\n<hr class=\"wp-block-separator\"\/>\n\n\n\n<div style=\"height:51px\" aria-hidden=\"true\" class=\"wp-block-spacer\"><\/div>\n\n\n\n<h2 class=\"wp-block-heading\">Nos d\u00e9penses<\/h2>\n\n\n\n<p>Dans un soucis de transparence, nous vous r\u00e9sumons nos budgets et d\u00e9penses annuelles pour vous aider \u00e0 comprendre comment nous d\u00e9pensons notre argent et comment votre soutien nous aidera dans notre action.<\/p>\n\n\n<div class=\"so-widget-sow-accordion so-widget-sow-accordion-default-622138bae503\"><div>\n\t<div class=\"sow-accordion\">\n\t\t\t<div class=\"sow-accordion-panel sow-accordion-panel-open\"\n\t\t\t data-anchor=\"pr%c3%a9visions-2020-2021\">\n\t\t\t\t<div class=\"sow-accordion-panel-header-container\" role=\"heading\" aria-level=\"2\">\n\t\t\t\t\t<div class=\"sow-accordion-panel-header\" tabindex=\"0\" role=\"button\" id=\"accordion-label-pr%c3%a9visions-2020-2021\" aria-controls=\"accordion-content-pr%c3%a9visions-2020-2021\" aria-expanded=\"true\">\n\t\t\t\t\t\t<div class=\"sow-accordion-title sow-accordion-title-icon-left\">\n\t\t\t\t\t\t\t\t\t\t\t\t\t\tPr\u00e9visions 2020 &#8211; 2021\t\t\t\t\t\t\t\t\t\t\t\t\t<\/div>\n\t\t\t\t\t\t<div class=\"sow-accordion-open-close-button\">\n\t\t\t\t\t\t\t<div class=\"sow-accordion-open-button\">\n\t\t\t\t\t\t\t\t<span class=\"sow-icon-ionicons\" data-sow-icon=\"&#xf218;\"\n\t\t ><\/span>\t\t\t\t\t\t\t<\/div>\n\t\t\t\t\t\t\t<div class=\"sow-accordion-close-button\">\n\t\t\t\t\t\t\t\t<span class=\"sow-icon-ionicons\" data-sow-icon=\"&#xf209;\"\n\t\t ><\/span>\t\t\t\t\t\t\t<\/div>\n\t\t\t\t\t\t<\/div>\n\t\t\t\t\t<\/div>\n\t\t\t\t<\/div>\n\n\t\t\t<div class=\"sow-accordion-panel-content\" role=\"region\" aria-labelledby=\"accordion-label-pr%c3%a9visions-2020-2021\" id=\"accordion-content-pr%c3%a9visions-2020-2021\">\n\t\t\t\t<div class=\"sow-accordion-panel-border\" tabindex=\"0\">\n\t\t\t\t\t<p>Nous avons pleins de projets en pr\u00e9paration pour l&#8217;ann\u00e9e \u00e0 venir.<\/p>\n<p>Cependant, cette ann\u00e9e sera certainement tr\u00e8s particuli\u00e8re en raison de la crise sanitaire. Nous ne pouvons pr\u00e9voir comment va se passer l&#8217;ann\u00e9e, si nous allons pouvoir r\u00e9aliser tous nos projets et si nous aurons les financements n\u00e9cessaires. <br \/>Une chose est s\u00fbre nous allons tout faire pour les r\u00e9aliser.<\/p>\n<p>En raison de la situation, votre soutien sera tr\u00e8s important ! Que ce soit sous forme d&#8217;un financement, d&#8217;un don ou m\u00eame d&#8217;une aide humaine ou mat\u00e9rielle. Toute aide de votre part sera la bien venue et tr\u00e8s importante.<\/p>\n\t\t\t\t<\/div>\n\t\t\t<\/div>\n\t\t<\/div>\n\t\t\t<div class=\"sow-accordion-panel\"\n\t\t\t data-anchor=\"bilan-financier-2019-2020\">\n\t\t\t\t<div class=\"sow-accordion-panel-header-container\" role=\"heading\" aria-level=\"2\">\n\t\t\t\t\t<div class=\"sow-accordion-panel-header\" tabindex=\"0\" role=\"button\" id=\"accordion-label-bilan-financier-2019-2020\" aria-controls=\"accordion-content-bilan-financier-2019-2020\" aria-expanded=\"false\">\n\t\t\t\t\t\t<div class=\"sow-accordion-title sow-accordion-title-icon-left\">\n\t\t\t\t\t\t\t\t\t\t\t\t\t\tBilan financier 2019 &#8211; 2020\t\t\t\t\t\t\t\t\t\t\t\t\t<\/div>\n\t\t\t\t\t\t<div class=\"sow-accordion-open-close-button\">\n\t\t\t\t\t\t\t<div class=\"sow-accordion-open-button\">\n\t\t\t\t\t\t\t\t<span class=\"sow-icon-ionicons\" data-sow-icon=\"&#xf218;\"\n\t\t ><\/span>\t\t\t\t\t\t\t<\/div>\n\t\t\t\t\t\t\t<div class=\"sow-accordion-close-button\">\n\t\t\t\t\t\t\t\t<span class=\"sow-icon-ionicons\" data-sow-icon=\"&#xf209;\"\n\t\t ><\/span>\t\t\t\t\t\t\t<\/div>\n\t\t\t\t\t\t<\/div>\n\t\t\t\t\t<\/div>\n\t\t\t\t<\/div>\n\n\t\t\t<div class=\"sow-accordion-panel-content\" role=\"region\" aria-labelledby=\"accordion-label-bilan-financier-2019-2020\" id=\"accordion-content-bilan-financier-2019-2020\">\n\t\t\t\t<div class=\"sow-accordion-panel-border\" tabindex=\"0\">\n\t\t\t\t\t<p>Le mandat 2019 &#8211; 2020 a \u00e9t\u00e9 marqu\u00e9 par le renouveau. Les membres de l&#8217;association on tout donner pour relancer plusieurs gros projets et soutenir des actions locales.\u00a0<br \/>Nous avons organis\u00e9 une <a href=\"https:\/\/csf.ensma.fr\/?page_id=835\">Journ\u00e9e Solidaire et Sportive<\/a> en octobre au profit du <a href=\"https:\/\/csf.ensma.fr\/?page_id=222\">T\u00e9l\u00e9thon<\/a>. Nous avons \u00e9galement organiser des actions pour la <a href=\"https:\/\/csf.ensma.fr\/?page_id=191\">Croix Rouge<\/a> durant la p\u00e9riode de No\u00ebl. Du plus les membres du <a href=\"https:\/\/csf.ensma.fr\/?page_id=137\">Projet S\u00e9n\u00e9gal<\/a> ont eu l&#8217;occasion de se rendre sur place pour rendre le projet plus concret.\u00a0<\/p>\n<p><img decoding=\"async\" loading=\"lazy\" class=\"aligncenter wp-image-1387 size-full\" src=\"https:\/\/csf.ensma.fr\/wp-content\/uploads\/2020\/08\/Trez-2019-2020-prevision.jpg\" alt=\"\" width=\"1159\" height=\"882\" srcset=\"https:\/\/csf.ensma.fr\/wp-content\/uploads\/2020\/08\/Trez-2019-2020-prevision.jpg 1159w, https:\/\/csf.ensma.fr\/wp-content\/uploads\/2020\/08\/Trez-2019-2020-prevision-300x228.jpg 300w, https:\/\/csf.ensma.fr\/wp-content\/uploads\/2020\/08\/Trez-2019-2020-prevision-1024x779.jpg 1024w, https:\/\/csf.ensma.fr\/wp-content\/uploads\/2020\/08\/Trez-2019-2020-prevision-768x584.jpg 768w\" sizes=\"(max-width: 1159px) 100vw, 1159px\" \/><\/p>\n<p>Cependant, la crise sanitaire du Coronavirus nous pouss\u00e9 \u00e0 annul\u00e9 d&#8217;autres projets. Par exemple, nous n&#8217;avons pas pu organis\u00e9 la journ\u00e9e P\u00e2ques pour les enfants de l&#8217;h\u00f4pital ainsi que la <a href=\"https:\/\/csf.ensma.fr\/?page_id=185\">Journ\u00e9e D\u00e9couverte de l&#8217;A\u00e9ronautique<\/a>. Nous avons \u00e9galement d\u00fb arr\u00eater la vente de <a href=\"https:\/\/csf.ensma.fr\/?page_id=78\">paniers de l\u00e9gumes<\/a> et nous a donc priv\u00e9 du partie des recettes pr\u00e9vues pour financer nos projets.<\/p>\n<p>Voici donc notre bilan financier r\u00e9el pour la p\u00e9riode du 1 septembre 2019 au 31 ao\u00fbt 2020 :<\/p>\n<p><img decoding=\"async\" loading=\"lazy\" class=\"aligncenter wp-image-1388 size-full\" src=\"https:\/\/csf.ensma.fr\/wp-content\/uploads\/2020\/08\/Trez-2019-2020.jpg\" alt=\"\" width=\"1159\" height=\"884\" srcset=\"https:\/\/csf.ensma.fr\/wp-content\/uploads\/2020\/08\/Trez-2019-2020.jpg 1159w, https:\/\/csf.ensma.fr\/wp-content\/uploads\/2020\/08\/Trez-2019-2020-300x229.jpg 300w, https:\/\/csf.ensma.fr\/wp-content\/uploads\/2020\/08\/Trez-2019-2020-1024x781.jpg 1024w, https:\/\/csf.ensma.fr\/wp-content\/uploads\/2020\/08\/Trez-2019-2020-768x586.jpg 768w\" sizes=\"(max-width: 1159px) 100vw, 1159px\" \/><\/p>\n\t\t\t\t<\/div>\n\t\t\t<\/div>\n\t\t<\/div>\n\t\t\t<div class=\"sow-accordion-panel\"\n\t\t\t data-anchor=\"bilan-financier-2017-2019\">\n\t\t\t\t<div class=\"sow-accordion-panel-header-container\" role=\"heading\" aria-level=\"2\">\n\t\t\t\t\t<div class=\"sow-accordion-panel-header\" tabindex=\"0\" role=\"button\" id=\"accordion-label-bilan-financier-2017-2019\" aria-controls=\"accordion-content-bilan-financier-2017-2019\" aria-expanded=\"false\">\n\t\t\t\t\t\t<div class=\"sow-accordion-title sow-accordion-title-icon-left\">\n\t\t\t\t\t\t\t\t\t\t\t\t\t\tBilan financier 2017 &#8211; 2019\t\t\t\t\t\t\t\t\t\t\t\t\t<\/div>\n\t\t\t\t\t\t<div class=\"sow-accordion-open-close-button\">\n\t\t\t\t\t\t\t<div class=\"sow-accordion-open-button\">\n\t\t\t\t\t\t\t\t<span class=\"sow-icon-ionicons\" data-sow-icon=\"&#xf218;\"\n\t\t ><\/span>\t\t\t\t\t\t\t<\/div>\n\t\t\t\t\t\t\t<div class=\"sow-accordion-close-button\">\n\t\t\t\t\t\t\t\t<span class=\"sow-icon-ionicons\" data-sow-icon=\"&#xf209;\"\n\t\t ><\/span>\t\t\t\t\t\t\t<\/div>\n\t\t\t\t\t\t<\/div>\n\t\t\t\t\t<\/div>\n\t\t\t\t<\/div>\n\n\t\t\t<div class=\"sow-accordion-panel-content\" role=\"region\" aria-labelledby=\"accordion-label-bilan-financier-2017-2019\" id=\"accordion-content-bilan-financier-2017-2019\">\n\t\t\t\t<div class=\"sow-accordion-panel-border\" tabindex=\"0\">\n\t\t\t\t\t<p>Durant la p\u00e9riode de 2017 \u00e0 2019, le CSF \u00e0 \u00e9t\u00e9 tr\u00e8s peu actif et n&#8217;a donc re\u00e7u aucun b\u00e9n\u00e9fice et a d\u00e9pens\u00e9 peu d&#8217;argent. Nous avons principalement men\u00e9s quelques actions de soutiens en participant aux missions d&#8217;autres associations de la r\u00e9gion.<\/p>\n<p>Cependant, l&#8217;arriv\u00e9e des nouveaux \u00e9l\u00e8ves tr\u00e8s motiv\u00e9 de la promotion 2021 a relanc\u00e9 les projets et cr\u00e9\u00e9 de nouvelles missions au sein de notre association. Cet \u00e9lan de volontariat s&#8217;est maintenu avec l&#8217;arriv\u00e9e de la promotion 2022. Avec nos projets en cours nous allons pouvoir motiver les futures promotions \u00e0 nous rejoindre. <br \/>Ainsi avec les soutiens actuels et \u00e0 venir que nous avons, nous esp\u00e9rons pouvoir aboutir ces projets et permettre aux futurs \u00e9tudiants d&#8217;avoir la chance de lancer leurs propres projets.<\/p>\n\t\t\t\t<\/div>\n\t\t\t<\/div>\n\t\t<\/div>\n\t\t\t<div class=\"sow-accordion-panel\"\n\t\t\t data-anchor=\"bilan-financier-2016-2017\">\n\t\t\t\t<div class=\"sow-accordion-panel-header-container\" role=\"heading\" aria-level=\"2\">\n\t\t\t\t\t<div class=\"sow-accordion-panel-header\" tabindex=\"0\" role=\"button\" id=\"accordion-label-bilan-financier-2016-2017\" aria-controls=\"accordion-content-bilan-financier-2016-2017\" aria-expanded=\"false\">\n\t\t\t\t\t\t<div class=\"sow-accordion-title sow-accordion-title-icon-left\">\n\t\t\t\t\t\t\t\t\t\t\t\t\t\tBilan financier 2016 &#8211; 2017\t\t\t\t\t\t\t\t\t\t\t\t\t<\/div>\n\t\t\t\t\t\t<div class=\"sow-accordion-open-close-button\">\n\t\t\t\t\t\t\t<div class=\"sow-accordion-open-button\">\n\t\t\t\t\t\t\t\t<span class=\"sow-icon-ionicons\" data-sow-icon=\"&#xf218;\"\n\t\t ><\/span>\t\t\t\t\t\t\t<\/div>\n\t\t\t\t\t\t\t<div class=\"sow-accordion-close-button\">\n\t\t\t\t\t\t\t\t<span class=\"sow-icon-ionicons\" data-sow-icon=\"&#xf209;\"\n\t\t ><\/span>\t\t\t\t\t\t\t<\/div>\n\t\t\t\t\t\t<\/div>\n\t\t\t\t\t<\/div>\n\t\t\t\t<\/div>\n\n\t\t\t<div class=\"sow-accordion-panel-content\" role=\"region\" aria-labelledby=\"accordion-label-bilan-financier-2016-2017\" id=\"accordion-content-bilan-financier-2016-2017\">\n\t\t\t\t<div class=\"sow-accordion-panel-border\" tabindex=\"0\">\n\t\t\t\t\t<p>\u00a0 \u00a0 \u00a0 \u00a0 Entre le 1 septembre 2016 et le 31 ao\u00fbt 2017, le Club Sans Fronti\u00e8res a r\u00e9colt\u00e9 pr\u00e8s de 1300\u20ac gr\u00e2ce aux subventions de l&#8217;\u00e9cole et aux ventes que nous avons organis\u00e9 (<a href=\"https:\/\/csf.ensma.fr\/?page_id=78\">paniers de l\u00e9gumes<\/a>, vente de cookies, soir\u00e9e CSF).\u00a0<\/p>\n<p><img decoding=\"async\" loading=\"lazy\" class=\"wp-image-1376 size-full aligncenter\" src=\"https:\/\/csf.ensma.fr\/wp-content\/uploads\/2020\/08\/Trez-2016-2017-1.jpg\" alt=\"\" width=\"1159\" height=\"884\" srcset=\"https:\/\/csf.ensma.fr\/wp-content\/uploads\/2020\/08\/Trez-2016-2017-1.jpg 1159w, https:\/\/csf.ensma.fr\/wp-content\/uploads\/2020\/08\/Trez-2016-2017-1-300x229.jpg 300w, https:\/\/csf.ensma.fr\/wp-content\/uploads\/2020\/08\/Trez-2016-2017-1-1024x781.jpg 1024w, https:\/\/csf.ensma.fr\/wp-content\/uploads\/2020\/08\/Trez-2016-2017-1-768x586.jpg 768w\" sizes=\"(max-width: 1159px) 100vw, 1159px\" \/><\/p>\n<p>Ces recettes ont servis \u00e0 financer le l&#8217;organisation de la <a href=\"https:\/\/csf.ensma.fr\/?page_id=185\">Journ\u00e9e d\u00e9couverte de l&#8217;a\u00e9ronautique<\/a> et \u00e0 couvrir certains frais tels que notre assurance.<\/p>\n\t\t\t\t<\/div>\n\t\t\t<\/div>\n\t\t<\/div>\n\t\t\t<div class=\"sow-accordion-panel\"\n\t\t\t data-anchor=\"entre-2001-et-2016\">\n\t\t\t\t<div class=\"sow-accordion-panel-header-container\" role=\"heading\" aria-level=\"2\">\n\t\t\t\t\t<div class=\"sow-accordion-panel-header\" tabindex=\"0\" role=\"button\" id=\"accordion-label-entre-2001-et-2016\" aria-controls=\"accordion-content-entre-2001-et-2016\" aria-expanded=\"false\">\n\t\t\t\t\t\t<div class=\"sow-accordion-title sow-accordion-title-icon-left\">\n\t\t\t\t\t\t\t\t\t\t\t\t\t\tEntre 2001 et 2016\t\t\t\t\t\t\t\t\t\t\t\t\t<\/div>\n\t\t\t\t\t\t<div class=\"sow-accordion-open-close-button\">\n\t\t\t\t\t\t\t<div class=\"sow-accordion-open-button\">\n\t\t\t\t\t\t\t\t<span class=\"sow-icon-ionicons\" data-sow-icon=\"&#xf218;\"\n\t\t ><\/span>\t\t\t\t\t\t\t<\/div>\n\t\t\t\t\t\t\t<div class=\"sow-accordion-close-button\">\n\t\t\t\t\t\t\t\t<span class=\"sow-icon-ionicons\" data-sow-icon=\"&#xf209;\"\n\t\t ><\/span>\t\t\t\t\t\t\t<\/div>\n\t\t\t\t\t\t<\/div>\n\t\t\t\t\t<\/div>\n\t\t\t\t<\/div>\n\n\t\t\t<div class=\"sow-accordion-panel-content\" role=\"region\" aria-labelledby=\"accordion-label-entre-2001-et-2016\" id=\"accordion-content-entre-2001-et-2016\">\n\t\t\t\t<div class=\"sow-accordion-panel-border\" tabindex=\"0\">\n\t\t\t\t\t<p>Le Club Sans Fronti\u00e8res est une associations fond\u00e9e en 2001 par les \u00e9tudiants de l&#8217;Ensma. Ils ont men\u00e9s de nombreuses actions au fil du temps.<\/p>\n\t\t\t\t<\/div>\n\t\t\t<\/div>\n\t\t<\/div>\n\t\t<\/div>\n<\/div>\n<\/div>            <style type=\"text\/css\">.so-widget-sow-accordion-default-622138bae503 .sow-accordion .sow-accordion-panel {\n  margin-bottom: 10px;\n}\n.so-widget-sow-accordion-default-622138bae503 .sow-accordion .sow-accordion-panel .sow-accordion-panel-header {\n  position: relative;\n  cursor: pointer;\n  padding: 15px 30px 15px 30px;\n  background-color: #ffffff;\n  color: #0a0a0a;\n  \n  \n  \n  \n  display: flex;\n  flex-direction: row;\n  border-style: solid;\n  border-color: #000000;\n  border-width: 3px;\n  \n}\n.so-widget-sow-accordion-default-622138bae503 .sow-accordion .sow-accordion-panel .sow-accordion-panel-header:hover {\n  background-color: #eaeaea;\n  \n  \n}\n.so-widget-sow-accordion-default-622138bae503 .sow-accordion .sow-accordion-panel .sow-accordion-panel-header:focus {\n  outline: 1px dotted #666;\n  outline: auto 5px -webkit-focus-ring-color;\n}\n.so-widget-sow-accordion-default-622138bae503 .sow-accordion .sow-accordion-panel .sow-accordion-panel-header .sow-accordion-title {\n  display: flex;\n  align-items: center;\n  width: 100%;\n}\n.so-widget-sow-accordion-default-622138bae503 .sow-accordion .sow-accordion-panel .sow-accordion-panel-header .sow-accordion-icon-image {\n  width: auto;\n  \n  max-height: 1em;\n}\n.so-widget-sow-accordion-default-622138bae503 .sow-accordion .sow-accordion-panel .sow-accordion-panel-header .sow-accordion-title-icon-left > .sow-accordion-icon-image,\n.so-widget-sow-accordion-default-622138bae503 .sow-accordion .sow-accordion-panel .sow-accordion-panel-header .sow-accordion-title-icon-left > span[data-sow-icon] {\n  margin-right: 5px;\n}\n.so-widget-sow-accordion-default-622138bae503 .sow-accordion .sow-accordion-panel .sow-accordion-panel-header .sow-accordion-title-icon-right > .sow-accordion-icon-image,\n.so-widget-sow-accordion-default-622138bae503 .sow-accordion .sow-accordion-panel .sow-accordion-panel-header .sow-accordion-title-icon-right > span[data-sow-icon] {\n  margin-left: 5px;\n}\n.so-widget-sow-accordion-default-622138bae503 .sow-accordion .sow-accordion-panel:not(.sow-accordion-panel-open) > .sow-accordion-panel-header-container > .sow-accordion-panel-header .sow-accordion-close-button {\n  display: none;\n}\n.so-widget-sow-accordion-default-622138bae503 .sow-accordion .sow-accordion-panel.sow-accordion-panel-open > .sow-accordion-panel-header-container > .sow-accordion-panel-header .sow-accordion-open-button {\n  display: none;\n}\n.so-widget-sow-accordion-default-622138bae503 .sow-accordion .sow-accordion-panel .sow-accordion-panel-content .sow-accordion-panel-border {\n  background-color: #b6d6ed;\n  padding: 15px 30px 15px 30px;\n  \n  \n  \n  overflow: auto;\n}\n.so-widget-sow-accordion-default-622138bae503 .sow-accordion .sow-accordion-panel .sow-accordion-panel-content .sow-accordion-panel-border:focus {\n  outline: 1px dotted #666;\n  outline: auto 5px -webkit-focus-ring-color;\n}\n@media print {\n  .so-widget-sow-accordion-default-622138bae503 .sow-accordion .sow-accordion-panel .sow-accordion-open-close-button {\n    display: none;\n  }\n  .so-widget-sow-accordion-default-622138bae503 .sow-accordion .sow-accordion-panel .sow-accordion-panel-content {\n    display: block !important;\n  }\n}<\/style>\n\n\n<div style=\"height:50px\" aria-hidden=\"true\" class=\"wp-block-spacer\"><\/div>\n\n\n<div\n\t\t\t\n\t\t\tclass=\"so-widget-sow-post-carousel so-widget-sow-post-carousel-base-ad93eedad001\"\n\t\t\t\n\t\t><\/div>\n\n\n<div class=\"su-button-center\"><a href=\"https:\/\/billetterie.pumpkin-app.com\/donation-au-csf\" class=\"su-button su-button-style-default\" style=\"color:#FFFFFF;background-color:#000000;border-color:#000000;border-radius:5px;-moz-border-radius:5px;-webkit-border-radius:5px\" target=\"_blank\" rel=\"noopener noreferrer\"><span style=\"color:#FFFFFF;padding:0px 26px;font-size:20px;line-height:40px;border-color:#4d4d4d;border-radius:5px;-moz-border-radius:5px;-webkit-border-radius:5px;text-shadow:none;-moz-text-shadow:none;-webkit-text-shadow:none\"> Cliquez ici pour faire un don<\/span><\/a><\/div>\n\n\n\n<div style=\"height:20px\" aria-hidden=\"true\" class=\"wp-block-spacer\"><\/div>\n\n\n\n<div class=\"wp-block-image\"><figure class=\"aligncenter size-large\"><img decoding=\"async\" loading=\"lazy\" width=\"374\" height=\"241\" src=\"https:\/\/csf.ensma.fr\/wp-content\/uploads\/2020\/08\/QRcode-Don.png\" alt=\"\" class=\"wp-image-1403\" srcset=\"https:\/\/csf.ensma.fr\/wp-content\/uploads\/2020\/08\/QRcode-Don.png 374w, https:\/\/csf.ensma.fr\/wp-content\/uploads\/2020\/08\/QRcode-Don-300x193.png 300w\" sizes=\"(max-width: 374px) 100vw, 374px\" \/><\/figure><\/div>\n\n\n\n<div style=\"height:50px\" aria-hidden=\"true\" class=\"wp-block-spacer\"><\/div>\n","protected":false},"excerpt":{"rendered":"<p>Le Club Sans Fronti\u00e8res est une association loi 1901 tr\u00e8s active et entreprenante depuis 20 ans. Nous mettons \u00e0 profit notre \u00e9nergie d\u2019\u00e9tudiants et nos ressources d\u2019ing\u00e9nieurs en a\u00e9ronautique pour cr\u00e9er des projets correspondants \u00e0 notre vision du monde de <a class=\"more-link\" href=\"https:\/\/csf.ensma.fr\/?page_id=661\">En savoir plus&#8230;<\/a><\/p>\n","protected":false},"author":10,"featured_media":1417,"parent":0,"menu_order":0,"comment_status":"open","ping_status":"closed","template":"","meta":{"_mi_skip_tracking":false,"_monsterinsights_sitenote_active":false,"_monsterinsights_sitenote_note":"","_monsterinsights_sitenote_category":0},"aioseo_notices":[],"_links":{"self":[{"href":"https:\/\/csf.ensma.fr\/index.php?rest_route=\/wp\/v2\/pages\/661"}],"collection":[{"href":"https:\/\/csf.ensma.fr\/index.php?rest_route=\/wp\/v2\/pages"}],"about":[{"href":"https:\/\/csf.ensma.fr\/index.php?rest_route=\/wp\/v2\/types\/page"}],"author":[{"embeddable":true,"href":"https:\/\/csf.ensma.fr\/index.php?rest_route=\/wp\/v2\/users\/10"}],"replies":[{"embeddable":true,"href":"https:\/\/csf.ensma.fr\/index.php?rest_route=%2Fwp%2Fv2%2Fcomments&post=661"}],"version-history":[{"count":54,"href":"https:\/\/csf.ensma.fr\/index.php?rest_route=\/wp\/v2\/pages\/661\/revisions"}],"predecessor-version":[{"id":1790,"href":"https:\/\/csf.ensma.fr\/index.php?rest_route=\/wp\/v2\/pages\/661\/revisions\/1790"}],"wp:featuredmedia":[{"embeddable":true,"href":"https:\/\/csf.ensma.fr\/index.php?rest_route=\/wp\/v2\/media\/1417"}],"wp:attachment":[{"href":"https:\/\/csf.ensma.fr\/index.php?rest_route=%2Fwp%2Fv2%2Fmedia&parent=661"}],"curies":[{"name":"wp","href":"https:\/\/api.w.org\/{rel}","templated":true}]}}