{"id":746,"date":"2020-05-06T21:25:13","date_gmt":"2020-05-06T19:25:13","guid":{"rendered":"https:\/\/csf.ensma.fr\/?page_id=746"},"modified":"2020-05-23T11:44:51","modified_gmt":"2020-05-23T09:44:51","slug":"qui-sommes-nous","status":"publish","type":"page","link":"https:\/\/csf.ensma.fr\/?page_id=746","title":{"rendered":"Qui sommes-nous ?"},"content":{"rendered":"\n<div class=\"wp-block-image\"><figure class=\"alignright size-large is-resized\"><img decoding=\"async\" loading=\"lazy\" src=\"https:\/\/csf.ensma.fr\/wp-content\/uploads\/2020\/04\/logocsf-1024x1000.png\" alt=\"\" class=\"wp-image-677\" width=\"213\" height=\"206\"\/><\/figure><\/div>\n\n\n\n<p class=\"has-normal-font-size\">Le Club Sans Fronti\u00e8res, plus connu sous le nom de CSF, est une association de loi 1901 \u00e0 but humanitaire. Cr\u00e9\u00e9e en 2001 par des Ensmatiques (\u00e9tudiants de l\u2019ENSMA), celle-ci n\u2019a pas arr\u00eat\u00e9 d\u2019entreprendre des actions dans le but de proposer un soutien \u00e0 des associations mais \u00e9galement afin d\u2019aider des populations pauvres \u00e0 se d\u00e9velopper par le biais de nos connaissances en ing\u00e9nierie. Initialement r\u00e9serv\u00e9e aux Ensmatiques, l\u2019association est d\u00e9sormais ouverte \u00e0 tous ceux qui le souhaitent.<\/p>\n\n\n\n<div style=\"height:50px\" aria-hidden=\"true\" class=\"wp-block-spacer\"><\/div>\n\n\n\n<h2 class=\"wp-block-heading\">Pourquoi l\u2019humanitaire&nbsp;?<\/h2>\n\n\n\n<p class=\"has-normal-font-size\">L\u2019humanitaire permet de lutter contre les in\u00e9galit\u00e9s aussi bien au niveau national qu\u2019au niveau mondial. Cons\u00e9quences des catastrophes naturelles ou des conflits arm\u00e9s les crises humanitaires n\u2019auront jamais \u00e9t\u00e9 aussi nombreuses. Pour y faire face, nombreuses sont les associations qui luttent contre la faim, la maladie, la terreur, l\u2019exclusion et d\u2019autres facteurs d\u2019in\u00e9galit\u00e9. Ainsi pour faire face \u00e0 ces enjeux les membres du Club Sans Fronti\u00e8res mettent \u00e0 profit leurs connaissances et leur temps au profit des plus d\u00e9favoris\u00e9s \u00e0 travers le volontariat et la solidarit\u00e9 et ce gr\u00e2ce \u00e0 une \u00e9nergie d\u00e9bordante et une bonne humeur in\u00e9branlable.<\/p>\n\n\n\n<p class=\"has-normal-font-size\"><br>Nous agissons \u00e0 plusieurs \u00e9chelles et de diff\u00e9rentes mani\u00e8res. Tout d\u2019abord, \u00e0 l\u2019\u00e9chelle locale nous sommes un support \u00e0 des associations telles que la Croix-Rouge, la Banque Alimentaire, le T\u00e9l\u00e9thon, etc\u2026 Nous les aidons ponctuellement dans leurs actions quand celles-ci en ont besoin ou en font la demande. Cette aide peut \u00eatre de tout type, de la simple distribution de flyers \u00e0 l\u2019organisation d\u2019une journ\u00e9e en leur faveur (voir \u00e9v\u00e9nement \u00ab&nbsp;T\u00e9l\u00e9thon&nbsp;\u00bb dans \u00ab&nbsp;Nos Actions&nbsp;\u00bb). Nous vendons \u00e9galement hebdomadairement des paniers de l\u00e9gumes bios, provenant d\u2019une AMAP locale, aux \u00e9tudiants. Ensuite, \u00e0 l\u2019\u00e9chelle internationale, nous nous sommes lanc\u00e9s dans deux projets. Le premier, en Colombie, constitue \u00e0 construire des cours de math\u00e9matiques et de physiques \u00e0 des enfants colombiens d\u00e9favoris\u00e9s dans le cadre du projet EOS. Ce projet est men\u00e9 par trois ing\u00e9nieurs ENSMA. Le second, au S\u00e9n\u00e9gal, a pour but de favoriser l\u2019\u00e9mancipation des femmes du village de Boulal ainsi que le d\u00e9veloppement de la communaut\u00e9 rurale.<\/p>\n\n\n\n<div style=\"height:50px\" aria-hidden=\"true\" class=\"wp-block-spacer\"><\/div>\n\n\n\n<h2 class=\"wp-block-heading\">Nos actions<\/h2>\n\n\n\n<p class=\"has-normal-font-size\">Un peu d\u2019histoire\u2026<br>Nous avons commenc\u00e9 par lutter contre l\u2019ensablement en Mauritanie en entreprenant des recherches sur l\u2019\u00e9rosion \u00e9olienne et le mouvement des dunes. D\u00fb \u00e0 la complexit\u00e9 de l\u2019\u00e9tude nous n\u2019avons pas pu conclure le projet cependant cela a \u00e9t\u00e9 une tr\u00e8s bonne exp\u00e9rience riche en conseils pour la suite de nos projets. Ensuite en 2002, nous nous sommes int\u00e9ress\u00e9s \u00e0 une autre partie de l\u2019Afrique du Nord, le Sahel. Nous avons donc \u00e9labor\u00e9 un projet dont l\u2019objectif \u00e9tait l\u2019implantation de cuiseurs solaires au S\u00e9n\u00e9gal. Il s\u2019est concr\u00e9tis\u00e9 par une mission de reconnaissance en avril 2003 et une exp\u00e9dition en d\u00e9cembre 2003. Ces diff\u00e9rentes actions ont \u00e9t\u00e9 encourag\u00e9es par diff\u00e9rentes bourses (mention au Troph\u00e9e de l\u2019Etudiant 2001 et 2004, Troph\u00e9e de l\u2019Etudiant 2001, Troph\u00e9e de l\u2019Etudiant r\u00e9gional 2004) et une s\u00e9lection au concours Animafac 2002. Le CSF a ensuite commenc\u00e9 \u00e0 travailler sur le projet de po\u00eale \u00e0 \u00e9conomie de bois en avril 2005. Celui-ci \u00e9tait au d\u00e9part destin\u00e9 \u00e0 une r\u00e9gion du S\u00e9n\u00e9gal o\u00f9 l\u2019importante demande de combustible entra\u00eene la d\u00e9forestation : Fand\u00e8ne. Deux missions en d\u00e9cembre 2005 et avril 2006 nous ont permis de faire d\u00e9couvrir le po\u00eale \u00e0 la population Fand\u00e8noise et de d\u00e9velopper un partenariat avec une association s\u00e9n\u00e9galaise qui \u0153uvre sur place. Ce projet a \u00e9t\u00e9 poursuivi au Burkina Faso en 2008 dans le village de Lemouroudougou.<\/p>\n\n\n\n<div style=\"height:50px\" aria-hidden=\"true\" class=\"wp-block-spacer\"><\/div>\n\n\n\n<h2 class=\"wp-block-heading\">Notre Mantra<\/h2>\n\n\n\n<div class=\"wp-block-image\"><figure class=\"alignright size-large is-resized\"><img decoding=\"async\" loading=\"lazy\" src=\"https:\/\/csf.ensma.fr\/wp-content\/uploads\/2020\/05\/gandhi_sepia-796x1024.jpg\" alt=\"\" class=\"wp-image-845\" width=\"129\" height=\"164\"\/><\/figure><\/div>\n\n\n\n<p class=\"has-normal-font-size\">\u00ab&nbsp;Soyez le changement que vous voulez voir dans ce monde&nbsp;\u00bb. Gandhi<br>Tout comme le Mahatma Gandhi chaque action que l\u2019on m\u00e8ne est li\u00e9e au changement que l\u2019on souhaite voir dans ce monde. Bien plus qu\u2019une phrase, c\u2019est un v\u00e9ritable mode de vie.<\/p>\n\n\n\n<div style=\"height:50px\" aria-hidden=\"true\" class=\"wp-block-spacer\"><\/div>\n","protected":false},"excerpt":{"rendered":"<p>Le Club Sans Fronti\u00e8res, plus connu sous le nom de CSF, est une association de loi 1901 \u00e0 but humanitaire. Cr\u00e9\u00e9e en 2001 par des Ensmatiques (\u00e9tudiants de l\u2019ENSMA), celle-ci n\u2019a pas arr\u00eat\u00e9 d\u2019entreprendre des actions dans le but de <a class=\"more-link\" href=\"https:\/\/csf.ensma.fr\/?page_id=746\">En savoir plus&#8230;<\/a><\/p>\n","protected":false},"author":10,"featured_media":0,"parent":0,"menu_order":0,"comment_status":"closed","ping_status":"closed","template":"","meta":{"_mi_skip_tracking":false,"_monsterinsights_sitenote_active":false,"_monsterinsights_sitenote_note":"","_monsterinsights_sitenote_category":0},"aioseo_notices":[],"_links":{"self":[{"href":"https:\/\/csf.ensma.fr\/index.php?rest_route=\/wp\/v2\/pages\/746"}],"collection":[{"href":"https:\/\/csf.ensma.fr\/index.php?rest_route=\/wp\/v2\/pages"}],"about":[{"href":"https:\/\/csf.ensma.fr\/index.php?rest_route=\/wp\/v2\/types\/page"}],"author":[{"embeddable":true,"href":"https:\/\/csf.ensma.fr\/index.php?rest_route=\/wp\/v2\/users\/10"}],"replies":[{"embeddable":true,"href":"https:\/\/csf.ensma.fr\/index.php?rest_route=%2Fwp%2Fv2%2Fcomments&post=746"}],"version-history":[{"count":5,"href":"https:\/\/csf.ensma.fr\/index.php?rest_route=\/wp\/v2\/pages\/746\/revisions"}],"predecessor-version":[{"id":910,"href":"https:\/\/csf.ensma.fr\/index.php?rest_route=\/wp\/v2\/pages\/746\/revisions\/910"}],"wp:attachment":[{"href":"https:\/\/csf.ensma.fr\/index.php?rest_route=%2Fwp%2Fv2%2Fmedia&parent=746"}],"curies":[{"name":"wp","href":"https:\/\/api.w.org\/{rel}","templated":true}]}}