{"id":768,"date":"2020-05-07T00:12:05","date_gmt":"2020-05-06T22:12:05","guid":{"rendered":"https:\/\/csf.ensma.fr\/?page_id=768"},"modified":"2020-05-24T13:37:47","modified_gmt":"2020-05-24T11:37:47","slug":"reseau-hydraulique","status":"publish","type":"page","link":"https:\/\/csf.ensma.fr\/?page_id=768","title":{"rendered":"R\u00e9seau hydraulique"},"content":{"rendered":"\n<div class=\"wp-block-image\"><figure class=\"alignright size-large is-resized\"><img decoding=\"async\" loading=\"lazy\" src=\"https:\/\/csf.ensma.fr\/wp-content\/uploads\/2020\/05\/Hydraulique-1.png\" alt=\"\" class=\"wp-image-915\" width=\"298\" height=\"220\" srcset=\"https:\/\/csf.ensma.fr\/wp-content\/uploads\/2020\/05\/Hydraulique-1.png 960w, https:\/\/csf.ensma.fr\/wp-content\/uploads\/2020\/05\/Hydraulique-1-300x222.png 300w, https:\/\/csf.ensma.fr\/wp-content\/uploads\/2020\/05\/Hydraulique-1-768x569.png 768w\" sizes=\"(max-width: 298px) 100vw, 298px\" \/><\/figure><\/div>\n\n\n\n<p>Boulal dispose de riches ressources en eau mais peine \u00e0 les exploiter pour en faire b\u00e9n\u00e9ficier le plus grand nombre d\u2019usagers. Au total sept forages fournissent les 14 000 habitants de la communaut\u00e9. Cependant, la majorit\u00e9 d\u2019entre eux doit marcher plusieurs kilom\u00e8tres pour y acc\u00e9der, en raison du manque de canalisations. De plus, comme nous avons pu le constater lors de la visite du forage principal (alimentant l\u2019ensemble du centre ville), de nombreuses fuites pr\u00e9sentes sur les jonctions m\u00e8res des forages induisent de nombreuses pertes. Cela augmente consid\u00e9rablement le prix du litre d\u2019eau des m\u00e9nages.<br><\/p>\n\n\n\n<div style=\"height:20px\" aria-hidden=\"true\" class=\"wp-block-spacer\"><\/div>\n\n\n\n<div class=\"wp-block-image\"><figure class=\"alignleft size-large is-resized\"><img decoding=\"async\" loading=\"lazy\" src=\"https:\/\/csf.ensma.fr\/wp-content\/uploads\/2020\/05\/Hydraulique-2.png\" alt=\"\" class=\"wp-image-914\" width=\"299\" height=\"224\" srcset=\"https:\/\/csf.ensma.fr\/wp-content\/uploads\/2020\/05\/Hydraulique-2.png 960w, https:\/\/csf.ensma.fr\/wp-content\/uploads\/2020\/05\/Hydraulique-2-300x225.png 300w, https:\/\/csf.ensma.fr\/wp-content\/uploads\/2020\/05\/Hydraulique-2-768x576.png 768w, https:\/\/csf.ensma.fr\/wp-content\/uploads\/2020\/05\/Hydraulique-2-350x263.png 350w, https:\/\/csf.ensma.fr\/wp-content\/uploads\/2020\/05\/Hydraulique-2-780x586.png 780w, https:\/\/csf.ensma.fr\/wp-content\/uploads\/2020\/05\/Hydraulique-2-250x188.png 250w\" sizes=\"(max-width: 299px) 100vw, 299px\" \/><\/figure><\/div>\n\n\n\n<p>Nous projetons d\u2019effectuer une grosse op\u00e9ration de maintenance sur la jonction entre le forage et les trois r\u00e9serves du centre. L\u2019objectif est de r\u00e9duire drastiquement les pertes et donc le prix de l\u2019eau. De plus nous voulons proposer des prolongements avec, si n\u00e9cessaire, des pompes de circulation permettant d\u2019alimenter une plus vaste partie de la communaut\u00e9 rurale.<\/p>\n\n\n\n<p>Pour ce faire, nous comptons collaborer avec des instituts sp\u00e9cialis\u00e9s dans ce domaine, comme d\u2019autres \u00e9coles d\u2019ing\u00e9nieurs, des op\u00e9rateurs de travaux publics ou encore des groupes industriels.<br>En savoir plus sur nos collaborateur :\u00a0<a rel=\"noreferrer noopener\" href=\"https:\/\/csf.ensma.fr\/?page_id=776\" target=\"_blank\">cliquez ici<\/a>.<\/p>\n\n\n\n<div style=\"height:20px\" aria-hidden=\"true\" class=\"wp-block-spacer\"><\/div>\n\n\n\n<hr class=\"wp-block-separator\"\/>\n\n\n\n<p>Retrouvez aussi le reste du projet :<\/p>\n\n\n\n<ul><li><a href=\"https:\/\/csf.ensma.fr\/?page_id=137\">Le projet<\/a><\/li><li><a href=\"https:\/\/csf.ensma.fr\/?page_id=762\">Syst\u00e8me de stockage laitier<\/a><\/li><li><a href=\"https:\/\/csf.ensma.fr\/?page_id=313\">\u00c9oliennes individuelles<\/a><\/li><li><a href=\"https:\/\/csf.ensma.fr\/?page_id=774\">Activit\u00e9s p\u00e9dagogiques<\/a><\/li><li><a href=\"https:\/\/csf.ensma.fr\/?page_id=772\">Mara\u00eechage<\/a><\/li><li><a href=\"https:\/\/csf.ensma.fr\/?page_id=764\">Collectes<\/a><\/li><\/ul>\n\n\n\n<hr class=\"wp-block-separator\"\/>\n","protected":false},"excerpt":{"rendered":"<p>Boulal dispose de riches ressources en eau mais peine \u00e0 les exploiter pour en faire b\u00e9n\u00e9ficier le plus grand nombre d\u2019usagers. Au total sept forages fournissent les 14 000 habitants de la communaut\u00e9. Cependant, la majorit\u00e9 d\u2019entre eux doit marcher <a class=\"more-link\" href=\"https:\/\/csf.ensma.fr\/?page_id=768\">En savoir plus&#8230;<\/a><\/p>\n","protected":false},"author":10,"featured_media":0,"parent":0,"menu_order":0,"comment_status":"open","ping_status":"closed","template":"","meta":{"_mi_skip_tracking":false,"_monsterinsights_sitenote_active":false,"_monsterinsights_sitenote_note":"","_monsterinsights_sitenote_category":0},"aioseo_notices":[],"_links":{"self":[{"href":"https:\/\/csf.ensma.fr\/index.php?rest_route=\/wp\/v2\/pages\/768"}],"collection":[{"href":"https:\/\/csf.ensma.fr\/index.php?rest_route=\/wp\/v2\/pages"}],"about":[{"href":"https:\/\/csf.ensma.fr\/index.php?rest_route=\/wp\/v2\/types\/page"}],"author":[{"embeddable":true,"href":"https:\/\/csf.ensma.fr\/index.php?rest_route=\/wp\/v2\/users\/10"}],"replies":[{"embeddable":true,"href":"https:\/\/csf.ensma.fr\/index.php?rest_route=%2Fwp%2Fv2%2Fcomments&post=768"}],"version-history":[{"count":8,"href":"https:\/\/csf.ensma.fr\/index.php?rest_route=\/wp\/v2\/pages\/768\/revisions"}],"predecessor-version":[{"id":937,"href":"https:\/\/csf.ensma.fr\/index.php?rest_route=\/wp\/v2\/pages\/768\/revisions\/937"}],"wp:attachment":[{"href":"https:\/\/csf.ensma.fr\/index.php?rest_route=%2Fwp%2Fv2%2Fmedia&parent=768"}],"curies":[{"name":"wp","href":"https:\/\/api.w.org\/{rel}","templated":true}]}}