{"id":772,"date":"2020-05-07T00:14:02","date_gmt":"2020-05-06T22:14:02","guid":{"rendered":"https:\/\/csf.ensma.fr\/?page_id=772"},"modified":"2020-05-24T13:37:12","modified_gmt":"2020-05-24T11:37:12","slug":"maraichage","status":"publish","type":"page","link":"https:\/\/csf.ensma.fr\/?page_id=772","title":{"rendered":"Mara\u00eechage"},"content":{"rendered":"\n<div class=\"wp-block-image\"><figure class=\"aligncenter size-large is-resized\"><img decoding=\"async\" loading=\"lazy\" src=\"https:\/\/csf.ensma.fr\/wp-content\/uploads\/2020\/05\/Maraichage-scaled-e1590249539782-1024x433.jpg\" alt=\"\" class=\"wp-image-920\" width=\"1448\" height=\"613\" srcset=\"https:\/\/csf.ensma.fr\/wp-content\/uploads\/2020\/05\/Maraichage-scaled-e1590249539782-1024x433.jpg 1024w, https:\/\/csf.ensma.fr\/wp-content\/uploads\/2020\/05\/Maraichage-scaled-e1590249539782-300x127.jpg 300w, https:\/\/csf.ensma.fr\/wp-content\/uploads\/2020\/05\/Maraichage-scaled-e1590249539782-768x324.jpg 768w, https:\/\/csf.ensma.fr\/wp-content\/uploads\/2020\/05\/Maraichage-scaled-e1590249539782-1536x649.jpg 1536w, https:\/\/csf.ensma.fr\/wp-content\/uploads\/2020\/05\/Maraichage-scaled-e1590249539782-2048x865.jpg 2048w\" sizes=\"(max-width: 1448px) 100vw, 1448px\" \/><\/figure><\/div>\n\n\n\n<p>Un groupe de femmes dynamiques du village s\u2019est mobilis\u00e9 dans le d\u00e9veloppement d\u2019une coop\u00e9rative. Elles d\u00e9tiennent une r\u00e9elle envie de faire \u00e9voluer leurs conditions. Une activit\u00e9 de mara\u00eechage est n\u00e9e bien que la plupart d\u2019entre elles soient relativement \u00e2g\u00e9es. Un terrain d\u2019un hectare est \u00e0 leur disposition, dont seule une petite parcelle est exploit\u00e9e. L\u2019initiative est partiellement soutenue par la mairie dans le don de mat\u00e9riel et le financement de l\u2019apport en eau n\u00e9cessaire.&nbsp;<\/p>\n\n\n\n<p><br>La probl\u00e9matique principale est la p\u00e9nibilit\u00e9 du travail de la terre les rendant d\u00e9pendante d\u2019un soutient ext\u00e9rieur. L\u2019agriculture n\u2019est pas un savoir traditionnel dans cette r\u00e9gion d\u2019\u00e9leveurs. Le mat\u00e9riel disponible et les&nbsp; comp\u00e9tences restent limit\u00e9es mais pas leur motivation. D&#8217;autant plus que la terre s\u2019av\u00e8re fertile.<\/p>\n\n\n\n<hr class=\"wp-block-separator\"\/>\n\n\n\n<p class=\"has-normal-font-size\"><strong>Nous percevons dans cette d\u00e9marche un potentiel tr\u00e8s important, pouvant s\u2019\u00e9tendre \u00e0 d\u2019autres terrains de la communaut\u00e9.&nbsp;<\/strong><\/p>\n\n\n\n<hr class=\"wp-block-separator\"\/>\n\n\n\n<p>En tant qu\u2019Ensmatique nous ne disposons pas de comp\u00e9tence en la mati\u00e8re. Une collaboration est en cours de r\u00e9alisation avec l\u2019association Ing\u00e9nieurs Sans Fronti\u00e8res de l\u2019Ecole d\u2019Agronomie de Bordeaux. Nous envisageons que des \u00e9l\u00e8ves puissent se rendre \u00e0 Boulal pour y apporter un soutien \u00e9ducatif et des semences adapt\u00e9es \u00e0 leur environnement.<br>En savoir plus sur nos collaborateur :&nbsp;<a rel=\"noreferrer noopener\" href=\"https:\/\/csf.ensma.fr\/?page_id=776\" target=\"_blank\">cliquez ici<\/a>.<\/p>\n\n\n\n<div style=\"height:20px\" aria-hidden=\"true\" class=\"wp-block-spacer\"><\/div>\n\n\n\n<hr class=\"wp-block-separator\"\/>\n\n\n\n<p>Retrouvez aussi le reste du projet :<\/p>\n\n\n\n<ul><li><a href=\"https:\/\/csf.ensma.fr\/?page_id=137\">Le projet<\/a><\/li><li><a href=\"https:\/\/csf.ensma.fr\/?page_id=762\">Syst\u00e8me de stockage laitier<\/a><\/li><li><a href=\"https:\/\/csf.ensma.fr\/?page_id=313\">\u00c9oliennes individuelles<\/a><\/li><li><a href=\"https:\/\/csf.ensma.fr\/?page_id=768\">R\u00e9seau hydraulique<\/a><\/li><li><a href=\"https:\/\/csf.ensma.fr\/?page_id=774\">Activit\u00e9s p\u00e9dagogiques<\/a><\/li><li><a href=\"https:\/\/csf.ensma.fr\/?page_id=764\">Collectes<\/a><\/li><\/ul>\n\n\n\n<hr class=\"wp-block-separator\"\/>\n","protected":false},"excerpt":{"rendered":"<p>Un groupe de femmes dynamiques du village s\u2019est mobilis\u00e9 dans le d\u00e9veloppement d\u2019une coop\u00e9rative. Elles d\u00e9tiennent une r\u00e9elle envie de faire \u00e9voluer leurs conditions. Une activit\u00e9 de mara\u00eechage est n\u00e9e bien que la plupart d\u2019entre elles soient relativement \u00e2g\u00e9es. Un <a class=\"more-link\" href=\"https:\/\/csf.ensma.fr\/?page_id=772\">En savoir plus&#8230;<\/a><\/p>\n","protected":false},"author":10,"featured_media":0,"parent":0,"menu_order":0,"comment_status":"open","ping_status":"closed","template":"","meta":{"_mi_skip_tracking":false,"_monsterinsights_sitenote_active":false,"_monsterinsights_sitenote_note":"","_monsterinsights_sitenote_category":0},"aioseo_notices":[],"_links":{"self":[{"href":"https:\/\/csf.ensma.fr\/index.php?rest_route=\/wp\/v2\/pages\/772"}],"collection":[{"href":"https:\/\/csf.ensma.fr\/index.php?rest_route=\/wp\/v2\/pages"}],"about":[{"href":"https:\/\/csf.ensma.fr\/index.php?rest_route=\/wp\/v2\/types\/page"}],"author":[{"embeddable":true,"href":"https:\/\/csf.ensma.fr\/index.php?rest_route=\/wp\/v2\/users\/10"}],"replies":[{"embeddable":true,"href":"https:\/\/csf.ensma.fr\/index.php?rest_route=%2Fwp%2Fv2%2Fcomments&post=772"}],"version-history":[{"count":9,"href":"https:\/\/csf.ensma.fr\/index.php?rest_route=\/wp\/v2\/pages\/772\/revisions"}],"predecessor-version":[{"id":952,"href":"https:\/\/csf.ensma.fr\/index.php?rest_route=\/wp\/v2\/pages\/772\/revisions\/952"}],"wp:attachment":[{"href":"https:\/\/csf.ensma.fr\/index.php?rest_route=%2Fwp%2Fv2%2Fmedia&parent=772"}],"curies":[{"name":"wp","href":"https:\/\/api.w.org\/{rel}","templated":true}]}}