{"id":774,"date":"2020-05-07T00:14:58","date_gmt":"2020-05-06T22:14:58","guid":{"rendered":"https:\/\/csf.ensma.fr\/?page_id=774"},"modified":"2020-05-27T16:18:07","modified_gmt":"2020-05-27T14:18:07","slug":"activites-pedagogiques","status":"publish","type":"page","link":"https:\/\/csf.ensma.fr\/?page_id=774","title":{"rendered":"Activit\u00e9s p\u00e9dagogiques"},"content":{"rendered":"\n<blockquote class=\"wp-block-quote is-style-large\"><p><strong><em>Donne un poisson \u00e0 un homme, il mangera un jour. Apprends lui \u00e0 p\u00eacher, il mangera toute sa vie<\/em><\/strong>.<\/p><\/blockquote>\n\n\n\n<p>Cet adage nombreuse fois r\u00e9p\u00e9t\u00e9 par les membres de la communaut\u00e9 a pleinement fait \u00e9cho dans nos esprits. Notre action n\u2019a de sens que si elle aboutie \u00e0 l\u2019autonomisation et l\u2019ind\u00e9pendance de la population. Nous esp\u00e9rons inspirer&nbsp; les jeunes g\u00e9n\u00e9rations de Boulal \u00e0 s\u2019int\u00e9resser aux sciences et \u00e0 la fabrication de petites technologies. L\u2019int\u00e9r\u00eat consiste \u00e0 pouvoir penser puis trouver les solutions de ses propres probl\u00e9matiques.&nbsp;<\/p>\n\n\n\n<div class=\"wp-block-image\"><figure class=\"alignright size-large is-resized\"><img decoding=\"async\" loading=\"lazy\" src=\"https:\/\/csf.ensma.fr\/wp-content\/uploads\/2020\/05\/Activit\u00e9-1024x759.jpg\" alt=\"\" class=\"wp-image-927\" width=\"459\" height=\"339\"\/><\/figure><\/div>\n\n\n\n<p>Nous souhaitons mettre en place des ateliers ludiques autour de technologie simple et facile \u00e0 mettre en \u0153uvre. Actuellement, nous sommes concentr\u00e9s&nbsp; sur la conception d\u2019ateliers de fabrication de fours solaires et d\u2019a\u00e9rog\u00e9n\u00e9rateurs avec des mat\u00e9riaux de r\u00e9cup\u00e9ration.<\/p>\n\n\n\n<p>Lors de notre visite dans l\u2019\u00e9cole du village, la fascination des jeunes \u00e9tudiants pour les petites maquettes de technologies que nous leur pr\u00e9sentions, nous a extr\u00eamement marqu\u00e9. C\u2019est un potentiel \u00e0 saisir.&nbsp;<\/p>\n\n\n\n<div style=\"height:20px\" aria-hidden=\"true\" class=\"wp-block-spacer\"><\/div>\n\n\n\n<p>Dans cette d\u00e9marche nous allons saisir le soutien des \u00e9tudiants de l\u2019Ecole Polytechnique de Thi\u00e8s.&nbsp; <br>En savoir plus sur nos collaborateur : <a href=\"https:\/\/csf.ensma.fr\/?page_id=776\" target=\"_blank\" rel=\"noreferrer noopener\">cliquez ici<\/a>.<\/p>\n\n\n\n<div style=\"height:20px\" aria-hidden=\"true\" class=\"wp-block-spacer\"><\/div>\n\n\n\n<hr class=\"wp-block-separator\"\/>\n\n\n\n<p>Retrouvez aussi le reste du projet :<\/p>\n\n\n\n<ul><li><a href=\"https:\/\/csf.ensma.fr\/?page_id=137\">Le projet<\/a><\/li><li><a href=\"https:\/\/csf.ensma.fr\/?page_id=762\">Syst\u00e8me de stockage laitier<\/a><\/li><li><a href=\"https:\/\/csf.ensma.fr\/?page_id=313\">\u00c9oliennes individuelles<\/a><\/li><li><a href=\"https:\/\/csf.ensma.fr\/?page_id=768\">R\u00e9seau hydraulique<\/a><\/li><li><a href=\"https:\/\/csf.ensma.fr\/?page_id=772\">Mara\u00eechage<\/a><\/li><li><a href=\"https:\/\/csf.ensma.fr\/?page_id=764\">Collectes<\/a><\/li><\/ul>\n\n\n\n<hr class=\"wp-block-separator\"\/>\n","protected":false},"excerpt":{"rendered":"<p>Donne un poisson \u00e0 un homme, il mangera un jour. Apprends lui \u00e0 p\u00eacher, il mangera toute sa vie. Cet adage nombreuse fois r\u00e9p\u00e9t\u00e9 par les membres de la communaut\u00e9 a pleinement fait \u00e9cho dans nos esprits. Notre action n\u2019a <a class=\"more-link\" href=\"https:\/\/csf.ensma.fr\/?page_id=774\">En savoir plus&#8230;<\/a><\/p>\n","protected":false},"author":10,"featured_media":0,"parent":0,"menu_order":0,"comment_status":"open","ping_status":"closed","template":"","meta":{"_mi_skip_tracking":false,"_monsterinsights_sitenote_active":false,"_monsterinsights_sitenote_note":"","_monsterinsights_sitenote_category":0},"aioseo_notices":[],"_links":{"self":[{"href":"https:\/\/csf.ensma.fr\/index.php?rest_route=\/wp\/v2\/pages\/774"}],"collection":[{"href":"https:\/\/csf.ensma.fr\/index.php?rest_route=\/wp\/v2\/pages"}],"about":[{"href":"https:\/\/csf.ensma.fr\/index.php?rest_route=\/wp\/v2\/types\/page"}],"author":[{"embeddable":true,"href":"https:\/\/csf.ensma.fr\/index.php?rest_route=\/wp\/v2\/users\/10"}],"replies":[{"embeddable":true,"href":"https:\/\/csf.ensma.fr\/index.php?rest_route=%2Fwp%2Fv2%2Fcomments&post=774"}],"version-history":[{"count":9,"href":"https:\/\/csf.ensma.fr\/index.php?rest_route=\/wp\/v2\/pages\/774\/revisions"}],"predecessor-version":[{"id":2074,"href":"https:\/\/csf.ensma.fr\/index.php?rest_route=\/wp\/v2\/pages\/774\/revisions\/2074"}],"wp:attachment":[{"href":"https:\/\/csf.ensma.fr\/index.php?rest_route=%2Fwp%2Fv2%2Fmedia&parent=774"}],"curies":[{"name":"wp","href":"https:\/\/api.w.org\/{rel}","templated":true}]}}